{"id":98615,"date":"2026-03-17T13:00:46","date_gmt":"2026-03-17T11:00:46","guid":{"rendered":"https:\/\/kasima.lt\/produktas\/merlo-hidrauline-kelimo-gerve\/"},"modified":"2026-04-15T09:44:21","modified_gmt":"2026-04-15T07:44:21","slug":"merlo-hidrauline-kelimo-gerve","status":"publish","type":"product","link":"https:\/\/kasima.lt\/ru\/produktas\/merlo-hidrauline-kelimo-gerve\/","title":{"rendered":"Merlo hidraulin\u0117 k\u0117limo gerv\u0117"},"content":{"rendered":"<p>Merlo hidraulin\u0117 k\u0117limo gerv\u0117.<\/p>\n<p>Specifikacija:<\/p>\n<p>B\u016bkl\u0117: naudota<br \/>\nSvoris: 220 kg<br \/>\nMaksimalus k\u0117limo svoris: 1 500 kg<\/p>\n","protected":false},"excerpt":{"rendered":"<p>Kaina be PVM<\/p>\n<p>Gamintojas: TRE EMME<br \/>\nModelis: FV150.ZM2<br \/>\nSkambinkite: <a href=\"tel:+37067607071\">+37067607071<\/a><br \/>\nRa\u0161ykite: <a href=\"mailto:sales@kasima.lt\">sales@kasima.lt<\/a><\/p>\n","protected":false},"featured_media":98535,"template":"","meta":{"_et_pb_use_builder":"","_et_pb_old_content":"","_et_gb_content_width":"","_monsterinsights_skip_tracking":false,"_monsterinsights_sitenote_active":false,"_monsterinsights_sitenote_note":"","_monsterinsights_sitenote_category":0},"product_brand":[],"product_cat":[121,136,137,173,240,133],"product_tag":[],"class_list":{"0":"post-98615","1":"product","2":"type-product","3":"status-publish","4":"has-post-thumbnail","6":"product_cat-3-5-","7":"product_cat-5-7-","8":"product_cat-7-10-","9":"product_cat-b--","10":"product_cat-240","11":"product_cat-133","13":"first","14":"instock","15":"shipping-taxable","16":"purchasable","17":"product-type-simple"},"aioseo_notices":[],"_links":{"self":[{"href":"https:\/\/kasima.lt\/ru\/wp-json\/wp\/v2\/product\/98615","targetHints":{"allow":["GET"]}}],"collection":[{"href":"https:\/\/kasima.lt\/ru\/wp-json\/wp\/v2\/product"}],"about":[{"href":"https:\/\/kasima.lt\/ru\/wp-json\/wp\/v2\/types\/product"}],"wp:featuredmedia":[{"embeddable":true,"href":"https:\/\/kasima.lt\/ru\/wp-json\/wp\/v2\/media\/98535"}],"wp:attachment":[{"href":"https:\/\/kasima.lt\/ru\/wp-json\/wp\/v2\/media?parent=98615"}],"wp:term":[{"taxonomy":"product_brand","embeddable":true,"href":"https:\/\/kasima.lt\/ru\/wp-json\/wp\/v2\/product_brand?post=98615"},{"taxonomy":"product_cat","embeddable":true,"href":"https:\/\/kasima.lt\/ru\/wp-json\/wp\/v2\/product_cat?post=98615"},{"taxonomy":"product_tag","embeddable":true,"href":"https:\/\/kasima.lt\/ru\/wp-json\/wp\/v2\/product_tag?post=98615"}],"curies":[{"name":"wp","href":"https:\/\/api.w.org\/{rel}","templated":true}]}}