{"id":97667,"date":"2026-03-12T08:47:46","date_gmt":"2026-03-12T06:47:46","guid":{"rendered":"https:\/\/kasima.lt\/produktas\/jcb-kolektoriaus-blokas\/"},"modified":"2026-03-12T09:37:04","modified_gmt":"2026-03-12T07:37:04","slug":"jcb-kolektoriaus-blokas","status":"publish","type":"product","link":"https:\/\/kasima.lt\/ru\/produktas\/jcb-kolektoriaus-blokas\/","title":{"rendered":"JCB kolektora bloks"},"content":{"rendered":"<p>Ori\u0123in\u0101la lietota deta\u013ca, iz\u0146emta no JCB JS130W (2007)<br \/>\nOEM deta\u013ca JCB celtniec\u012bbas tehnikai<br \/>\nPiln\u012bb\u0101 p\u0101rbaud\u012bta un gatava uzst\u0101d\u012b\u0161anai.<br \/>\nPieg\u0101de vis\u0101 pasaul\u0113.<br \/>\nSvars un izm\u0113ri pieg\u0101dei:<br \/>\n\u2022 aptuveni 10 kg<br \/>\n\u2022 200 x 200 x 100 mm<br \/>\nKataloga numurs:<br \/>\n\u2022 JLA0451<br \/>\n\u2022 JLA0451 X-B<br \/>\n\u2022 OCUKBB1679-A<\/p>\n","protected":false},"excerpt":{"rendered":"<p>\u0426\u0435\u043d\u0430 \u0431\u0435\u0437 \u041d\u0414\u0421<\/p>\n<p>\u041f\u0440\u043e\u0438\u0437\u0432\u043e\u0434\u0438\u0442\u0435\u043b\u044c: JCB<br \/>\n\u041c\u043e\u0434\u0435\u043b\u044c: JS130W077<br \/>\n\u0422\u0435\u043b\u0435\u0444\u043e\u043d: <a href=\"tel:+37060842988\">+37060842988<\/a><br \/>\n\u042d\u043b\u0435\u043a\u0442\u0440\u043e\u043d\u043d\u0430\u044f \u043f\u043e\u0447\u0442\u0430: <a href=\"mailto:usedparts@kasima.lt\">usedparts@kasima.lt<\/a><\/p>\n","protected":false},"featured_media":97653,"template":"","meta":{"_et_pb_use_builder":"","_et_pb_old_content":"","_et_gb_content_width":"","_monsterinsights_skip_tracking":false,"_monsterinsights_sitenote_active":false,"_monsterinsights_sitenote_note":"","_monsterinsights_sitenote_category":0},"product_brand":[],"product_cat":[444,858,634,317,686,453],"product_tag":[],"class_list":{"0":"post-97667","1":"product","2":"type-product","3":"status-publish","4":"has-post-thumbnail","6":"product_cat-jcb-","7":"product_cat-js130w-2007","8":"product_cat-634","9":"product_cat-317","10":"product_cat-686","11":"product_cat-453","13":"first","14":"instock","15":"shipping-taxable","16":"purchasable","17":"product-type-simple"},"aioseo_notices":[],"_links":{"self":[{"href":"https:\/\/kasima.lt\/ru\/wp-json\/wp\/v2\/product\/97667","targetHints":{"allow":["GET"]}}],"collection":[{"href":"https:\/\/kasima.lt\/ru\/wp-json\/wp\/v2\/product"}],"about":[{"href":"https:\/\/kasima.lt\/ru\/wp-json\/wp\/v2\/types\/product"}],"wp:featuredmedia":[{"embeddable":true,"href":"https:\/\/kasima.lt\/ru\/wp-json\/wp\/v2\/media\/97653"}],"wp:attachment":[{"href":"https:\/\/kasima.lt\/ru\/wp-json\/wp\/v2\/media?parent=97667"}],"wp:term":[{"taxonomy":"product_brand","embeddable":true,"href":"https:\/\/kasima.lt\/ru\/wp-json\/wp\/v2\/product_brand?post=97667"},{"taxonomy":"product_cat","embeddable":true,"href":"https:\/\/kasima.lt\/ru\/wp-json\/wp\/v2\/product_cat?post=97667"},{"taxonomy":"product_tag","embeddable":true,"href":"https:\/\/kasima.lt\/ru\/wp-json\/wp\/v2\/product_tag?post=97667"}],"curies":[{"name":"wp","href":"https:\/\/api.w.org\/{rel}","templated":true}]}}