{"id":91275,"date":"2026-01-08T11:50:37","date_gmt":"2026-01-08T11:50:37","guid":{"rendered":"https:\/\/kasima.lt\/produktas\/hamm-hd-075v-tandeminis-asfalto-volas\/"},"modified":"2026-04-10T11:36:47","modified_gmt":"2026-04-10T09:36:47","slug":"hamm-hd-075v-tandeminis-asfalto-volas","status":"publish","type":"product","link":"https:\/\/kasima.lt\/ru\/produktas\/hamm-hd-075v-tandeminis-asfalto-volas\/","title":{"rendered":"Hamm HD 075V tandeminis asfalto volas"},"content":{"rendered":"<p>Hamm HD 075V tandeminis asfalto volas<\/p>\n<p>Metai: 2006<br \/>\nVariklis Deutz 60 kW<br \/>\nMotovalandos: 8 305<br \/>\nTipas: Vibracinis, dviej\u0173 b\u016bgn\u0173<br \/>\nB\u016bgno plotis: 168 cm<br \/>\nSkaldos barstytuvas<br \/>\nAsfalto kra\u0161to pjovimo ir sutankinimo \u012frenginys<br \/>\nAsfalto temperat\u016bros matuoklis<br \/>\nGausi \u012frangos komplektacija<\/p>\n<p>B\u016bkl\u0117: Naudotas, techni\u0161kai tvarkingas<\/p>\n<p>Paruo\u0161tas darbui.<br \/>\nGalima ap\u017ei\u016bra ir testavimas UAB KASIMA aik\u0161tel\u0117je.<br \/>\nGalimas pristatymas kliento nurodytu adresu<\/p>\n<p><iframe loading=\"lazy\" title=\"Hamm HD 075V \u2502 UAB KASIMA\" width=\"1080\" height=\"608\" src=\"https:\/\/www.youtube.com\/embed\/QcJx0IDS4yE?feature=oembed\"  allow=\"accelerometer; autoplay; clipboard-write; encrypted-media; gyroscope; picture-in-picture; web-share\" referrerpolicy=\"strict-origin-when-cross-origin\" allowfullscreen><\/iframe><\/p>\n","protected":false},"excerpt":{"rendered":"<p>Kaina be PVM<\/p>\n<p>Gamintojas: Hamm<br \/>\nModelis: HD 075V<br \/>\nSkambinkite: <a href=\"tel:+37067607071\">+37067607071<\/a><br \/>\nRa\u0161ykite: <a href=\"mailto:sales@kasima.lt\">sales@kasima.lt<\/a><\/p>\n","protected":false},"featured_media":91060,"template":"","meta":{"_et_pb_use_builder":"","_et_pb_old_content":"","_et_gb_content_width":"","_monsterinsights_skip_tracking":false,"_monsterinsights_sitenote_active":false,"_monsterinsights_sitenote_note":"","_monsterinsights_sitenote_category":0},"product_brand":[],"product_cat":[130],"product_tag":[],"class_list":{"0":"post-91275","1":"product","2":"type-product","3":"status-publish","4":"has-post-thumbnail","6":"product_cat-130","8":"first","9":"instock","10":"shipping-taxable","11":"purchasable","12":"product-type-simple"},"aioseo_notices":[],"_links":{"self":[{"href":"https:\/\/kasima.lt\/ru\/wp-json\/wp\/v2\/product\/91275","targetHints":{"allow":["GET"]}}],"collection":[{"href":"https:\/\/kasima.lt\/ru\/wp-json\/wp\/v2\/product"}],"about":[{"href":"https:\/\/kasima.lt\/ru\/wp-json\/wp\/v2\/types\/product"}],"wp:featuredmedia":[{"embeddable":true,"href":"https:\/\/kasima.lt\/ru\/wp-json\/wp\/v2\/media\/91060"}],"wp:attachment":[{"href":"https:\/\/kasima.lt\/ru\/wp-json\/wp\/v2\/media?parent=91275"}],"wp:term":[{"taxonomy":"product_brand","embeddable":true,"href":"https:\/\/kasima.lt\/ru\/wp-json\/wp\/v2\/product_brand?post=91275"},{"taxonomy":"product_cat","embeddable":true,"href":"https:\/\/kasima.lt\/ru\/wp-json\/wp\/v2\/product_cat?post=91275"},{"taxonomy":"product_tag","embeddable":true,"href":"https:\/\/kasima.lt\/ru\/wp-json\/wp\/v2\/product_tag?post=91275"}],"curies":[{"name":"wp","href":"https:\/\/api.w.org\/{rel}","templated":true}]}}