{"id":90886,"date":"2026-01-05T00:16:55","date_gmt":"2026-01-05T00:16:55","guid":{"rendered":"https:\/\/kasima.lt\/produktas\/volvo-ec240lc-hidrauline-greitoji-jungtis\/"},"modified":"2026-04-02T12:34:14","modified_gmt":"2026-04-02T10:34:14","slug":"volvo-ec240lc-hidrauline-greitoji-jungtis","status":"publish","type":"product","link":"https:\/\/kasima.lt\/ru\/produktas\/volvo-ec240lc-hidrauline-greitoji-jungtis\/","title":{"rendered":"Volvo EC240LC hidraulin\u0117 greitoji jungtis"},"content":{"rendered":"<p>Volvo EC240LC hidraulin\u0117 greita jungtis. Skirta greitam ir saugiam pried\u0173 keitimui.\u00a0<\/p>\n<p>SPECIFIKACIJA:<br \/>\nU\u017erakto tipas: hidraulinis<br \/>\nKai\u0161\u010dio diametras: 90mm<br \/>\nAtstumas tarp str\u0117l\u0117s kai\u0161\u010di\u0173 centr\u0173: 510mm<br \/>\nEkskavatoriaus str\u0117l\u0117s plotis: 385mm<\/p>\n","protected":false},"excerpt":{"rendered":"<p>Kaina be PVM<\/p>\n<p>Gamintojas: Volvo<br \/>\nModelis: EC240LC<br \/>\nSkambinkite: <a href=\"tel:+37067607071\">+37067607071<\/a><br \/>\nRa\u0161ykite: <a href=\"mailto:sales@kasima.lt\">sales@kasima.lt<\/a><\/p>\n","protected":false},"featured_media":90766,"template":"","meta":{"_et_pb_use_builder":"","_et_pb_old_content":"","_et_gb_content_width":"","_monsterinsights_skip_tracking":false,"_monsterinsights_sitenote_active":false,"_monsterinsights_sitenote_note":"","_monsterinsights_sitenote_category":0},"product_brand":[],"product_cat":[231,232,173,282,192],"product_tag":[],"class_list":{"0":"post-90886","1":"product","2":"type-product","3":"status-publish","4":"has-post-thumbnail","6":"product_cat-20-25-","7":"product_cat-25---","8":"product_cat-b--","9":"product_cat-282","10":"product_cat-192","12":"first","13":"instock","14":"shipping-taxable","15":"purchasable","16":"product-type-simple"},"aioseo_notices":[],"_links":{"self":[{"href":"https:\/\/kasima.lt\/ru\/wp-json\/wp\/v2\/product\/90886","targetHints":{"allow":["GET"]}}],"collection":[{"href":"https:\/\/kasima.lt\/ru\/wp-json\/wp\/v2\/product"}],"about":[{"href":"https:\/\/kasima.lt\/ru\/wp-json\/wp\/v2\/types\/product"}],"wp:featuredmedia":[{"embeddable":true,"href":"https:\/\/kasima.lt\/ru\/wp-json\/wp\/v2\/media\/90766"}],"wp:attachment":[{"href":"https:\/\/kasima.lt\/ru\/wp-json\/wp\/v2\/media?parent=90886"}],"wp:term":[{"taxonomy":"product_brand","embeddable":true,"href":"https:\/\/kasima.lt\/ru\/wp-json\/wp\/v2\/product_brand?post=90886"},{"taxonomy":"product_cat","embeddable":true,"href":"https:\/\/kasima.lt\/ru\/wp-json\/wp\/v2\/product_cat?post=90886"},{"taxonomy":"product_tag","embeddable":true,"href":"https:\/\/kasima.lt\/ru\/wp-json\/wp\/v2\/product_tag?post=90886"}],"curies":[{"name":"wp","href":"https:\/\/api.w.org\/{rel}","templated":true}]}}