{"id":74293,"date":"2025-10-17T06:11:07","date_gmt":"2025-10-17T06:11:07","guid":{"rendered":"https:\/\/kasima.lt\/produktas\/kubota-kx018-4\/"},"modified":"2026-01-08T21:39:55","modified_gmt":"2026-01-08T21:39:55","slug":"kubota-kx018-4","status":"publish","type":"product","link":"https:\/\/kasima.lt\/ru\/produktas\/kubota-kx018-4\/","title":{"rendered":"Kubota KX018-4"},"content":{"rendered":"<p>Kubota KX018-4<br \/>\nLietuvoje neeksploatuotas mini ekskavatorius<\/p>\n<p>Metai: 2020<br \/>\nVariklis: Kubota, 11,6 kW \/ 15,6 AG<br \/>\nDarbin\u0117 mas\u0117: apie 1,8 t<br \/>\nMotovalandos: 2 404<br \/>\nKau\u0161ai: komplekte 2 kau\u0161ai (planiravimo ir 2 kasimo kau\u0161ai)<br \/>\nVa\u017eiuokl\u0117: i\u0161siple\u010dianti<br \/>\nB\u016bkl\u0117: labai gera, paruo\u0161tas darbui<\/p>\n<p>Kompakti\u0161kas, manevringas ir patikimas mini ekskavatorius, tinkantis \u012fvairiems statybos, ap\u017eeldinimo ir teritorijos prie\u017ei\u016bros darbams.<br \/>\nI\u0161siple\u010dianti va\u017eiuokl\u0117 suteikia stabilumo ir leid\u017eia lengvai praeiti pro siauras vietas.<br \/>\nEkonomi\u0161kas ir tyliai veikiantis Kubota variklis u\u017etikrina patog\u0173 darb\u0105 net ribotoje erdv\u0117je.<\/p>\n<p><iframe loading=\"lazy\" title=\"Kubota KX018-4 \u2502 UAB KASIMA\" width=\"1080\" height=\"608\" src=\"https:\/\/www.youtube.com\/embed\/Q0xi-XEBKnc?feature=oembed\"  allow=\"accelerometer; autoplay; clipboard-write; encrypted-media; gyroscope; picture-in-picture; web-share\" referrerpolicy=\"strict-origin-when-cross-origin\" allowfullscreen><\/iframe><\/p>\n","protected":false},"excerpt":{"rendered":"<p>Kaina be PVM<\/p>\n<p>Gamintojas: Kubota<br \/>\nModelis: KX018-4<br \/>\nSkambinkite: <a href=\"tel:+37067607071\">+37067607071<\/a><br \/>\nRa\u0161ykite: <a href=\"mailto:sales@kasima.lt\">sales@kasima.lt<\/a><\/p>\n","protected":false},"featured_media":74143,"template":"","meta":{"_et_pb_use_builder":"","_et_pb_old_content":"","_et_gb_content_width":"","_monsterinsights_skip_tracking":false,"_monsterinsights_sitenote_active":false,"_monsterinsights_sitenote_note":"","_monsterinsights_sitenote_category":0},"product_brand":[],"product_cat":[779,114],"product_tag":[],"class_list":{"0":"post-74293","1":"product","2":"type-product","3":"status-publish","4":"has-post-thumbnail","6":"product_cat-779","7":"product_cat-114","9":"first","10":"outofstock","11":"shipping-taxable","12":"product-type-simple"},"aioseo_notices":[],"_links":{"self":[{"href":"https:\/\/kasima.lt\/ru\/wp-json\/wp\/v2\/product\/74293","targetHints":{"allow":["GET"]}}],"collection":[{"href":"https:\/\/kasima.lt\/ru\/wp-json\/wp\/v2\/product"}],"about":[{"href":"https:\/\/kasima.lt\/ru\/wp-json\/wp\/v2\/types\/product"}],"wp:featuredmedia":[{"embeddable":true,"href":"https:\/\/kasima.lt\/ru\/wp-json\/wp\/v2\/media\/74143"}],"wp:attachment":[{"href":"https:\/\/kasima.lt\/ru\/wp-json\/wp\/v2\/media?parent=74293"}],"wp:term":[{"taxonomy":"product_brand","embeddable":true,"href":"https:\/\/kasima.lt\/ru\/wp-json\/wp\/v2\/product_brand?post=74293"},{"taxonomy":"product_cat","embeddable":true,"href":"https:\/\/kasima.lt\/ru\/wp-json\/wp\/v2\/product_cat?post=74293"},{"taxonomy":"product_tag","embeddable":true,"href":"https:\/\/kasima.lt\/ru\/wp-json\/wp\/v2\/product_tag?post=74293"}],"curies":[{"name":"wp","href":"https:\/\/api.w.org\/{rel}","templated":true}]}}