{"id":74138,"date":"2025-10-16T22:50:54","date_gmt":"2025-10-16T22:50:54","guid":{"rendered":"https:\/\/kasima.lt\/produktas\/terex-mbr71-vibrovolas-682m-h\/"},"modified":"2025-11-14T12:55:26","modified_gmt":"2025-11-14T12:55:26","slug":"terex-mbr71-vibrovolas-682m-h","status":"publish","type":"product","link":"https:\/\/kasima.lt\/ru\/produktas\/terex-mbr71-vibrovolas-682m-h\/","title":{"rendered":"Terex MBR71 vibrovolas (682m\/h)"},"content":{"rendered":"<p>Terex MBR71<br \/>\nvibrovolas su priekaba skirta perve\u017eimui<br \/>\nLietuvoje neeksploatuotas <\/p>\n<p>Variklis: dyzelinis<br \/>\nMotovalandos: 682<br \/>\nDarbin\u0117 mas\u0117: apie 500 kg.<br \/>\nDarbinis plotis: 710 mm<br \/>\nPriekaba transportavimui<br \/>\nLaistymo vandeniu funkcija<br \/>\nB\u016bkl\u0117: tvarkingas, pilnai paruo\u0161tas darbui<\/p>\n<p>Kompakti\u0161kas ir patikimas vienb\u016bgnis vibrovolas, tinkamas asfaltavimo, kelio remonto ir grunto tankinimo darbams ribotose vietose.<br \/>\nLengvas valdymas, ekonomi\u0161kas variklis ir tvirta konstrukcija u\u017etikrina ilgaam\u017ei\u0161kum\u0105 bei ma\u017eas prie\u017ei\u016bros i\u0161laidas.<br \/>\nTransportavimo priekaba patogiam ir saugiam transportavimui.<\/p>\n<p><iframe loading=\"lazy\" title=\"Terex MBR71 (682m\/h) \u2502 UAB KASIMA\" width=\"1080\" height=\"608\" src=\"https:\/\/www.youtube.com\/embed\/PK1zkgk3CJk?feature=oembed\"  allow=\"accelerometer; autoplay; clipboard-write; encrypted-media; gyroscope; picture-in-picture; web-share\" referrerpolicy=\"strict-origin-when-cross-origin\" allowfullscreen><\/iframe><\/p>\n","protected":false},"excerpt":{"rendered":"<p>Kaina be PVM<\/p>\n<p>Gamintojas: Terex<br \/>\nModelis: MBR71<br \/>\nSkambinkite: <a href=\"tel:+37067607071\">+37067607071<\/a><br \/>\nRa\u0161ykite: <a href=\"mailto:sales@kasima.lt\">sales@kasima.lt<\/a><\/p>\n","protected":false},"featured_media":74018,"template":"","meta":{"_et_pb_use_builder":"","_et_pb_old_content":"","_et_gb_content_width":"","_monsterinsights_skip_tracking":false,"_monsterinsights_sitenote_active":false,"_monsterinsights_sitenote_note":"","_monsterinsights_sitenote_category":0},"product_brand":[],"product_cat":[779,130,114],"product_tag":[],"class_list":{"0":"post-74138","1":"product","2":"type-product","3":"status-publish","4":"has-post-thumbnail","6":"product_cat-779","7":"product_cat-130","8":"product_cat-114","10":"first","11":"instock","12":"shipping-taxable","13":"purchasable","14":"product-type-simple"},"aioseo_notices":[],"_links":{"self":[{"href":"https:\/\/kasima.lt\/ru\/wp-json\/wp\/v2\/product\/74138","targetHints":{"allow":["GET"]}}],"collection":[{"href":"https:\/\/kasima.lt\/ru\/wp-json\/wp\/v2\/product"}],"about":[{"href":"https:\/\/kasima.lt\/ru\/wp-json\/wp\/v2\/types\/product"}],"wp:featuredmedia":[{"embeddable":true,"href":"https:\/\/kasima.lt\/ru\/wp-json\/wp\/v2\/media\/74018"}],"wp:attachment":[{"href":"https:\/\/kasima.lt\/ru\/wp-json\/wp\/v2\/media?parent=74138"}],"wp:term":[{"taxonomy":"product_brand","embeddable":true,"href":"https:\/\/kasima.lt\/ru\/wp-json\/wp\/v2\/product_brand?post=74138"},{"taxonomy":"product_cat","embeddable":true,"href":"https:\/\/kasima.lt\/ru\/wp-json\/wp\/v2\/product_cat?post=74138"},{"taxonomy":"product_tag","embeddable":true,"href":"https:\/\/kasima.lt\/ru\/wp-json\/wp\/v2\/product_tag?post=74138"}],"curies":[{"name":"wp","href":"https:\/\/api.w.org\/{rel}","templated":true}]}}