{"id":99337,"date":"2026-03-19T09:01:41","date_gmt":"2026-03-19T07:01:41","guid":{"rendered":"https:\/\/kasima.lt\/produktas\/wirtgen-ws220-grunto-stabilizatorius-ir-streumaster-sw3-fc-purkstuvas-barstytuvas\/"},"modified":"2026-03-19T09:15:10","modified_gmt":"2026-03-19T07:15:10","slug":"wirtgen-ws220-grunto-stabilizatorius-ir-streumaster-sw3-fc-purkstuvas-barstytuvas","status":"publish","type":"product","link":"https:\/\/kasima.lt\/lv\/produktas\/wirtgen-ws220-grunto-stabilizatorius-ir-streumaster-sw3-fc-purkstuvas-barstytuvas\/","title":{"rendered":"Wirtgen WS220 stabilizators un Streumaster SW3 FC smidzin\u0101t\u0101js\/kais\u012bt\u0101js"},"content":{"rendered":"<p>P\u0101rdo\u0161an\u0101 profesion\u0101ls un augstas veiktsp\u0113jas Wirtgen WS220 stabilizators un Streumaster SW3 FC smidzin\u0101t\u0101js\/kais\u012bt\u0101js.<\/p>\n<p>Wirtgen WS220:<\/p>\n<p>St\u0101voklis: \u013coti labs<br \/>\nApr\u012bkots ar \u0137\u012bmijas vai \u016bdens smidzin\u0101\u0161anas sist\u0113mu<br \/>\nDarba platums: 2 150 mm<br \/>\nDarba dzi\u013cums: l\u012bdz 500 mm<br \/>\nUnivers\u0101lums: efekt\u012bvi sajauc saistvielas (ka\u013c\u0137i, cementu) un sasmalcina cietu grunti vai veco asfalta segumu<br \/>\nKonstrukcija: \u012bpa\u0161i iztur\u012bgs korpuss un nodilumiztur\u012bgs trumulis, paredz\u0113ts darbam vissmag\u0101kajos apst\u0101k\u013cos<br \/>\nSader\u012bba: viegli pievienojams jaud\u012bgiem traktoriem caur PTO (jaudas no\u0146em\u0161anas v\u0101rpstu)<\/p>\n<p>Streumaster SW3 FC:<\/p>\n<p>St\u0101voklis: \u013coti labs<br \/>\nTilpums: 3 m\u00b3 (iesp\u0113jams palielin\u0101t l\u012bdz 5 m\u00b3)<br \/>\nKais\u012b\u0161anas\/smidzin\u0101\u0161anas platums: standarta 2 400 mm (ar regul\u0113jam\u0101m sekcij\u0101m)<\/p>\n<p>Jauns komplekts tika ieg\u0101d\u0101ts par 129 000 \u20ac + PVN<\/p>\n<p>Gatavs darbam.<br \/>\nIesp\u0113jama apskate un test\u0113\u0161ana UAB KASIMA teritorij\u0101.<br \/>\nIesp\u0113jama pieg\u0101de uz klienta nor\u0101d\u012bto adresi.<\/p>\n","protected":false},"excerpt":{"rendered":"<p>Cena bez PVN<\/p>\n<p>Ra\u017eot\u0101js: Wirtgen \/\/ Streumaster<br \/>\nModelis: WS220 \/\/ SW3 FC<br \/>\nZvans: <a href=\"tel:+37067607071\">+37067607071<\/a><br \/>\nE-pasts: <a href=\"mailto:sales@kasima.lt\">sales@kasima.lt<\/a><\/p>\n","protected":false},"featured_media":99135,"template":"","meta":{"_et_pb_use_builder":"","_et_pb_old_content":"","_et_gb_content_width":"","_monsterinsights_skip_tracking":false,"_monsterinsights_sitenote_active":false,"_monsterinsights_sitenote_note":"","_monsterinsights_sitenote_category":0},"product_brand":[],"product_cat":[208,149,150],"product_tag":[],"class_list":{"0":"post-99337","1":"product","2":"type-product","3":"status-publish","4":"has-post-thumbnail","6":"product_cat-celu-buvnieciba","7":"product_cat-buvnieciba","8":"product_cat-cita-tehnika","10":"first","11":"instock","12":"shipping-taxable","13":"purchasable","14":"product-type-simple"},"aioseo_notices":[],"_links":{"self":[{"href":"https:\/\/kasima.lt\/lv\/wp-json\/wp\/v2\/product\/99337","targetHints":{"allow":["GET"]}}],"collection":[{"href":"https:\/\/kasima.lt\/lv\/wp-json\/wp\/v2\/product"}],"about":[{"href":"https:\/\/kasima.lt\/lv\/wp-json\/wp\/v2\/types\/product"}],"wp:featuredmedia":[{"embeddable":true,"href":"https:\/\/kasima.lt\/lv\/wp-json\/wp\/v2\/media\/99135"}],"wp:attachment":[{"href":"https:\/\/kasima.lt\/lv\/wp-json\/wp\/v2\/media?parent=99337"}],"wp:term":[{"taxonomy":"product_brand","embeddable":true,"href":"https:\/\/kasima.lt\/lv\/wp-json\/wp\/v2\/product_brand?post=99337"},{"taxonomy":"product_cat","embeddable":true,"href":"https:\/\/kasima.lt\/lv\/wp-json\/wp\/v2\/product_cat?post=99337"},{"taxonomy":"product_tag","embeddable":true,"href":"https:\/\/kasima.lt\/lv\/wp-json\/wp\/v2\/product_tag?post=99337"}],"curies":[{"name":"wp","href":"https:\/\/api.w.org\/{rel}","templated":true}]}}