{"id":99035,"date":"2026-03-18T10:37:21","date_gmt":"2026-03-18T08:37:21","guid":{"rendered":"https:\/\/kasima.lt\/produktas\/volvo-p6820c-asfalto-klotuvas\/"},"modified":"2026-03-18T10:49:57","modified_gmt":"2026-03-18T08:49:57","slug":"volvo-p6820c-asfalto-klotuvas","status":"publish","type":"product","link":"https:\/\/kasima.lt\/lv\/produktas\/volvo-p6820c-asfalto-klotuvas\/","title":{"rendered":"Volvo P6820C asfalta iekl\u0101j\u0113js"},"content":{"rendered":"<p>P\u0101rdod asfaltkl\u0101j\u0113ju Volvo P6820C ABG (2014)<\/p>\n<p>K\u0101pur\u0137\u0113\u017eu asfaltkl\u0101j\u0113js, paredz\u0113ts profesion\u0101liem ce\u013cu b\u016bves darbiem.<\/p>\n<p>Apraksts:<br \/>\nGads: 2014<br \/>\nMoto stundas: 6675 h<br \/>\nDzin\u0113js: Volvo D6H<br \/>\nPa\u0161masa: apm. 18 500 kg (ar kl\u0101jplati)<br \/>\nBunkura ietilp\u012bba: 13,5 tonnas<br \/>\nKl\u0101\u0161anas \u0101trums: l\u012bdz 20 m\/min<br \/>\n\u0160asija: K\u0101pur\u0137\u0113\u017eu, ar neatkar\u012bgu hidrostatisko piedzi\u0146u katrai k\u0101pur\u0137\u0113dei, nodro\u0161inot izcilu stabilit\u0101ti un prec\u012bzu manevr\u0113\u0161anu<br \/>\nCentr\u0101l\u0101 e\u013c\u013co\u0161anas sist\u0113ma<br \/>\nVied\u0101 vad\u012bba: EPM II sist\u0113ma ar kr\u0101su displeju un \u201cSettings Manager\u201d funkciju \u013cauj saglab\u0101t un atjaunot darba parametrus, nodro\u0161inot nemain\u012bgu kvalit\u0101ti<\/p>\n<p>Kl\u0101jplate:<br \/>\nKl\u0101jplate VB781 (b\u0101zes platums 250 cm, hidrauliskais platums l\u012bdz 500 cm)<br \/>\nMaksim\u0101lais iesp\u0113jamais platums: l\u012bdz 900 cm<br \/>\nTampera frekvence: l\u012bdz 1500 apgr.\/min<br \/>\nVibr\u0101cijas frekvence: l\u012bdz 3000 apgr.\/min<br \/>\nSild\u012b\u0161anas sist\u0113ma: Elektrisk\u0101 (ar autom\u0101tisku temperat\u016bras kontroli), darbin\u0101ma no kl\u0101j\u0113ja \u0123eneratora <\/p>\n<p>Nivel\u0113\u0161anas sist\u0113ma: Volvo (MOBA-Matic II)<br \/>\nR\u016bpn\u012bc\u0101 integr\u0113ta Volvo\/MOBA 2D nivel\u0113\u0161anas sist\u0113ma, kas nodro\u0161ina augst\u0101ko kl\u0101\u0161anas precizit\u0101ti<br \/>\nVad\u012bba: Integr\u0113ta EPM II sist\u0113ma ar kr\u0101su LCD displeju galvenaj\u0101 panel\u012b. EPM II sist\u0113ma autom\u0101tiski atpaz\u012bst, kad kl\u0101j\u0113js apst\u0101jas (asfalta padeves pauze), un noblo\u0137\u0113 nivel\u0113\u0161anas cilindrus, lai kl\u0101jplate neiegrimtu karstaj\u0101 asfalt\u0101 un neveidotos iedobes.<br \/>\nS\u0101nu pultis: Divi digit\u0101lie MOBA-Matic II vad\u012bbas bloki uz kl\u0101jplates (kreisaj\u0101 un labaj\u0101 pus\u0113)<br \/>\nSensori: Sonic-Ski (ultraska\u0146as): Bezkontakta augstuma m\u0113r\u012b\u0161ana (ar vid\u0113jo\u0161anas funkciju), nov\u0113r\u0161 pamatnes nel\u012bdzenumus<br \/>\nDigi-Slope: Prec\u012bzs \u0161\u0137\u0113rssl\u012bpuma sensors<br \/>\nVied\u0101s funkcijas: \u201cScreed Freeze\u201d (kl\u0101jplates blo\u0137\u0113\u0161ana apst\u0101\u0161an\u0101s br\u012bd\u012b) un autom\u0101tiska uzbrukuma le\u0146\u0137a regul\u0113\u0161ana<br \/>\nUnivers\u0101lums: Sist\u0113ma ir gatava darbam ar \u201cBig Ski\u201d (siju) vai 3D\/GPS sist\u0113m\u0101m (Leica, Trimble, Topcon)<\/p>\n<p>Pieg\u0101de pieejama. <\/p>\n<p><iframe loading=\"lazy\" title=\"Volvo P6820C\u2502 UAB KASIMA\" width=\"1080\" height=\"608\" src=\"https:\/\/www.youtube.com\/embed\/aqjYyCc_2WQ?feature=oembed\"  allow=\"accelerometer; autoplay; clipboard-write; encrypted-media; gyroscope; picture-in-picture; web-share\" referrerpolicy=\"strict-origin-when-cross-origin\" allowfullscreen><\/iframe><\/p>\n","protected":false},"excerpt":{"rendered":"<p>Cena bez PVN<\/p>\n<p>Ra\u017eot\u0101js: Volvo<br \/>\nModelis: P6820C<br \/>\nZvans: <a href=\"tel:+37067607071\">+37067607071<\/a><br \/>\nE-pasts: <a href=\"mailto:sales@kasima.lt\">sales@kasima.lt<\/a><\/p>\n","protected":false},"featured_media":98664,"template":"","meta":{"_et_pb_use_builder":"","_et_pb_old_content":"","_et_gb_content_width":"","_monsterinsights_skip_tracking":false,"_monsterinsights_sitenote_active":false,"_monsterinsights_sitenote_note":"","_monsterinsights_sitenote_category":0},"product_brand":[],"product_cat":[208],"product_tag":[],"class_list":{"0":"post-99035","1":"product","2":"type-product","3":"status-publish","4":"has-post-thumbnail","6":"product_cat-celu-buvnieciba","8":"first","9":"instock","10":"shipping-taxable","11":"purchasable","12":"product-type-simple"},"aioseo_notices":[],"_links":{"self":[{"href":"https:\/\/kasima.lt\/lv\/wp-json\/wp\/v2\/product\/99035","targetHints":{"allow":["GET"]}}],"collection":[{"href":"https:\/\/kasima.lt\/lv\/wp-json\/wp\/v2\/product"}],"about":[{"href":"https:\/\/kasima.lt\/lv\/wp-json\/wp\/v2\/types\/product"}],"wp:featuredmedia":[{"embeddable":true,"href":"https:\/\/kasima.lt\/lv\/wp-json\/wp\/v2\/media\/98664"}],"wp:attachment":[{"href":"https:\/\/kasima.lt\/lv\/wp-json\/wp\/v2\/media?parent=99035"}],"wp:term":[{"taxonomy":"product_brand","embeddable":true,"href":"https:\/\/kasima.lt\/lv\/wp-json\/wp\/v2\/product_brand?post=99035"},{"taxonomy":"product_cat","embeddable":true,"href":"https:\/\/kasima.lt\/lv\/wp-json\/wp\/v2\/product_cat?post=99035"},{"taxonomy":"product_tag","embeddable":true,"href":"https:\/\/kasima.lt\/lv\/wp-json\/wp\/v2\/product_tag?post=99035"}],"curies":[{"name":"wp","href":"https:\/\/api.w.org\/{rel}","templated":true}]}}