{"id":99031,"date":"2026-03-18T10:35:47","date_gmt":"2026-03-18T08:35:47","guid":{"rendered":"https:\/\/kasima.lt\/produktas\/doosan-moxy-mt31-2008-m-parduodamas-dalimis\/"},"modified":"2026-03-18T10:41:13","modified_gmt":"2026-03-18T08:41:13","slug":"doosan-moxy-mt31-2008-m-parduodamas-dalimis","status":"publish","type":"product","link":"https:\/\/kasima.lt\/lv\/produktas\/doosan-moxy-mt31-2008-m-parduodamas-dalimis\/","title":{"rendered":"Doosan Moxy MT31 (2008) \u2013 P\u0101rdod pa deta\u013c\u0101m"},"content":{"rendered":"<p>\u0160arn\u012brveida pa\u0161izg\u0101z\u0113js, kas izjaukts deta\u013c\u0101m.<br \/>\nDaudzas deta\u013cas pieejamas lab\u0101 st\u0101vokl\u012b<br \/>\nPieejam\u0101s deta\u013cas:<br \/>\n\u2022 Scania dzin\u0113js<br \/>\n\u2022 \u0122earkaste<br \/>\n\u2022 Asis<br \/>\n\u2022 Hidraulisk\u0101s deta\u013cas<br \/>\n\u2022 Dzes\u0113\u0161anas sist\u0113ma<br \/>\n\u2022 Kab\u012bnes deta\u013cas<br \/>\n\u2022 Elektrisk\u0101s deta\u013cas<br \/>\n\u2022 Balstiek\u0101rta un citas meh\u0101nisk\u0101s deta\u013cas<\/p>\n","protected":false},"excerpt":{"rendered":"<p>Cena bez PVN<\/p>\n<p>Ra\u017eot\u0101js: DOOSAN<br \/>\nModelis: MOXY MT31<br \/>\nT\u0101lrunis: <a href=\"tel:+37060842988\">+37060842988<\/a><br \/>\nE-pasts: <a href=\"mailto:usedparts@kasima.lt\">usedparts@kasima.lt<\/a><\/p>\n","protected":false},"featured_media":99002,"template":"","meta":{"_et_pb_use_builder":"","_et_pb_old_content":"","_et_gb_content_width":"","_monsterinsights_skip_tracking":false,"_monsterinsights_sitenote_active":false,"_monsterinsights_sitenote_note":"","_monsterinsights_sitenote_category":0},"product_brand":[],"product_cat":[952,318,452],"product_tag":[],"class_list":{"0":"post-99031","1":"product","2":"type-product","3":"status-publish","4":"has-post-thumbnail","6":"product_cat-moxy-mt31-2008","7":"product_cat-lietotas-dalas","8":"product_cat-celtniecibas-tehnikas-dalas","10":"first","11":"instock","12":"shipping-taxable","13":"product-type-simple"},"aioseo_notices":[],"_links":{"self":[{"href":"https:\/\/kasima.lt\/lv\/wp-json\/wp\/v2\/product\/99031","targetHints":{"allow":["GET"]}}],"collection":[{"href":"https:\/\/kasima.lt\/lv\/wp-json\/wp\/v2\/product"}],"about":[{"href":"https:\/\/kasima.lt\/lv\/wp-json\/wp\/v2\/types\/product"}],"wp:featuredmedia":[{"embeddable":true,"href":"https:\/\/kasima.lt\/lv\/wp-json\/wp\/v2\/media\/99002"}],"wp:attachment":[{"href":"https:\/\/kasima.lt\/lv\/wp-json\/wp\/v2\/media?parent=99031"}],"wp:term":[{"taxonomy":"product_brand","embeddable":true,"href":"https:\/\/kasima.lt\/lv\/wp-json\/wp\/v2\/product_brand?post=99031"},{"taxonomy":"product_cat","embeddable":true,"href":"https:\/\/kasima.lt\/lv\/wp-json\/wp\/v2\/product_cat?post=99031"},{"taxonomy":"product_tag","embeddable":true,"href":"https:\/\/kasima.lt\/lv\/wp-json\/wp\/v2\/product_tag?post=99031"}],"curies":[{"name":"wp","href":"https:\/\/api.w.org\/{rel}","templated":true}]}}