{"id":98659,"date":"2026-03-17T15:29:23","date_gmt":"2026-03-17T13:29:23","guid":{"rendered":"https:\/\/kasima.lt\/produktas\/cat-66-segmentiniu-kumsteliu-komplektas\/"},"modified":"2026-03-17T15:43:43","modified_gmt":"2026-03-17T13:43:43","slug":"cat-66-segmentiniu-kumsteliu-komplektas","status":"publish","type":"product","link":"https:\/\/kasima.lt\/lv\/produktas\/cat-66-segmentiniu-kumsteliu-komplektas\/","title":{"rendered":"CAT 66\u2033 dak\u0161u segmentu komplekts"},"content":{"rendered":"<p>CAT dak\u0161u segmentu komplekts<\/p>\n<p>SPECIFIK\u0100CIJA:<\/p>\n<p>St\u0101voklis: nelietots<br \/>\nSader\u012bgs ar mode\u013ciem: Caterpillar CS44B, Caterpillar CS44, Caterpillar CS423, Caterpillar CS433<br \/>\nBungu platums: 66 collas (168 cm)<br \/>\nDak\u0161u segmentu augstums: 90 mm<br \/>\nSvars: aptuveni 1000 kg<br \/>\nKonfigur\u0101cija: 2 da\u013cu skr\u016bv\u0113jama konstrukcija<\/p>\n<p>Komplekt\u0101 ietilpst:<\/p>\n<p>Dak\u0161u segmentu komplekts<br \/>\nMont\u0101\u017eas deta\u013cas<br \/>\nSkr\u0101pjjosla ar asme\u0146iem<\/p>\n","protected":false},"excerpt":{"rendered":"<p>Cena bez PVN<\/p>\n<p>Ra\u017eot\u0101js: CAT<br \/>\nModelis: segment cams<br \/>\nZvans: <a href=\"tel:+37067607071\">+37067607071<\/a><br \/>\nE-pasts: <a href=\"mailto:sales@kasima.lt\">sales@kasima.lt<\/a><\/p>\n","protected":false},"featured_media":98619,"template":"","meta":{"_et_pb_use_builder":"","_et_pb_old_content":"","_et_gb_content_width":"","_monsterinsights_skip_tracking":false,"_monsterinsights_sitenote_active":false,"_monsterinsights_sitenote_note":"","_monsterinsights_sitenote_category":0},"product_brand":[],"product_cat":[689,155,237],"product_tag":[],"class_list":{"0":"post-98659","1":"product","2":"type-product","3":"status-publish","4":"has-post-thumbnail","6":"product_cat-celtniecibas-masinu-aprikojums","7":"product_cat-jauns","8":"product_cat-citi-piederumi","10":"first","11":"instock","12":"shipping-taxable","13":"purchasable","14":"product-type-simple"},"aioseo_notices":[],"_links":{"self":[{"href":"https:\/\/kasima.lt\/lv\/wp-json\/wp\/v2\/product\/98659","targetHints":{"allow":["GET"]}}],"collection":[{"href":"https:\/\/kasima.lt\/lv\/wp-json\/wp\/v2\/product"}],"about":[{"href":"https:\/\/kasima.lt\/lv\/wp-json\/wp\/v2\/types\/product"}],"wp:featuredmedia":[{"embeddable":true,"href":"https:\/\/kasima.lt\/lv\/wp-json\/wp\/v2\/media\/98619"}],"wp:attachment":[{"href":"https:\/\/kasima.lt\/lv\/wp-json\/wp\/v2\/media?parent=98659"}],"wp:term":[{"taxonomy":"product_brand","embeddable":true,"href":"https:\/\/kasima.lt\/lv\/wp-json\/wp\/v2\/product_brand?post=98659"},{"taxonomy":"product_cat","embeddable":true,"href":"https:\/\/kasima.lt\/lv\/wp-json\/wp\/v2\/product_cat?post=98659"},{"taxonomy":"product_tag","embeddable":true,"href":"https:\/\/kasima.lt\/lv\/wp-json\/wp\/v2\/product_tag?post=98659"}],"curies":[{"name":"wp","href":"https:\/\/api.w.org\/{rel}","templated":true}]}}