{"id":98614,"date":"2026-03-17T13:00:46","date_gmt":"2026-03-17T11:00:46","guid":{"rendered":"https:\/\/kasima.lt\/produktas\/merlo-hidrauline-kelimo-gerve\/"},"modified":"2026-03-17T13:07:54","modified_gmt":"2026-03-17T11:07:54","slug":"merlo-hidrauline-kelimo-gerve","status":"publish","type":"product","link":"https:\/\/kasima.lt\/lv\/produktas\/merlo-hidrauline-kelimo-gerve\/","title":{"rendered":"Merlo pac\u0113l\u0101ja teli ar vin\u010du"},"content":{"rendered":"<p>Merlo pac\u0113l\u0101ja teli ar vin\u010du<\/p>\n<p>SPECIFIK\u0100CIJA:<\/p>\n<p>St\u0101voklis: lietots<br \/>\nSvars: 220 kg<br \/>\nMaksim\u0101lais pacel\u0161anas svars: 1 500 kg<\/p>\n","protected":false},"excerpt":{"rendered":"<p>Cena bez PVN<\/p>\n<p>Ra\u017eot\u0101js: TRE EMME<br \/>\nModelis: FV150.ZM2<br \/>\nZvans: <a href=\"tel:+37067607071\">+37067607071<\/a><br \/>\nE-pasts: <a href=\"mailto:sales@kasima.lt\">sales@kasima.lt<\/a><\/p>\n","protected":false},"featured_media":98534,"template":"","meta":{"_et_pb_use_builder":"","_et_pb_old_content":"","_et_gb_content_width":"","_monsterinsights_skip_tracking":false,"_monsterinsights_sitenote_active":false,"_monsterinsights_sitenote_note":"","_monsterinsights_sitenote_category":0},"product_brand":[],"product_cat":[154,166,168,219,237,210],"product_tag":[],"class_list":{"0":"post-98614","1":"product","2":"type-product","3":"status-publish","4":"has-post-thumbnail","6":"product_cat-3-5-tonnas","7":"product_cat-5-7-tonnas","8":"product_cat-7-10-tonnas","9":"product_cat-lietots","10":"product_cat-citi-piederumi","11":"product_cat-teleskopiskais-manipulators","13":"first","14":"instock","15":"shipping-taxable","16":"purchasable","17":"product-type-simple"},"aioseo_notices":[],"_links":{"self":[{"href":"https:\/\/kasima.lt\/lv\/wp-json\/wp\/v2\/product\/98614","targetHints":{"allow":["GET"]}}],"collection":[{"href":"https:\/\/kasima.lt\/lv\/wp-json\/wp\/v2\/product"}],"about":[{"href":"https:\/\/kasima.lt\/lv\/wp-json\/wp\/v2\/types\/product"}],"wp:featuredmedia":[{"embeddable":true,"href":"https:\/\/kasima.lt\/lv\/wp-json\/wp\/v2\/media\/98534"}],"wp:attachment":[{"href":"https:\/\/kasima.lt\/lv\/wp-json\/wp\/v2\/media?parent=98614"}],"wp:term":[{"taxonomy":"product_brand","embeddable":true,"href":"https:\/\/kasima.lt\/lv\/wp-json\/wp\/v2\/product_brand?post=98614"},{"taxonomy":"product_cat","embeddable":true,"href":"https:\/\/kasima.lt\/lv\/wp-json\/wp\/v2\/product_cat?post=98614"},{"taxonomy":"product_tag","embeddable":true,"href":"https:\/\/kasima.lt\/lv\/wp-json\/wp\/v2\/product_tag?post=98614"}],"curies":[{"name":"wp","href":"https:\/\/api.w.org\/{rel}","templated":true}]}}