{"id":98524,"date":"2026-03-17T10:51:14","date_gmt":"2026-03-17T08:51:14","guid":{"rendered":"https:\/\/kasima.lt\/produktas\/merlo-hidraulines-paleciu-sakes\/"},"modified":"2026-03-17T10:55:46","modified_gmt":"2026-03-17T08:55:46","slug":"merlo-hidraulines-paleciu-sakes","status":"publish","type":"product","link":"https:\/\/kasima.lt\/lv\/produktas\/merlo-hidraulines-paleciu-sakes\/","title":{"rendered":"Merlo hidraulisk\u0101s dak\u0161as"},"content":{"rendered":"<p>SPECIFIK\u0100CIJA:<\/p>\n<p>St\u0101voklis: lietots<br \/>\nPacel\u0161anas jauda: 2 500 kg<br \/>\nDak\u0161as garums: 120 cm<br \/>\nDak\u0161u platums regul\u0113jams ar hidrauliku<br \/>\nUzst\u0101d\u012b\u0161anas tips: MERLO<\/p>\n","protected":false},"excerpt":{"rendered":"<p>Cena bez PVN<\/p>\n<p>Ra\u017eot\u0101js: ABL<br \/>\nModelis: 2 500 kg<br \/>\nZvans: <a href=\"tel:+37067607071\">+37067607071<\/a><br \/>\nRakstiet: <a href=\"mailto:sales@kasima.lt\">sales@kasima.lt<\/a><\/p>\n","protected":false},"featured_media":98449,"template":"","meta":{"_et_pb_use_builder":"","_et_pb_old_content":"","_et_gb_content_width":"","_monsterinsights_skip_tracking":false,"_monsterinsights_sitenote_active":false,"_monsterinsights_sitenote_note":"","_monsterinsights_sitenote_category":0},"product_brand":[],"product_cat":[154,166,168,689,219,323,210],"product_tag":[],"class_list":{"0":"post-98524","1":"product","2":"type-product","3":"status-publish","4":"has-post-thumbnail","6":"product_cat-3-5-tonnas","7":"product_cat-5-7-tonnas","8":"product_cat-7-10-tonnas","9":"product_cat-celtniecibas-masinu-aprikojums","10":"product_cat-lietots","11":"product_cat-palesu-daksas","12":"product_cat-teleskopiskais-manipulators","14":"first","15":"instock","16":"shipping-taxable","17":"purchasable","18":"product-type-simple"},"aioseo_notices":[],"_links":{"self":[{"href":"https:\/\/kasima.lt\/lv\/wp-json\/wp\/v2\/product\/98524","targetHints":{"allow":["GET"]}}],"collection":[{"href":"https:\/\/kasima.lt\/lv\/wp-json\/wp\/v2\/product"}],"about":[{"href":"https:\/\/kasima.lt\/lv\/wp-json\/wp\/v2\/types\/product"}],"wp:featuredmedia":[{"embeddable":true,"href":"https:\/\/kasima.lt\/lv\/wp-json\/wp\/v2\/media\/98449"}],"wp:attachment":[{"href":"https:\/\/kasima.lt\/lv\/wp-json\/wp\/v2\/media?parent=98524"}],"wp:term":[{"taxonomy":"product_brand","embeddable":true,"href":"https:\/\/kasima.lt\/lv\/wp-json\/wp\/v2\/product_brand?post=98524"},{"taxonomy":"product_cat","embeddable":true,"href":"https:\/\/kasima.lt\/lv\/wp-json\/wp\/v2\/product_cat?post=98524"},{"taxonomy":"product_tag","embeddable":true,"href":"https:\/\/kasima.lt\/lv\/wp-json\/wp\/v2\/product_tag?post=98524"}],"curies":[{"name":"wp","href":"https:\/\/api.w.org\/{rel}","templated":true}]}}