{"id":98369,"date":"2026-03-16T16:39:49","date_gmt":"2026-03-16T14:39:49","guid":{"rendered":"https:\/\/kasima.lt\/produktas\/komatsu-pc290lc-10-2012\/"},"modified":"2026-03-16T16:44:14","modified_gmt":"2026-03-16T14:44:14","slug":"komatsu-pc290lc-10-2012","status":"publish","type":"product","link":"https:\/\/kasima.lt\/lv\/produktas\/komatsu-pc290lc-10-2012\/","title":{"rendered":"Komatsu PC290LC-10"},"content":{"rendered":"<p>Komatsu PC290LC-10<\/p>\n<p>Gads: 2012<br \/>\nDarba stundas: 11 543<br \/>\nDzin\u0113js: Komatsu, 159 kW \/ 213 ZS<br \/>\nDarba svars: apm\u0113ram 30 t<br \/>\nSt\u0101voklis: darba k\u0101rt\u012bb\u0101, gatavs darbam<br \/>\nKlimata kontrole<br \/>\nHidraulisk\u0101 \u0101tr\u0101 sakabe<br \/>\nAutom\u0101tisk\u0101 e\u013c\u013co\u0161anas sist\u0113ma<br \/>Uzticams 30 tonnu klases ekskavators, kas paz\u012bstams ar savu jaudu, stabilit\u0101ti un ekonomisku darb\u012bbu.<br \/>\nKomatsu PC290LC-10 izce\u013cas ar iztur\u012bgu \u0161asiju, efekt\u012bvu hidraulisko sist\u0113mu, k\u0101 ar\u012b komfortablu un dro\u0161u operatora kab\u012bni.<br \/>\nPiem\u0113rots intens\u012bviem zemes rak\u0161anas, b\u016bvniec\u012bbas un iekrau\u0161anas darbiem.<br \/>\n<iframe loading=\"lazy\" title=\"Komatsu PC290LC-10\u2502 UAB KASIMA\" width=\"1080\" height=\"608\" src=\"https:\/\/www.youtube.com\/embed\/CGPxlqOEKHc?feature=oembed\"  allow=\"accelerometer; autoplay; clipboard-write; encrypted-media; gyroscope; picture-in-picture; web-share\" referrerpolicy=\"strict-origin-when-cross-origin\" allowfullscreen><\/iframe><\/p>\n","protected":false},"excerpt":{"rendered":"<p>Cena bez PVN<\/p>\n<p>Ra\u017eot\u0101js: Komatsu<br \/>\nModelis: PC290LC-10<br \/>\nZvans: <a href=\"tel:+37067607071\">+37067607071<\/a><br \/>\nE-pasts: <a href=\"mailto:sales@kasima.lt\">sales@kasima.lt<\/a><\/p>\n","protected":false},"featured_media":98229,"template":"","meta":{"_et_pb_use_builder":"","_et_pb_old_content":"","_et_gb_content_width":"","_monsterinsights_skip_tracking":false,"_monsterinsights_sitenote_active":false,"_monsterinsights_sitenote_note":"","_monsterinsights_sitenote_category":0},"product_brand":[],"product_cat":[149],"product_tag":[],"class_list":{"0":"post-98369","1":"product","2":"type-product","3":"status-publish","4":"has-post-thumbnail","6":"product_cat-buvnieciba","8":"first","9":"instock","10":"shipping-taxable","11":"purchasable","12":"product-type-simple"},"aioseo_notices":[],"_links":{"self":[{"href":"https:\/\/kasima.lt\/lv\/wp-json\/wp\/v2\/product\/98369","targetHints":{"allow":["GET"]}}],"collection":[{"href":"https:\/\/kasima.lt\/lv\/wp-json\/wp\/v2\/product"}],"about":[{"href":"https:\/\/kasima.lt\/lv\/wp-json\/wp\/v2\/types\/product"}],"wp:featuredmedia":[{"embeddable":true,"href":"https:\/\/kasima.lt\/lv\/wp-json\/wp\/v2\/media\/98229"}],"wp:attachment":[{"href":"https:\/\/kasima.lt\/lv\/wp-json\/wp\/v2\/media?parent=98369"}],"wp:term":[{"taxonomy":"product_brand","embeddable":true,"href":"https:\/\/kasima.lt\/lv\/wp-json\/wp\/v2\/product_brand?post=98369"},{"taxonomy":"product_cat","embeddable":true,"href":"https:\/\/kasima.lt\/lv\/wp-json\/wp\/v2\/product_cat?post=98369"},{"taxonomy":"product_tag","embeddable":true,"href":"https:\/\/kasima.lt\/lv\/wp-json\/wp\/v2\/product_tag?post=98369"}],"curies":[{"name":"wp","href":"https:\/\/api.w.org\/{rel}","templated":true}]}}