{"id":98042,"date":"2026-03-13T10:00:49","date_gmt":"2026-03-13T08:00:49","guid":{"rendered":"https:\/\/kasima.lt\/produktas\/terex-fuchs-mhl320\/"},"modified":"2026-03-13T10:18:46","modified_gmt":"2026-03-13T08:18:46","slug":"terex-fuchs-mhl320","status":"publish","type":"product","link":"https:\/\/kasima.lt\/lv\/produktas\/terex-fuchs-mhl320\/","title":{"rendered":"Terex Fuchs MHL320"},"content":{"rendered":"<p>Terex Fuchs MHL320<\/p>\n<p>Lietuv\u0101 neekspluat\u0113ta hidraulisk\u0101 p\u0101rkrau\u0161anas ma\u0161\u012bna.<\/p>\n<p>Izlaiduma gads: 2008<br \/>\nDzin\u0113js: Deutz, 84 kW \/ 114 ZS<br \/>\nDarba svars: apm\u0113ram 19 500 kg<br \/>\nMaksim\u0101lais sasniedzamais att\u0101lums: ~9,5 m<br \/>\n\u0160asija: rite\u0146u (4&#215;4) ar stabilizatoriem<br \/>\nKab\u012bne: pace\u013cama, ar gaisa kondicionieri un apsildi<br \/>\nHidraulisk\u0101 sist\u0113ma: ar papildu pl\u016bsmu apr\u012bkojumam, \u0101tr\u0101s savieno\u0161anas sist\u0113ma<br \/>\nRiepas: bezkameru SOLID tipa riepas<br \/>\nCentr\u0101l\u0101 e\u013c\u013co\u0161anas sist\u0113ma<br \/>\nPace\u013cama kab\u012bne<br \/>\n4 stabilizatori<br \/>\nPiln\u012bb\u0101 darbojo\u0161a elektrisk\u0101 sist\u0113ma<br \/>\nErgonomisks s\u0113deklis<br \/>\nGreifera kauss <\/p>\n<p>Piem\u0113rota met\u0101ll\u016b\u017e\u0146u, atkritumu, koksnes vai beramo materi\u0101lu p\u0101rkrau\u0161anai.<\/p>\n<p>Iesp\u0113jama apskate un test\u0113\u0161ana UAB KASIMA noliktav\u0101.<br \/>\nIesp\u0113jama pieg\u0101de.<\/p>\n<p><iframe loading=\"lazy\" title=\"Terex Fuchs MHL320 \u2502 UAB KASIMA\" width=\"1080\" height=\"608\" src=\"https:\/\/www.youtube.com\/embed\/-2G59-FyPCs?feature=oembed\"  allow=\"accelerometer; autoplay; clipboard-write; encrypted-media; gyroscope; picture-in-picture; web-share\" referrerpolicy=\"strict-origin-when-cross-origin\" allowfullscreen><\/iframe><\/p>\n","protected":false},"excerpt":{"rendered":"<p>Cena bez PVN<\/p>\n<p>Ra\u017eot\u0101js: Terex<br \/>\nModelis: Fuchs MHL320<br \/>\nZvans: <a href=\"tel:+37067607071\">+37067607071<\/a><br \/>\nE-pasts: <a href=\"mailto:sales@kasima.lt\">sales@kasima.lt<\/a><\/p>\n","protected":false},"featured_media":97773,"template":"","meta":{"_et_pb_use_builder":"","_et_pb_old_content":"","_et_gb_content_width":"","_monsterinsights_skip_tracking":false,"_monsterinsights_sitenote_active":false,"_monsterinsights_sitenote_note":"","_monsterinsights_sitenote_category":0},"product_brand":[],"product_cat":[306,150],"product_tag":[],"class_list":{"0":"post-98042","1":"product","2":"type-product","3":"status-publish","4":"has-post-thumbnail","6":"product_cat-komunals","7":"product_cat-cita-tehnika","9":"first","10":"instock","11":"shipping-taxable","12":"purchasable","13":"product-type-simple"},"aioseo_notices":[],"_links":{"self":[{"href":"https:\/\/kasima.lt\/lv\/wp-json\/wp\/v2\/product\/98042","targetHints":{"allow":["GET"]}}],"collection":[{"href":"https:\/\/kasima.lt\/lv\/wp-json\/wp\/v2\/product"}],"about":[{"href":"https:\/\/kasima.lt\/lv\/wp-json\/wp\/v2\/types\/product"}],"wp:featuredmedia":[{"embeddable":true,"href":"https:\/\/kasima.lt\/lv\/wp-json\/wp\/v2\/media\/97773"}],"wp:attachment":[{"href":"https:\/\/kasima.lt\/lv\/wp-json\/wp\/v2\/media?parent=98042"}],"wp:term":[{"taxonomy":"product_brand","embeddable":true,"href":"https:\/\/kasima.lt\/lv\/wp-json\/wp\/v2\/product_brand?post=98042"},{"taxonomy":"product_cat","embeddable":true,"href":"https:\/\/kasima.lt\/lv\/wp-json\/wp\/v2\/product_cat?post=98042"},{"taxonomy":"product_tag","embeddable":true,"href":"https:\/\/kasima.lt\/lv\/wp-json\/wp\/v2\/product_tag?post=98042"}],"curies":[{"name":"wp","href":"https:\/\/api.w.org\/{rel}","templated":true}]}}