{"id":97942,"date":"2026-03-13T09:39:20","date_gmt":"2026-03-13T07:39:20","guid":{"rendered":"https:\/\/kasima.lt\/produktas\/jcb-js130w-pagrindinis-laidu-komplektas\/"},"modified":"2026-03-13T09:54:12","modified_gmt":"2026-03-13T07:54:12","slug":"jcb-js130w-pagrindinis-laidu-komplektas","status":"publish","type":"product","link":"https:\/\/kasima.lt\/lv\/produktas\/jcb-js130w-pagrindinis-laidu-komplektas\/","title":{"rendered":"JCB JS130W galvenais vadu komplekts"},"content":{"rendered":"<p>Ori\u0123in\u0101la lietota deta\u013ca, iz\u0146emta no JCB JS130W (2007)<br \/>\nOri\u0123in\u0101ls vadu komplekts JCB ekskavatoriem.<br \/>\nPiln\u012bb\u0101 p\u0101rbaud\u012bts un gatavs uzst\u0101d\u012b\u0161anai.<br \/>\nPieg\u0101de vis\u0101 pasaul\u0113.<br \/>\nPieg\u0101des svars un izm\u0113ri:<br \/>\n\u2022 Aptuveni 15 kg<br \/>\n\u2022 500 x 300 x 300 mm<br \/>\nKataloga numurs:<br \/>\n\u2022 721\/11697<br \/>\n\u2022 721\/10798<br \/>\n\u2022 721\/11263<br \/>\n\u2022 721\/10526<\/p>\n","protected":false},"excerpt":{"rendered":"<p>Cena bez PVN<\/p>\n<p>Ra\u017eot\u0101js: JCB<br \/>\nModelis: JS130W018<br \/>\nT\u0101lrunis: <a href=\"tel:+37060842988\">+37060842988<\/a><br \/>\nE-pasts: <a href=\"mailto:usedparts@kasima.lt\">usedparts@kasima.lt<\/a><\/p>\n","protected":false},"featured_media":97863,"template":"","meta":{"_et_pb_use_builder":"","_et_pb_old_content":"","_et_gb_content_width":"","_monsterinsights_skip_tracking":false,"_monsterinsights_sitenote_active":false,"_monsterinsights_sitenote_note":"","_monsterinsights_sitenote_category":0},"product_brand":[],"product_cat":[443,857,490,601,318,685,452],"product_tag":[],"class_list":{"0":"post-97942","1":"product","2":"type-product","3":"status-publish","4":"has-post-thumbnail","6":"product_cat-jcb-dalas","7":"product_cat-js130w-2007","8":"product_cat-elektronikas-dalas","9":"product_cat-vadu-komplekti-un-dalas","10":"product_cat-lietotas-dalas","11":"product_cat-ekskavatoru-dalas","12":"product_cat-celtniecibas-tehnikas-dalas","14":"first","15":"instock","16":"shipping-taxable","17":"purchasable","18":"product-type-simple"},"aioseo_notices":[],"_links":{"self":[{"href":"https:\/\/kasima.lt\/lv\/wp-json\/wp\/v2\/product\/97942","targetHints":{"allow":["GET"]}}],"collection":[{"href":"https:\/\/kasima.lt\/lv\/wp-json\/wp\/v2\/product"}],"about":[{"href":"https:\/\/kasima.lt\/lv\/wp-json\/wp\/v2\/types\/product"}],"wp:featuredmedia":[{"embeddable":true,"href":"https:\/\/kasima.lt\/lv\/wp-json\/wp\/v2\/media\/97863"}],"wp:attachment":[{"href":"https:\/\/kasima.lt\/lv\/wp-json\/wp\/v2\/media?parent=97942"}],"wp:term":[{"taxonomy":"product_brand","embeddable":true,"href":"https:\/\/kasima.lt\/lv\/wp-json\/wp\/v2\/product_brand?post=97942"},{"taxonomy":"product_cat","embeddable":true,"href":"https:\/\/kasima.lt\/lv\/wp-json\/wp\/v2\/product_cat?post=97942"},{"taxonomy":"product_tag","embeddable":true,"href":"https:\/\/kasima.lt\/lv\/wp-json\/wp\/v2\/product_tag?post=97942"}],"curies":[{"name":"wp","href":"https:\/\/api.w.org\/{rel}","templated":true}]}}