{"id":97129,"date":"2026-03-06T16:10:07","date_gmt":"2026-03-06T14:10:07","guid":{"rendered":"https:\/\/kasima.lt\/produktas\/jcb-kaires-puses-aptarnavimo-durys\/"},"modified":"2026-03-06T16:14:47","modified_gmt":"2026-03-06T14:14:47","slug":"jcb-kaires-puses-aptarnavimo-durys","status":"publish","type":"product","link":"https:\/\/kasima.lt\/lv\/produktas\/jcb-kaires-puses-aptarnavimo-durys\/","title":{"rendered":"JCB kreis\u0101s puses apkopes durvis"},"content":{"rendered":"<p>Ori\u0123in\u0101la lietota deta\u013ca, no\u0146emta no JCB JS130W (2007)<br \/>\nOEM durvis JCB celtniec\u012bbas tehnikai<br \/>\nPiln\u012bb\u0101 p\u0101rbaud\u012btas un gatavas uzst\u0101d\u012b\u0161anai.<br \/>\nNedaudz saliektas vid\u016b.<br \/>\nPieg\u0101de vis\u0101 pasaul\u0113.<br \/>\nSvars un izm\u0113ri pieg\u0101dei:<br \/>\n\u2022 aptuveni 20 kg<br \/>\n\u2022 800 x 600 x 300 mm<br \/>\nKataloga numurs:<br \/>\n\u2022 332\/J1946<br \/>\n\u2022 KNN0876<\/p>\n","protected":false},"excerpt":{"rendered":"<p>Cena bez PVN<\/p>\n<p>Ra\u017eot\u0101js: JCB<br \/>\nModelis: JS130W071<br \/>\nT\u0101lrunis: <a href=\"tel:+37060842988\">+37060842988<\/a><br \/>\nE-pasts: <a href=\"mailto:usedparts@kasima.lt\">usedparts@kasima.lt<\/a><\/p>\n","protected":false},"featured_media":97110,"template":"","meta":{"_et_pb_use_builder":"","_et_pb_old_content":"","_et_gb_content_width":"","_monsterinsights_skip_tracking":false,"_monsterinsights_sitenote_active":false,"_monsterinsights_sitenote_note":"","_monsterinsights_sitenote_category":0},"product_brand":[],"product_cat":[443,857,653,318,685,452],"product_tag":[],"class_list":{"0":"post-97129","1":"product","2":"type-product","3":"status-publish","4":"has-post-thumbnail","6":"product_cat-jcb-dalas","7":"product_cat-js130w-2007","8":"product_cat-motora-un-sanu-parsegi","9":"product_cat-lietotas-dalas","10":"product_cat-ekskavatoru-dalas","11":"product_cat-celtniecibas-tehnikas-dalas","13":"first","14":"instock","15":"shipping-taxable","16":"purchasable","17":"product-type-simple"},"aioseo_notices":[],"_links":{"self":[{"href":"https:\/\/kasima.lt\/lv\/wp-json\/wp\/v2\/product\/97129","targetHints":{"allow":["GET"]}}],"collection":[{"href":"https:\/\/kasima.lt\/lv\/wp-json\/wp\/v2\/product"}],"about":[{"href":"https:\/\/kasima.lt\/lv\/wp-json\/wp\/v2\/types\/product"}],"wp:featuredmedia":[{"embeddable":true,"href":"https:\/\/kasima.lt\/lv\/wp-json\/wp\/v2\/media\/97110"}],"wp:attachment":[{"href":"https:\/\/kasima.lt\/lv\/wp-json\/wp\/v2\/media?parent=97129"}],"wp:term":[{"taxonomy":"product_brand","embeddable":true,"href":"https:\/\/kasima.lt\/lv\/wp-json\/wp\/v2\/product_brand?post=97129"},{"taxonomy":"product_cat","embeddable":true,"href":"https:\/\/kasima.lt\/lv\/wp-json\/wp\/v2\/product_cat?post=97129"},{"taxonomy":"product_tag","embeddable":true,"href":"https:\/\/kasima.lt\/lv\/wp-json\/wp\/v2\/product_tag?post=97129"}],"curies":[{"name":"wp","href":"https:\/\/api.w.org\/{rel}","templated":true}]}}