{"id":96783,"date":"2026-03-05T11:25:46","date_gmt":"2026-03-05T09:25:46","guid":{"rendered":"https:\/\/kasima.lt\/produktas\/jcb-haldex-sukimo-jungtis\/"},"modified":"2026-03-05T11:33:36","modified_gmt":"2026-03-05T09:33:36","slug":"jcb-haldex-sukimo-jungtis","status":"publish","type":"product","link":"https:\/\/kasima.lt\/lv\/produktas\/jcb-haldex-sukimo-jungtis\/","title":{"rendered":"JCB HALDEX pagrieziena savienojums"},"content":{"rendered":"<p>Ori\u0123in\u0101la lietota deta\u013ca, iz\u0146emta no JCB JS130W (2007)<br \/>\nOEM pagrieziena savienojums JCB celtniec\u012bbas tehnikai.<br \/>\nPiln\u012bb\u0101 p\u0101rbaud\u012bts un gatavs uzst\u0101d\u012b\u0161anai.<br \/>\nPieg\u0101de vis\u0101 pasaul\u0113.<br \/>\nSvars un izm\u0113ri pieg\u0101dei:<br \/>\n\u2022 aptuveni 80 kg<br \/>\n\u2022 600 x 400 x 400 mm<br \/>\nKataloga numurs:<br \/>\n\u2022 45\/920117<br \/>\n\u2022 532142011<br \/>\n\u2022 532115011<br \/>\n\u2022 533320001<br \/>\n\u2022 012062701<br \/>\n\u2022 230302<br \/>\n\u2022 12042501<br \/>\n\u2022 012042711<\/p>\n","protected":false},"excerpt":{"rendered":"<p>Cena bez PVN<\/p>\n<p>Ra\u017eot\u0101js: HALDEX<br \/>\nModelis: JS130W013<br \/>\nT\u0101lrunis<a href=\"tel:+37060842988\">: +37060842988<\/a><br \/>\nE-pasts: <a href=\"mailto:usedparts@kasima.lt\">usedparts@kasima.lt<\/a><\/p>\n","protected":false},"featured_media":96719,"template":"","meta":{"_et_pb_use_builder":"","_et_pb_old_content":"","_et_gb_content_width":"","_monsterinsights_skip_tracking":false,"_monsterinsights_sitenote_active":false,"_monsterinsights_sitenote_note":"","_monsterinsights_sitenote_category":0},"product_brand":[],"product_cat":[443,857,757],"product_tag":[],"class_list":{"0":"post-96783","1":"product","2":"type-product","3":"status-publish","4":"has-post-thumbnail","6":"product_cat-jcb-dalas","7":"product_cat-js130w-2007","8":"product_cat-pagrieziena-sistemas-dalas","10":"first","11":"instock","12":"shipping-taxable","13":"purchasable","14":"product-type-simple"},"aioseo_notices":[],"_links":{"self":[{"href":"https:\/\/kasima.lt\/lv\/wp-json\/wp\/v2\/product\/96783","targetHints":{"allow":["GET"]}}],"collection":[{"href":"https:\/\/kasima.lt\/lv\/wp-json\/wp\/v2\/product"}],"about":[{"href":"https:\/\/kasima.lt\/lv\/wp-json\/wp\/v2\/types\/product"}],"wp:featuredmedia":[{"embeddable":true,"href":"https:\/\/kasima.lt\/lv\/wp-json\/wp\/v2\/media\/96719"}],"wp:attachment":[{"href":"https:\/\/kasima.lt\/lv\/wp-json\/wp\/v2\/media?parent=96783"}],"wp:term":[{"taxonomy":"product_brand","embeddable":true,"href":"https:\/\/kasima.lt\/lv\/wp-json\/wp\/v2\/product_brand?post=96783"},{"taxonomy":"product_cat","embeddable":true,"href":"https:\/\/kasima.lt\/lv\/wp-json\/wp\/v2\/product_cat?post=96783"},{"taxonomy":"product_tag","embeddable":true,"href":"https:\/\/kasima.lt\/lv\/wp-json\/wp\/v2\/product_tag?post=96783"}],"curies":[{"name":"wp","href":"https:\/\/api.w.org\/{rel}","templated":true}]}}