{"id":96486,"date":"2026-03-05T08:10:10","date_gmt":"2026-03-05T06:10:10","guid":{"rendered":"https:\/\/kasima.lt\/produktas\/isuzu-4bg1t-variklis\/"},"modified":"2026-03-05T08:17:48","modified_gmt":"2026-03-05T06:17:48","slug":"isuzu-4bg1t-variklis","status":"publish","type":"product","link":"https:\/\/kasima.lt\/lv\/produktas\/isuzu-4bg1t-variklis\/","title":{"rendered":"Isuzu 4BG1T dzin\u0113js"},"content":{"rendered":"<p>Ori\u0123in\u0101la lietota deta\u013ca, iz\u0146emta no JCB JS130W (2007)<br \/>\nOEM dzin\u0113js JCB celtniec\u012bbas tehnikai<br \/>\nPiln\u012bb\u0101 p\u0101rbaud\u012bts un gatavs uzst\u0101d\u012b\u0161anai.<br \/>\nPieg\u0101de vis\u0101 pasaul\u0113.<br \/>\nSvars un izm\u0113ri pieg\u0101dei:<br \/>\n\u2022 aptuveni 300 kg<br \/>\n\u2022 800 x 600 x 800 mm<br \/>\nKataloga numurs:<br \/>\n\u2022 BB-4BG1T<br \/>\n\u2022 4BG1TABGC-04<br \/>\n\u2022 7SZXL04.3GTA<br \/>\n\u2022 332\/J2364N<br \/>\n\u2022 8971351830<br \/>\nDegvielas s\u016bk\u0146a numurs:<br \/>\n\u2022 101402-8250<br \/>\u2022 787V467008<br \/>\u2022 101041-8990<br \/>\u2022 897364-7320<\/p>\n<p><iframe loading=\"lazy\" title=\"ISUZU engine BB-4BG1T for sale\" width=\"1080\" height=\"608\" src=\"https:\/\/www.youtube.com\/embed\/2raXvjsANA0?feature=oembed\"  allow=\"accelerometer; autoplay; clipboard-write; encrypted-media; gyroscope; picture-in-picture; web-share\" referrerpolicy=\"strict-origin-when-cross-origin\" allowfullscreen><\/iframe><\/p>\n","protected":false},"excerpt":{"rendered":"<p>Cena bez PVN<\/p>\n<p>Ra\u017eot\u0101js: ISUZU<br \/>\nModelis: JS130W001<br \/>\nT\u0101lrunis: <a href=\"tel:+37060842988\">+37060842988<\/a><br \/>\nE-pasts: <a href=\"mailto:usedparts@kasima.lt\">usedparts@kasima.lt<\/a><\/p>\n","protected":false},"featured_media":96377,"template":"","meta":{"_et_pb_use_builder":"","_et_pb_old_content":"","_et_gb_content_width":"","_monsterinsights_skip_tracking":false,"_monsterinsights_sitenote_active":false,"_monsterinsights_sitenote_note":"","_monsterinsights_sitenote_category":0},"product_brand":[],"product_cat":[443,857,318,685,452,721,729],"product_tag":[],"class_list":{"0":"post-96486","1":"product","2":"type-product","3":"status-publish","4":"has-post-thumbnail","6":"product_cat-jcb-dalas","7":"product_cat-js130w-2007","8":"product_cat-lietotas-dalas","9":"product_cat-ekskavatoru-dalas","10":"product_cat-celtniecibas-tehnikas-dalas","11":"product_cat-motora-dalas","12":"product_cat-motori-un-to-detalas","14":"first","15":"instock","16":"shipping-taxable","17":"purchasable","18":"product-type-simple"},"aioseo_notices":[],"_links":{"self":[{"href":"https:\/\/kasima.lt\/lv\/wp-json\/wp\/v2\/product\/96486","targetHints":{"allow":["GET"]}}],"collection":[{"href":"https:\/\/kasima.lt\/lv\/wp-json\/wp\/v2\/product"}],"about":[{"href":"https:\/\/kasima.lt\/lv\/wp-json\/wp\/v2\/types\/product"}],"wp:featuredmedia":[{"embeddable":true,"href":"https:\/\/kasima.lt\/lv\/wp-json\/wp\/v2\/media\/96377"}],"wp:attachment":[{"href":"https:\/\/kasima.lt\/lv\/wp-json\/wp\/v2\/media?parent=96486"}],"wp:term":[{"taxonomy":"product_brand","embeddable":true,"href":"https:\/\/kasima.lt\/lv\/wp-json\/wp\/v2\/product_brand?post=96486"},{"taxonomy":"product_cat","embeddable":true,"href":"https:\/\/kasima.lt\/lv\/wp-json\/wp\/v2\/product_cat?post=96486"},{"taxonomy":"product_tag","embeddable":true,"href":"https:\/\/kasima.lt\/lv\/wp-json\/wp\/v2\/product_tag?post=96486"}],"curies":[{"name":"wp","href":"https:\/\/api.w.org\/{rel}","templated":true}]}}