{"id":96339,"date":"2026-03-03T23:32:34","date_gmt":"2026-03-03T21:32:34","guid":{"rendered":"https:\/\/kasima.lt\/produktas\/wirtgen-w210i-2013\/"},"modified":"2026-03-03T23:52:47","modified_gmt":"2026-03-03T21:52:47","slug":"wirtgen-w210i-2013","status":"publish","type":"product","link":"https:\/\/kasima.lt\/lv\/produktas\/wirtgen-w210i-2013\/","title":{"rendered":"Wirtgen W210i"},"content":{"rendered":"<p>Asfalta fr\u0113ze Wirtgen W 210i<br \/>P\u0101rdod tehniski \u013coti k\u0101rt\u012bgu un \u012bpa\u0161i bag\u0101t\u012bgas komplekt\u0101cijas asfalta fr\u0113z\u0113\u0161anas ma\u0161\u012bnu Wirtgen W 210i.<br \/>Lietuv\u0101 nav ekspluat\u0113ta.<\/p>\n<p>Modelis: Wirtgen W 210i<br \/>Izlaiduma gads: 2013. g.<br \/>Darba stundas: 6696 m\/h<br \/>Dzin\u0113js Cummins 283 + 224 kW (divu dzin\u0113ju sist\u0113ma)<br \/>Svars: Ekspluat\u0101cijas masa 28 880 kg<br \/>Fr\u0113z\u0113\u0161anas veltnis: FB2000<br \/>Fr\u0113z\u0113\u0161anas dzi\u013cums: no 0 l\u012bdz 330 mm<\/p>\n<p>Galven\u0101s priek\u0161roc\u012bbas un apr\u012bkojums:<br \/>\u016adens uzpilde: Integr\u0113ta pa\u0161uzs\u016bco\u0161a vakuuma \u016bdens uzpildes sist\u0113ma \u2013 \u0101tra un \u0113rta tvertnes papildin\u0101\u0161ana bez papildu apr\u012bkojuma.<br \/>\nSatiksmes regul\u0113\u0161ana: Uzst\u0101d\u012bta luksoforu sist\u0113ma dro\u0161ai un efekt\u012bvai transporta pl\u016bsmas vad\u012bbai darba laik\u0101.<br \/>\nFr\u0113z\u0113\u0161anas rotors &#8211; veltnis: FB2000 veltnis ar piln\u012bgi jauniem zobu tur\u0113t\u0101jiem un zobiem.<br \/>\nPutek\u013cu nos\u016bk\u0161ana: VCS (Vacuum Cutting System) putek\u013cu nos\u016bk\u0161anas sist\u0113ma t\u012br\u0101kai videi.<br \/>\nNivel\u0113\u0161ana: Digit\u0101l\u0101 vad\u012bbas sist\u0113ma ar papildu ekr\u0101niem operatoram un pal\u012bgam.<br \/>\nUzst\u0101d\u012bti Datalogic l\u0101zera sensori prec\u012bzai fr\u0113z\u0113\u0161anas dzi\u013cuma vad\u012bbai.<br \/>\nLevel Pro vad\u012bbas sist\u0113ma \u2013 autom\u0101tiska grie\u0161anas dzi\u013cuma vad\u012bba prec\u012bzai un efekt\u012bvai darba gaitai.<br \/>\nFr\u0113z\u0113\u0161anas elementu dzes\u0113\u0161anas sist\u0113ma \u2013 ar slodzei piel\u0101gojamu \u016bdens s\u016bkni, palielina komponentu kalpo\u0161anas laiku.<br \/>\nAugstspiediena manu\u0101l\u0101 mazg\u0101\u0161anas sist\u0113ma \u2013 tehnikas t\u012br\u012bbas uztur\u0113\u0161anai.<br \/>\nKonveijers: Hidrauliski salok\u0101ms konveijers ar aizsargp\u0101rsegu.<br \/>\nHidrauliski nolai\u017eams jumti\u0146\u0161 \u2013 \u0113rtai str\u0101d\u0101\u0161anai un transport\u0113\u0161anai.<br \/>\nIntegr\u0113ti papildu svari.<\/p>\n<p>Saprotam, ka invest\u012bcijas tehnik\u0101 prasa p\u0101rliec\u012bbu, t\u0101p\u0113c pied\u0101v\u0101jam iesp\u0113ju izm\u0113\u0123in\u0101t fr\u0113zi re\u0101los darbos pirms pirk\u0161anas un gal\u012bg\u0101 l\u0113muma pie\u0146em\u0161anas!<br \/>\nIesp\u0113jama pieg\u0101de uz J\u016bsu nor\u0101d\u012bto adresi Lietuv\u0101 un \u0101rzem\u0113s.<\/p>\n<p><iframe loading=\"lazy\" title=\"Wirtgen W210i\u2502 UAB KASIMA\" width=\"1080\" height=\"608\" src=\"https:\/\/www.youtube.com\/embed\/zGnZ6CZ4wPk?feature=oembed\"  allow=\"accelerometer; autoplay; clipboard-write; encrypted-media; gyroscope; picture-in-picture; web-share\" referrerpolicy=\"strict-origin-when-cross-origin\" allowfullscreen><\/iframe><\/p>\n","protected":false},"excerpt":{"rendered":"<p>Cena bez PVN<\/p>\n<p>Ra\u017eot\u0101js: Wirtgen<br \/>\nModelis: W210i<br \/>\nZvans: <a href=\"tel:+37067607071\">+37067607071<\/a><br \/>\nE-pasts: <a href=\"mailto:sales@kasima.lt\">sales@kasima.lt<\/a><\/p>\n","protected":false},"featured_media":96129,"template":"","meta":{"_et_pb_use_builder":"","_et_pb_old_content":"","_et_gb_content_width":"","_monsterinsights_skip_tracking":false,"_monsterinsights_sitenote_active":false,"_monsterinsights_sitenote_note":"","_monsterinsights_sitenote_category":0},"product_brand":[],"product_cat":[208],"product_tag":[],"class_list":{"0":"post-96339","1":"product","2":"type-product","3":"status-publish","4":"has-post-thumbnail","6":"product_cat-celu-buvnieciba","8":"first","9":"instock","10":"shipping-taxable","11":"product-type-simple"},"aioseo_notices":[],"_links":{"self":[{"href":"https:\/\/kasima.lt\/lv\/wp-json\/wp\/v2\/product\/96339","targetHints":{"allow":["GET"]}}],"collection":[{"href":"https:\/\/kasima.lt\/lv\/wp-json\/wp\/v2\/product"}],"about":[{"href":"https:\/\/kasima.lt\/lv\/wp-json\/wp\/v2\/types\/product"}],"wp:featuredmedia":[{"embeddable":true,"href":"https:\/\/kasima.lt\/lv\/wp-json\/wp\/v2\/media\/96129"}],"wp:attachment":[{"href":"https:\/\/kasima.lt\/lv\/wp-json\/wp\/v2\/media?parent=96339"}],"wp:term":[{"taxonomy":"product_brand","embeddable":true,"href":"https:\/\/kasima.lt\/lv\/wp-json\/wp\/v2\/product_brand?post=96339"},{"taxonomy":"product_cat","embeddable":true,"href":"https:\/\/kasima.lt\/lv\/wp-json\/wp\/v2\/product_cat?post=96339"},{"taxonomy":"product_tag","embeddable":true,"href":"https:\/\/kasima.lt\/lv\/wp-json\/wp\/v2\/product_tag?post=96339"}],"curies":[{"name":"wp","href":"https:\/\/api.w.org\/{rel}","templated":true}]}}