{"id":95967,"date":"2026-03-03T09:54:30","date_gmt":"2026-03-03T07:54:30","guid":{"rendered":"https:\/\/kasima.lt\/produktas\/jcb-js130w-vairo-valdymo-blokas-orbitrolas\/"},"modified":"2026-03-03T11:12:00","modified_gmt":"2026-03-03T09:12:00","slug":"jcb-js130w-vairo-valdymo-blokas-orbitrolas","status":"publish","type":"product","link":"https:\/\/kasima.lt\/lv\/produktas\/jcb-js130w-vairo-valdymo-blokas-orbitrolas\/","title":{"rendered":"JCB JS130W st\u016bres vad\u012bbas bloks, orbitrols"},"content":{"rendered":"<p>Ori\u0123in\u0101la lietota deta\u013ca, iz\u0146emta no JCB JS130W (2007)<br \/>\nOEM st\u016bres vad\u012bbas bloks JCB celtniec\u012bbas tehnikai.<br \/>\nPiln\u012bb\u0101 p\u0101rbaud\u012bts un gatavs uzst\u0101d\u012b\u0161anai.<br \/>\nPieg\u0101de vis\u0101 pasaul\u0113.<br \/>\nSvars un izm\u0113ri pieg\u0101dei:<br \/>\n\u2022 aptuveni 10 kg<br \/>\n\u2022 300 x 300 x 100 mm<br \/>\nKataloga numurs:<br \/>\n\u2022 JLJ0360<br \/>\n\u2022 D070102CJ<br \/>\n\u2022 6120005002<br \/>\n\u2022 140-2838<br \/>\n\u2022 JLJ0360Y-A<br \/>\n\u2022 070122ABV0168<br \/>\n\u2022 266-3006-002<\/p>\n","protected":false},"excerpt":{"rendered":"<p>Cena bez PVN<\/p>\n<p>Ra\u017eot\u0101js: JCB<br \/>\nModelis: JS130W054<br \/>\nT\u0101lrunis: <a href=\"tel:+37060842988\">+37060842988<\/a><br \/>\nE-pasts: <a href=\"mailto:usedparts@kasima.lt\">usedparts@kasima.lt<\/a><\/p>\n","protected":false},"featured_media":95938,"template":"","meta":{"_et_pb_use_builder":"","_et_pb_old_content":"","_et_gb_content_width":"","_monsterinsights_skip_tracking":false,"_monsterinsights_sitenote_active":false,"_monsterinsights_sitenote_note":"","_monsterinsights_sitenote_category":0},"product_brand":[],"product_cat":[633,318,685,452,677],"product_tag":[],"class_list":{"0":"post-95967","1":"product","2":"type-product","3":"status-publish","4":"has-post-thumbnail","6":"product_cat-hidrauliskie-varsti","7":"product_cat-lietotas-dalas","8":"product_cat-ekskavatoru-dalas","9":"product_cat-celtniecibas-tehnikas-dalas","10":"product_cat-stures-mehanismi","12":"first","13":"instock","14":"shipping-taxable","15":"purchasable","16":"product-type-simple"},"aioseo_notices":[],"_links":{"self":[{"href":"https:\/\/kasima.lt\/lv\/wp-json\/wp\/v2\/product\/95967","targetHints":{"allow":["GET"]}}],"collection":[{"href":"https:\/\/kasima.lt\/lv\/wp-json\/wp\/v2\/product"}],"about":[{"href":"https:\/\/kasima.lt\/lv\/wp-json\/wp\/v2\/types\/product"}],"wp:featuredmedia":[{"embeddable":true,"href":"https:\/\/kasima.lt\/lv\/wp-json\/wp\/v2\/media\/95938"}],"wp:attachment":[{"href":"https:\/\/kasima.lt\/lv\/wp-json\/wp\/v2\/media?parent=95967"}],"wp:term":[{"taxonomy":"product_brand","embeddable":true,"href":"https:\/\/kasima.lt\/lv\/wp-json\/wp\/v2\/product_brand?post=95967"},{"taxonomy":"product_cat","embeddable":true,"href":"https:\/\/kasima.lt\/lv\/wp-json\/wp\/v2\/product_cat?post=95967"},{"taxonomy":"product_tag","embeddable":true,"href":"https:\/\/kasima.lt\/lv\/wp-json\/wp\/v2\/product_tag?post=95967"}],"curies":[{"name":"wp","href":"https:\/\/api.w.org\/{rel}","templated":true}]}}