{"id":95274,"date":"2026-02-27T15:52:51","date_gmt":"2026-02-27T13:52:51","guid":{"rendered":"https:\/\/kasima.lt\/produktas\/linde-h45d-2008\/"},"modified":"2026-03-02T08:29:43","modified_gmt":"2026-03-02T06:29:43","slug":"linde-h45d-2008","status":"publish","type":"product","link":"https:\/\/kasima.lt\/lv\/produktas\/linde-h45d-2008\/","title":{"rendered":"Linde H45D"},"content":{"rendered":"<p>Lietuv\u0101 neekspluat\u0113ts Linde H45D d\u012bze\u013c\u0161\u016bkris<\/p>\n<p>Gads: 2008<br \/>\nDzin\u0113js: Volkswagen d\u012bze\u013cdzin\u0113js, 4 cilindri<br \/>\nJauda: 53 kW \/ 72 ZS<br \/>\nDarba stundas: 19 098 h<br \/>\nSt\u0101voklis: lietots, labi uztur\u0113ts<\/p>\n<p>Cel\u0161anas jauda: 4 500 kg<br \/>\nCel\u0161anas augstums: 3,15 m<br \/>\nPa\u0161masa: 6 500 kg<br \/>\nP\u0101rnesumk\u0101rba: Linde hidrostatisks piedzi\u0146as sist\u0113ma<br \/>\nRiepas: SOLID (ciet\u0101s)<br \/>\nKab\u012bne: ROPS\/FOPS aizsardz\u012bba, \u0113rta s\u0113dvieta<br \/>\nHidrauliskie vad\u012bbas elementi: Linde Load Control sist\u0113ma<\/p>\n<p>P\u0101rdo\u0161an\u0101 Lietuv\u0101 neekspluat\u0113ts Linde H45D \u0161\u016bkris \u2013 uzticama un jaud\u012bga tehnika, piem\u0113rota intens\u012bvam noliktavu un r\u016bpniec\u012bbas darbam. Stabilas cel\u0161anas \u012bpa\u0161\u012bbas, ergonomiska operatora vieta un paz\u012bstam\u0101 Linde uzticam\u012bba nodro\u0161ina efekt\u012bvu darbu un ilgu kalpo\u0161anas laiku. <\/p>\n<p>Iekr\u0101v\u0113ju tikko ir pieg\u0101d\u0101ts, tas ir izg\u0101jis tehnisko apskati.<br \/>\nApskate un test\u0113\u0161ana pieejama UAB KASIMA noliktav\u0101.<br \/>\nPieejama pieg\u0101de.<\/p>\n<p><iframe loading=\"lazy\" title=\"Linde H45D\u2502 UAB KASIMA\" width=\"1080\" height=\"608\" src=\"https:\/\/www.youtube.com\/embed\/ffLsh3DpXGw?feature=oembed\"  allow=\"accelerometer; autoplay; clipboard-write; encrypted-media; gyroscope; picture-in-picture; web-share\" referrerpolicy=\"strict-origin-when-cross-origin\" allowfullscreen><\/iframe><\/p>\n","protected":false},"excerpt":{"rendered":"<p>Cena bez PVN<\/p>\n<p>Ra\u017eot\u0101js: Linde<br \/>\nModelis: H45D<br \/>\nZvans: <a href=\"tel:+37067607071\">+37067607071<\/a><br \/>\nE-pasts: <a href=\"mailto:sales@kasima.lt\">sales@kasima.lt<\/a><\/p>\n","protected":false},"featured_media":95109,"template":"","meta":{"_et_pb_use_builder":"","_et_pb_old_content":"","_et_gb_content_width":"","_monsterinsights_skip_tracking":false,"_monsterinsights_sitenote_active":false,"_monsterinsights_sitenote_note":"","_monsterinsights_sitenote_category":0},"product_brand":[],"product_cat":[150],"product_tag":[],"class_list":{"0":"post-95274","1":"product","2":"type-product","3":"status-publish","4":"has-post-thumbnail","6":"product_cat-cita-tehnika","8":"first","9":"instock","10":"shipping-taxable","11":"purchasable","12":"product-type-simple"},"aioseo_notices":[],"_links":{"self":[{"href":"https:\/\/kasima.lt\/lv\/wp-json\/wp\/v2\/product\/95274","targetHints":{"allow":["GET"]}}],"collection":[{"href":"https:\/\/kasima.lt\/lv\/wp-json\/wp\/v2\/product"}],"about":[{"href":"https:\/\/kasima.lt\/lv\/wp-json\/wp\/v2\/types\/product"}],"wp:featuredmedia":[{"embeddable":true,"href":"https:\/\/kasima.lt\/lv\/wp-json\/wp\/v2\/media\/95109"}],"wp:attachment":[{"href":"https:\/\/kasima.lt\/lv\/wp-json\/wp\/v2\/media?parent=95274"}],"wp:term":[{"taxonomy":"product_brand","embeddable":true,"href":"https:\/\/kasima.lt\/lv\/wp-json\/wp\/v2\/product_brand?post=95274"},{"taxonomy":"product_cat","embeddable":true,"href":"https:\/\/kasima.lt\/lv\/wp-json\/wp\/v2\/product_cat?post=95274"},{"taxonomy":"product_tag","embeddable":true,"href":"https:\/\/kasima.lt\/lv\/wp-json\/wp\/v2\/product_tag?post=95274"}],"curies":[{"name":"wp","href":"https:\/\/api.w.org\/{rel}","templated":true}]}}