{"id":94968,"date":"2026-02-27T12:20:57","date_gmt":"2026-02-27T10:20:57","guid":{"rendered":"https:\/\/kasima.lt\/produktas\/wirtgen-w500-1994\/"},"modified":"2026-02-27T12:28:38","modified_gmt":"2026-02-27T10:28:38","slug":"wirtgen-w500-1994","status":"publish","type":"product","link":"https:\/\/kasima.lt\/lv\/produktas\/wirtgen-w500-1994\/","title":{"rendered":"Wirtgen W500"},"content":{"rendered":"<p>P\u0101rdo\u0161an\u0101 tehniski lab\u0101 st\u0101vokl\u012b, Latvij\u0101 v\u0113l neekspluat\u0113ta asfalta fr\u0113ze Wirtgen W500.<\/p>\n<p>Fr\u0113zei ir bijis tikai viens \u012bpa\u0161nieks, t\u0101p\u0113c t\u0101 ir \u013coti labi uztur\u0113ta un saglab\u0101jusies atbilsto\u0161i savam vecumam.<\/p>\n<p>Tehniskie dati:<br \/>\nIzlaiduma gads: 1994<br \/>\nDzin\u0113js: uzticams Iveco (79 kW)<br \/>\nDarba stundas: tikai 6 895 h<br \/>\nFr\u0113z\u0113\u0161anas platums: 500 mm<br \/>\nFr\u0113z\u0113\u0161anas dzi\u013cums: l\u012bdz 150 mm<\/p>\n<p>Priek\u0161roc\u012bbas un apr\u012bkojums:<br \/>\nRegul\u0113jams garais konveijers \u2013 \u0113rtai nofr\u0113z\u0113t\u0101 asfalta materi\u0101la iekrau\u0161anai.<br \/>\nDzes\u0113\u0161anas sist\u0113ma \u2013 apr\u012bkota ar efekt\u012bvu \u016bdens dzes\u0113\u0161anas sist\u0113mu fr\u0113z\u0113\u0161anas elementiem, kas pagarina griez\u0113jinstrumentu kalpo\u0161anas laiku.<br \/>\nSt\u0101voklis \u2013 \u013coti lab\u0101 k\u0101rt\u012bb\u0101 atbilsto\u0161i savam vecumam.<br \/>\nApkope \u2013 \u013coti vienk\u0101r\u0161a apkope un laika p\u0101rbaud\u012bts modelis.<\/p>\n<p>IZCILA IESP\u0112JA:<br \/>\nSaprotam, ka tehnikas ieg\u0101de ir nopietns ieguld\u012bjums, t\u0101p\u0113c pied\u0101v\u0101jam iesp\u0113ju izm\u0113\u0123in\u0101t fr\u0113zi re\u0101los darba apst\u0101k\u013cos pirms ieg\u0101des un gal\u012bg\u0101 l\u0113muma pie\u0146em\u0161anas.<\/p>\n<p>Iesp\u0113jama pieg\u0101de uz j\u016bsu nor\u0101d\u012bto adresi Latvij\u0101 un \u0101rvalst\u012bs.<\/p>\n<p><iframe loading=\"lazy\" title=\"Wirtgen W500\u2502 UAB KASIMA\" width=\"1080\" height=\"608\" src=\"https:\/\/www.youtube.com\/embed\/ROhTPJqkWhg?feature=oembed\"  allow=\"accelerometer; autoplay; clipboard-write; encrypted-media; gyroscope; picture-in-picture; web-share\" referrerpolicy=\"strict-origin-when-cross-origin\" allowfullscreen><\/iframe><\/p>\n","protected":false},"excerpt":{"rendered":"<p>Cena bez PVN<\/p>\n<p>Ra\u017eot\u0101js: Wirtgen<br \/>\nModelis: W500<br \/>\nZvan\u012bt: <a href=\"tel:+37067607071\">+37067607071<br \/>\n<\/a>E-pasts: <a href=\"mailto:sales@kasima.lt\">sales@kasima.lt<\/a><\/p>\n","protected":false},"featured_media":94864,"template":"","meta":{"_et_pb_use_builder":"","_et_pb_old_content":"","_et_gb_content_width":"","_monsterinsights_skip_tracking":false,"_monsterinsights_sitenote_active":false,"_monsterinsights_sitenote_note":"","_monsterinsights_sitenote_category":0},"product_brand":[],"product_cat":[208],"product_tag":[],"class_list":{"0":"post-94968","1":"product","2":"type-product","3":"status-publish","4":"has-post-thumbnail","6":"product_cat-celu-buvnieciba","8":"first","9":"instock","10":"shipping-taxable","11":"purchasable","12":"product-type-simple"},"aioseo_notices":[],"_links":{"self":[{"href":"https:\/\/kasima.lt\/lv\/wp-json\/wp\/v2\/product\/94968","targetHints":{"allow":["GET"]}}],"collection":[{"href":"https:\/\/kasima.lt\/lv\/wp-json\/wp\/v2\/product"}],"about":[{"href":"https:\/\/kasima.lt\/lv\/wp-json\/wp\/v2\/types\/product"}],"wp:featuredmedia":[{"embeddable":true,"href":"https:\/\/kasima.lt\/lv\/wp-json\/wp\/v2\/media\/94864"}],"wp:attachment":[{"href":"https:\/\/kasima.lt\/lv\/wp-json\/wp\/v2\/media?parent=94968"}],"wp:term":[{"taxonomy":"product_brand","embeddable":true,"href":"https:\/\/kasima.lt\/lv\/wp-json\/wp\/v2\/product_brand?post=94968"},{"taxonomy":"product_cat","embeddable":true,"href":"https:\/\/kasima.lt\/lv\/wp-json\/wp\/v2\/product_cat?post=94968"},{"taxonomy":"product_tag","embeddable":true,"href":"https:\/\/kasima.lt\/lv\/wp-json\/wp\/v2\/product_tag?post=94968"}],"curies":[{"name":"wp","href":"https:\/\/api.w.org\/{rel}","templated":true}]}}