{"id":94663,"date":"2026-02-25T16:38:16","date_gmt":"2026-02-25T14:38:16","guid":{"rendered":"https:\/\/kasima.lt\/produktas\/dieci-pegasus-50-21-630-moto-valandos\/"},"modified":"2026-02-25T16:46:56","modified_gmt":"2026-02-25T14:46:56","slug":"dieci-pegasus-50-21-630-moto-valandos","status":"publish","type":"product","link":"https:\/\/kasima.lt\/lv\/produktas\/dieci-pegasus-50-21-630-moto-valandos\/","title":{"rendered":"Dieci Pegasus 50.21 (630 moto stundas)"},"content":{"rendered":"<p>P\u0101rdo\u0161an\u0101 rot\u0113jo\u0161ais teleskopiskais iekr\u0101v\u0113js Dieci Pegasus 50.21<br \/>\u013boti lab\u0101 st\u0101vokl\u012b<br \/>\nLatvij\u0101 nav ekspluat\u0113ts<br \/>\nNodro\u0161in\u0101m garantiju<\/p>\n<p>Ra\u017eot\u0101js: DIECI<br \/>\nModelis: PEGASUS 50.21<br \/>\nDarba stundas: 630 h<br \/>\nIzlaiduma gads: 2020<br \/>\nEkspluat\u0101cijas s\u0101kums: 2022<br \/>\nCeltsp\u0113ja: 5 000 kg<br \/>\nCel\u0161anas augstums: 21 m<br \/>\nMaksim\u0101lais horizont\u0101lais izlices sniegums: 18 m<br \/>\nPa\u0161masa: 17 500 kg<br \/>\nDzin\u0113ja jauda: 96 kW<br \/>\nBrauk\u0161anas \u0101trums: 40 km\/h<\/p>\n<p>\u201cSoft Motion\u201d sist\u0113ma \u2013 \u013cauj \u013coti prec\u012bzi vad\u012bt hidrauliku, vienlaikus veicot l\u012bdz 5 funkcij\u0101m bez jaudas zuduma.<br \/>\u201cInching\u201d ped\u0101lis \u2013 \u013cauj operatoram uztur\u0113t augstus dzin\u0113ja apgriezienus (lai hidraulika darbotos \u0101tri), vienlaikus p\u0101rvietojoties uz priek\u0161u\/atpaka\u013c ar milimetra precizit\u0101ti.<br \/>T\u0101lvad\u012bba<br \/>\nAutonom\u0101 apkures sist\u0113ma<br \/>\nCentr\u0101l\u0101 e\u013c\u013co\u0161anas sist\u0113ma<br \/>\nKauss<br \/>\nHidraulisk\u0101s dak\u0161as<br \/>\nHidrauliskais cilv\u0113ku pacel\u0161anas grozs<br \/>\n5 tonnu hidraulisk\u0101 vin\u010da<br \/>\nCel\u0161anas str\u0113les pagarin\u0101jums (jib)<br \/>\nRezerves ritenis<\/p>\n<p>Iesp\u0113jama pieg\u0101de uz j\u016bsu nor\u0101d\u012bto adresi Latvij\u0101 un \u0101rvalst\u012bs.<\/p>\n<p><iframe loading=\"lazy\" title=\"Dieci Pegasus 50.21\u2502 UAB KASIMA\" width=\"1080\" height=\"608\" src=\"https:\/\/www.youtube.com\/embed\/UcDJCGXETEo?feature=oembed\"  allow=\"accelerometer; autoplay; clipboard-write; encrypted-media; gyroscope; picture-in-picture; web-share\" referrerpolicy=\"strict-origin-when-cross-origin\" allowfullscreen><\/iframe><\/p>\n","protected":false},"excerpt":{"rendered":"<p>Cena bez PVN<\/p>\n<p>Ra\u017eot\u0101js: Dieci<br \/>\nModelis: Pegasus 50.21<br \/>\nZvans: <a href=\"tel:+37067607071\">+37067607071<\/a><br \/>\nE-pasts: <a href=\"mailto:sales@kasima.lt\">sales@kasima.lt<\/a><\/p>\n","protected":false},"featured_media":94453,"template":"","meta":{"_et_pb_use_builder":"","_et_pb_old_content":"","_et_gb_content_width":"","_monsterinsights_skip_tracking":false,"_monsterinsights_sitenote_active":false,"_monsterinsights_sitenote_note":"","_monsterinsights_sitenote_category":0},"product_brand":[],"product_cat":[149],"product_tag":[],"class_list":{"0":"post-94663","1":"product","2":"type-product","3":"status-publish","4":"has-post-thumbnail","6":"product_cat-buvnieciba","8":"first","9":"instock","10":"shipping-taxable","11":"purchasable","12":"product-type-simple"},"aioseo_notices":[],"_links":{"self":[{"href":"https:\/\/kasima.lt\/lv\/wp-json\/wp\/v2\/product\/94663","targetHints":{"allow":["GET"]}}],"collection":[{"href":"https:\/\/kasima.lt\/lv\/wp-json\/wp\/v2\/product"}],"about":[{"href":"https:\/\/kasima.lt\/lv\/wp-json\/wp\/v2\/types\/product"}],"wp:featuredmedia":[{"embeddable":true,"href":"https:\/\/kasima.lt\/lv\/wp-json\/wp\/v2\/media\/94453"}],"wp:attachment":[{"href":"https:\/\/kasima.lt\/lv\/wp-json\/wp\/v2\/media?parent=94663"}],"wp:term":[{"taxonomy":"product_brand","embeddable":true,"href":"https:\/\/kasima.lt\/lv\/wp-json\/wp\/v2\/product_brand?post=94663"},{"taxonomy":"product_cat","embeddable":true,"href":"https:\/\/kasima.lt\/lv\/wp-json\/wp\/v2\/product_cat?post=94663"},{"taxonomy":"product_tag","embeddable":true,"href":"https:\/\/kasima.lt\/lv\/wp-json\/wp\/v2\/product_tag?post=94663"}],"curies":[{"name":"wp","href":"https:\/\/api.w.org\/{rel}","templated":true}]}}