{"id":94310,"date":"2026-02-19T14:22:27","date_gmt":"2026-02-19T12:22:27","guid":{"rendered":"https:\/\/kasima.lt\/produktas\/wirtgen-w50ri-2015\/"},"modified":"2026-02-19T14:33:15","modified_gmt":"2026-02-19T12:33:15","slug":"wirtgen-w50ri-2015","status":"publish","type":"product","link":"https:\/\/kasima.lt\/lv\/produktas\/wirtgen-w50ri-2015\/","title":{"rendered":"Wirtgen W50Ri"},"content":{"rendered":"<p>Wirtgen W50Ri<br \/>\nGads: 2015<br \/>\nDarba stundas: 4 097<br \/>\nSvars: 6 800 kg<br \/>\nDzin\u0113js: Deutz, 105 kW (140 ZS)<br \/>\nSt\u0101voklis: Lietota, lab\u0101 st\u0101vokl\u012b<\/p>\n<p>Apraksts:<br \/>\nP\u0101rdod Lietuv\u0101 neekspluat\u0113tu 2015 gada asfalta fr\u0113z\u0113\u0161anas ma\u0161\u012bnu Wirtgen W 50 Ri. Ide\u0101li piem\u0113rota pils\u0113tas ielu, ietvju un ierobe\u017eotas telpas objektu remontam. Uzticama izv\u0113le profesion\u0101lam un ekonomiskam darbam.  <\/p>\n<p>Tehniskie dati<br \/>\nFr\u0113z\u0113\u0161anas platums: 500 mm<br \/>\nMaks. fr\u0113z\u0113\u0161anas dzi\u013cums: l\u012bdz 210 mm<br \/>\nMaksim\u0101lais fr\u0113z\u0113\u0161anas \u0101trums: 0\u201348 m\/min<br \/>\n\u0160asija: 4 rite\u0146u piedzi\u0146a ar prec\u012bzu manevr\u0113jam\u012bbu <\/p>\n<p>Priek\u0161roc\u012bbas:<br \/>\nKonveijers: Hidrauliski vad\u0101ms un salok\u0101ms konveijers.<br \/>\nDzes\u0113\u0161anas sist\u0113ma: Apr\u012bkota ar fr\u0113z\u0113\u0161anas elementu dzes\u0113\u0161anas sist\u0113mu un \u016bdens s\u016bkni, kas tiek vad\u012bts atkar\u012bb\u0101 no slodzes.<br \/>\nLEVEL PRO PLUS: Autom\u0101tisk\u0101 fr\u0113z\u0113\u0161anas dzi\u013cuma kontroles sist\u0113ma.<br \/>\nJumti\u0146\u0161: Hidrauliski pace\u013cams stogeli\u0146\u0161\/nojume.<br \/>\nErgonomika: \u0112rta operatora darba vieta un ergonomiska vad\u012bba.<br \/>\nApkope: Vienk\u0101r\u0161a apkope un lieliska piek\u013cuve visiem komponentiem.<\/p>\n<p>Pieejam\u012bba un pakalpojumi:<br \/>\nAtrodas UAB KASIMA noliktav\u0101.<br \/>\nIesp\u0113jama tehnikas pieg\u0101de uz j\u016bsu nor\u0101d\u012bto adresi.<br \/>Sniegsim konsult\u0101cijas par lieto\u0161anu un apkopi.<\/p>\n<p><iframe loading=\"lazy\" title=\"Wirtgen W50Ri\u2502 UAB KASIMA\" width=\"1080\" height=\"608\" src=\"https:\/\/www.youtube.com\/embed\/NIsTCmNfy00?feature=oembed\"  allow=\"accelerometer; autoplay; clipboard-write; encrypted-media; gyroscope; picture-in-picture; web-share\" referrerpolicy=\"strict-origin-when-cross-origin\" allowfullscreen><\/iframe><\/p>\n","protected":false},"excerpt":{"rendered":"<p>Cena bez PVN<\/p>\n<p>Ra\u017eot\u0101js: Wirtgen<br \/>\nModelis: W50Ri<br \/>\nZvans: <a href=\"tel:+37067607071\">+37067607071<\/a><br \/>\nE-pasts: <a href=\"mailto:sales@kasima.lt\">sales@kasima.lt<\/a><\/p>\n","protected":false},"featured_media":94035,"template":"","meta":{"_et_pb_use_builder":"","_et_pb_old_content":"","_et_gb_content_width":"","_monsterinsights_skip_tracking":false,"_monsterinsights_sitenote_active":false,"_monsterinsights_sitenote_note":"","_monsterinsights_sitenote_category":0},"product_brand":[],"product_cat":[208],"product_tag":[],"class_list":{"0":"post-94310","1":"product","2":"type-product","3":"status-publish","4":"has-post-thumbnail","6":"product_cat-celu-buvnieciba","8":"first","9":"instock","10":"shipping-taxable","11":"purchasable","12":"product-type-simple"},"aioseo_notices":[],"_links":{"self":[{"href":"https:\/\/kasima.lt\/lv\/wp-json\/wp\/v2\/product\/94310","targetHints":{"allow":["GET"]}}],"collection":[{"href":"https:\/\/kasima.lt\/lv\/wp-json\/wp\/v2\/product"}],"about":[{"href":"https:\/\/kasima.lt\/lv\/wp-json\/wp\/v2\/types\/product"}],"wp:featuredmedia":[{"embeddable":true,"href":"https:\/\/kasima.lt\/lv\/wp-json\/wp\/v2\/media\/94035"}],"wp:attachment":[{"href":"https:\/\/kasima.lt\/lv\/wp-json\/wp\/v2\/media?parent=94310"}],"wp:term":[{"taxonomy":"product_brand","embeddable":true,"href":"https:\/\/kasima.lt\/lv\/wp-json\/wp\/v2\/product_brand?post=94310"},{"taxonomy":"product_cat","embeddable":true,"href":"https:\/\/kasima.lt\/lv\/wp-json\/wp\/v2\/product_cat?post=94310"},{"taxonomy":"product_tag","embeddable":true,"href":"https:\/\/kasima.lt\/lv\/wp-json\/wp\/v2\/product_tag?post=94310"}],"curies":[{"name":"wp","href":"https:\/\/api.w.org\/{rel}","templated":true}]}}