{"id":94030,"date":"2026-02-19T13:11:19","date_gmt":"2026-02-19T11:11:19","guid":{"rendered":"https:\/\/kasima.lt\/produktas\/wirtgen-w60ri-2016\/"},"modified":"2026-02-19T13:29:17","modified_gmt":"2026-02-19T11:29:17","slug":"wirtgen-w60ri-2016","status":"publish","type":"product","link":"https:\/\/kasima.lt\/lv\/produktas\/wirtgen-w60ri-2016\/","title":{"rendered":"Wirtgen W60Ri"},"content":{"rendered":"<p>Wirtgen W60Ri:<br \/>\nGads: 2016<br \/>\nDarba stundas: 3 278<br \/>\nSvars: 7 450 kg<br \/>\nMotors: Deutz, 105 kW (140 ZS)<br \/>\nSt\u0101voklis: Lietots, lab\u0101 st\u0101vokl\u012b<\/p>\n<p>Apraksts:<br \/>\nP\u0101rdod Lietuv\u0101 nelietotu Wirtgen W 60 Ri \u2013 2016. gada asfalta fr\u0113z\u0113\u0161anas ma\u0161\u012bnu. Ide\u0101li piem\u0113rota pils\u0113tas ielu, ietvju un ierobe\u017eotas plat\u012bbas objektu remontam. Uzticama izv\u0113le profesion\u0101liem un ekonomiskiem darbiem.  <\/p>\n<p>Tehniskie dati:<br \/>Fr\u0113z\u0113\u0161anas platums: 600 mm<br \/>\nMaksim\u0101lais fr\u0113z\u0113\u0161anas dzi\u013cums: l\u012bdz 210 mm<br \/>\nMaksim\u0101lais fr\u0113z\u0113\u0161anas \u0101trums: 0\u201345 m\/min<br \/>\n\u0160asija: 4 rite\u0146u piedzi\u0146a ar prec\u012bzu manevr\u0113\u0161anu <\/p>\n<p>Priek\u0161roc\u012bbas:<br \/>Konveijers: piln\u012bgi jauns, hidrauliski vad\u0101ms<br \/>\nUzst\u0101d\u012bta frezes elementu dzes\u0113\u0161anas sist\u0113ma, ar \u016bdens s\u016bkni atkar\u012bb\u0101 no slodzes<br \/>\nLEVEL PRO PLUS autom\u0101tiska fr\u0113z\u0113\u0161anas dzi\u013cuma kontrole<br \/>\nHidrauliski vad\u0101ms jumts<br \/>\nErgonomiska vad\u012bba, \u0113rta darba vieta operatoram<br \/>\nVienk\u0101r\u0161a apkope, komponenti labi pieejami<\/p>\n<p>Iesp\u0113jama komplekt\u0101cija ar 500 mm da\u017e\u0101da tipa fr\u0113z\u0113\u0161anas cilindriem<\/p>\n<p>Tehnika UAB KASIMA noliktav\u0101<br \/>\nIesp\u0113jama tehnikas pieg\u0101de uz j\u016bsu nor\u0101d\u012bto adresi<br \/>\nSniedzama konsult\u0101cija par lieto\u0161anu un apkopi<\/p>\n<p><iframe loading=\"lazy\" title=\"Wirtgen W60Ri\u2502 UAB KASIMA\" width=\"1080\" height=\"608\" src=\"https:\/\/www.youtube.com\/embed\/hs1m_9TrE7Q?feature=oembed\"  allow=\"accelerometer; autoplay; clipboard-write; encrypted-media; gyroscope; picture-in-picture; web-share\" referrerpolicy=\"strict-origin-when-cross-origin\" allowfullscreen><\/iframe><\/p>\n","protected":false},"excerpt":{"rendered":"<p>Cena bez PVN<\/p>\n<p>Ra\u017eot\u0101js: Wirtgen<br \/>\nModelis: W60Ri<br \/>\nZvans: <a href=\"tel:+37067607071\">+37067607071<\/a><br \/>\nE-pasts: <a href=\"mailto:sales@kasima.lt\">sales@kasima.lt<\/a><\/p>\n","protected":false},"featured_media":93780,"template":"","meta":{"_et_pb_use_builder":"","_et_pb_old_content":"","_et_gb_content_width":"","_monsterinsights_skip_tracking":false,"_monsterinsights_sitenote_active":false,"_monsterinsights_sitenote_note":"","_monsterinsights_sitenote_category":0},"product_brand":[],"product_cat":[208],"product_tag":[],"class_list":{"0":"post-94030","1":"product","2":"type-product","3":"status-publish","4":"has-post-thumbnail","6":"product_cat-celu-buvnieciba","8":"first","9":"outofstock","10":"shipping-taxable","11":"product-type-simple"},"aioseo_notices":[],"_links":{"self":[{"href":"https:\/\/kasima.lt\/lv\/wp-json\/wp\/v2\/product\/94030","targetHints":{"allow":["GET"]}}],"collection":[{"href":"https:\/\/kasima.lt\/lv\/wp-json\/wp\/v2\/product"}],"about":[{"href":"https:\/\/kasima.lt\/lv\/wp-json\/wp\/v2\/types\/product"}],"wp:featuredmedia":[{"embeddable":true,"href":"https:\/\/kasima.lt\/lv\/wp-json\/wp\/v2\/media\/93780"}],"wp:attachment":[{"href":"https:\/\/kasima.lt\/lv\/wp-json\/wp\/v2\/media?parent=94030"}],"wp:term":[{"taxonomy":"product_brand","embeddable":true,"href":"https:\/\/kasima.lt\/lv\/wp-json\/wp\/v2\/product_brand?post=94030"},{"taxonomy":"product_cat","embeddable":true,"href":"https:\/\/kasima.lt\/lv\/wp-json\/wp\/v2\/product_cat?post=94030"},{"taxonomy":"product_tag","embeddable":true,"href":"https:\/\/kasima.lt\/lv\/wp-json\/wp\/v2\/product_tag?post=94030"}],"curies":[{"name":"wp","href":"https:\/\/api.w.org\/{rel}","templated":true}]}}