{"id":93672,"date":"2026-02-17T16:50:19","date_gmt":"2026-02-17T14:50:19","guid":{"rendered":"https:\/\/kasima.lt\/produktas\/raytree-rmbd72st-mulceris\/"},"modified":"2026-02-17T16:54:25","modified_gmt":"2026-02-17T14:54:25","slug":"raytree-rmbd72st-mulceris","status":"publish","type":"product","link":"https:\/\/kasima.lt\/lv\/produktas\/raytree-rmbd72st-mulceris\/","title":{"rendered":"Raytree RMBD72ST mul\u010d\u0113t\u0101js"},"content":{"rendered":"<p>Ra\u017eot\u0101js: Raytree<br \/>\nModelis: RMBD72ST<br \/>\nUzkare: mini iekr\u0101v\u0113jam<br \/>\nNepiecie\u0161ams High Flow<br \/>\nDarba e\u013c\u013cas pl\u016bsma: 114\u2013170 l\/min<br \/>\nSvars: 1010 kg<br \/>\nDarba platums: 183 cm<br \/>\nKop\u0113jais platums: 211 cm<br \/>\nAizsardz\u012bba pret \u0161\u0137emb\u0101m<br \/>\nPiespied\u0113j r\u0101mis<br \/>\n4 rezerves mul\u010d\u0113\u0161anas zobu komplekts<\/p>\n","protected":false},"excerpt":{"rendered":"<p>Cena bez PVN<\/p>\n<p>Ra\u017eot\u0101js: Raytree<br \/>\nModelis: RMBD72ST<br \/>\nZvans: <a href=\"tel:+37067607071\">+37067607071<\/a><br \/>\nE-pasts: <a href=\"mailto:sales@kasima.lt\">sales@kasima.lt<\/a><\/p>\n","protected":false},"featured_media":93427,"template":"","meta":{"_et_pb_use_builder":"","_et_pb_old_content":"","_et_gb_content_width":"","_monsterinsights_skip_tracking":false,"_monsterinsights_sitenote_active":false,"_monsterinsights_sitenote_note":"","_monsterinsights_sitenote_category":0},"product_brand":[],"product_cat":[153,154,166,155,182,222,151],"product_tag":[],"class_list":{"0":"post-93672","1":"product","2":"type-product","3":"status-publish","4":"has-post-thumbnail","6":"product_cat-15-3-tonnas","7":"product_cat-3-5-tonnas","8":"product_cat-5-7-tonnas","9":"product_cat-jauns","10":"product_cat-mulceri","11":"product_cat-krumgriezi","12":"product_cat-mini-iekraveji","14":"first","15":"instock","16":"shipping-taxable","17":"purchasable","18":"product-type-simple"},"aioseo_notices":[],"_links":{"self":[{"href":"https:\/\/kasima.lt\/lv\/wp-json\/wp\/v2\/product\/93672","targetHints":{"allow":["GET"]}}],"collection":[{"href":"https:\/\/kasima.lt\/lv\/wp-json\/wp\/v2\/product"}],"about":[{"href":"https:\/\/kasima.lt\/lv\/wp-json\/wp\/v2\/types\/product"}],"wp:featuredmedia":[{"embeddable":true,"href":"https:\/\/kasima.lt\/lv\/wp-json\/wp\/v2\/media\/93427"}],"wp:attachment":[{"href":"https:\/\/kasima.lt\/lv\/wp-json\/wp\/v2\/media?parent=93672"}],"wp:term":[{"taxonomy":"product_brand","embeddable":true,"href":"https:\/\/kasima.lt\/lv\/wp-json\/wp\/v2\/product_brand?post=93672"},{"taxonomy":"product_cat","embeddable":true,"href":"https:\/\/kasima.lt\/lv\/wp-json\/wp\/v2\/product_cat?post=93672"},{"taxonomy":"product_tag","embeddable":true,"href":"https:\/\/kasima.lt\/lv\/wp-json\/wp\/v2\/product_tag?post=93672"}],"curies":[{"name":"wp","href":"https:\/\/api.w.org\/{rel}","templated":true}]}}