{"id":93365,"date":"2026-02-13T09:07:22","date_gmt":"2026-02-13T07:07:22","guid":{"rendered":"https:\/\/kasima.lt\/produktas\/caterpillar-ap255e\/"},"modified":"2026-02-20T11:53:26","modified_gmt":"2026-02-20T09:53:26","slug":"caterpillar-ap255e","status":"publish","type":"product","link":"https:\/\/kasima.lt\/lv\/produktas\/caterpillar-ap255e\/","title":{"rendered":"Caterpillar AP255E"},"content":{"rendered":"<p>P\u0101rdo\u0161an\u0101 Caterpillar AP255E (BB621E) \u2013 kompakts, uzticams un univers\u0101ls asfalta iekl\u0101j\u0113js, ide\u0101li piem\u0113rots ielu, ietvju, veloceli\u0146u un citu \u0161auru zonu asfalt\u0113\u0161anai.<\/p>\n<p>Tehniskie dati:<br \/>\nModelis: CAT AP255E<br \/>\nIzlaiduma gads: 2011<br \/>\nMoto stundas: 4 096 mh<br \/>\nDzin\u0113js: Caterpillar C2.2 \u2013 34,1 kW<br \/>\nSvars: 4 400 kg<br \/>\nIekl\u0101\u0161anas platums: l\u012bdz 3,0 m<br \/>\nBunkura tilpums: 3,1 m\u00b3<\/p>\n<p>Apr\u012bkojums un priek\u0161roc\u012bbas:<\/p>\n<p>K\u0101pur\u0137\u0113\u017eu \u0161asija ar gumijas uzlik\u0101m \u2013 lieliska sa\u0137ere un manevr\u0113tsp\u0113ja<br \/>\nHidrauliski papla\u0161in\u0101ms kl\u0101j\u0113js \u2013 \u0113rta piel\u0101go\u0161ana atbilsto\u0161i projektam<br \/>\n\u010cetru zonu elektrisk\u0101 kl\u0101j\u0113ja sild\u012b\u0161ana \u2013 \u0101tra uzsil\u0161ana un prec\u012bza temperat\u016bras kontrole<br \/>\nPapildu darba gaismas \u2013 lab\u0101ka redzam\u012bba str\u0101d\u0101jot tum\u0161aj\u0101 diennakts laik\u0101<br \/>\nErgonomiska operatora platforma \u2013 visas vad\u012bbas funkcijas vienuviet<\/p>\n<p>St\u0101voklis: Iek\u0101rta lab\u0101 darba k\u0101rt\u012bb\u0101, visas funkcijas darbojas nevainojami. Gatavs darbam. <\/p>\n<p>Iesp\u0113jama apskate un test\u0113\u0161ana UAB KASIMA laukum\u0101.<br \/>\nIesp\u0113jama pieg\u0101de uz klienta nor\u0101d\u012bto adresi Latvij\u0101 vai \u0101rvalst\u012bs.<\/p>\n<p><iframe loading=\"lazy\" title=\"CAT AP255E\u2502 UAB KASIMA\" width=\"1080\" height=\"608\" src=\"https:\/\/www.youtube.com\/embed\/CnglRYcik_8?feature=oembed\"  allow=\"accelerometer; autoplay; clipboard-write; encrypted-media; gyroscope; picture-in-picture; web-share\" referrerpolicy=\"strict-origin-when-cross-origin\" allowfullscreen><\/iframe><\/p>\n","protected":false},"excerpt":{"rendered":"<p>Cena bez PVN<\/p>\n<p>Ra\u017eot\u0101js: Caterpillar<br \/>\nModelis: AP255E (BB621E)<br \/>\nZvans: <a href=\"tel:+37067607071\">+37067607071<\/a><br \/>\nE-pasts: <a href=\"mailto:sales@kasima.lt\">sales@kasima.lt<\/a><\/p>\n","protected":false},"featured_media":93216,"template":"","meta":{"_et_pb_use_builder":"","_et_pb_old_content":"","_et_gb_content_width":"","_monsterinsights_skip_tracking":false,"_monsterinsights_sitenote_active":false,"_monsterinsights_sitenote_note":"","_monsterinsights_sitenote_category":0},"product_brand":[],"product_cat":[208],"product_tag":[],"class_list":{"0":"post-93365","1":"product","2":"type-product","3":"status-publish","4":"has-post-thumbnail","6":"product_cat-celu-buvnieciba","8":"first","9":"instock","10":"shipping-taxable","11":"purchasable","12":"product-type-simple"},"aioseo_notices":[],"_links":{"self":[{"href":"https:\/\/kasima.lt\/lv\/wp-json\/wp\/v2\/product\/93365","targetHints":{"allow":["GET"]}}],"collection":[{"href":"https:\/\/kasima.lt\/lv\/wp-json\/wp\/v2\/product"}],"about":[{"href":"https:\/\/kasima.lt\/lv\/wp-json\/wp\/v2\/types\/product"}],"wp:featuredmedia":[{"embeddable":true,"href":"https:\/\/kasima.lt\/lv\/wp-json\/wp\/v2\/media\/93216"}],"wp:attachment":[{"href":"https:\/\/kasima.lt\/lv\/wp-json\/wp\/v2\/media?parent=93365"}],"wp:term":[{"taxonomy":"product_brand","embeddable":true,"href":"https:\/\/kasima.lt\/lv\/wp-json\/wp\/v2\/product_brand?post=93365"},{"taxonomy":"product_cat","embeddable":true,"href":"https:\/\/kasima.lt\/lv\/wp-json\/wp\/v2\/product_cat?post=93365"},{"taxonomy":"product_tag","embeddable":true,"href":"https:\/\/kasima.lt\/lv\/wp-json\/wp\/v2\/product_tag?post=93365"}],"curies":[{"name":"wp","href":"https:\/\/api.w.org\/{rel}","templated":true}]}}