{"id":93210,"date":"2026-02-11T16:01:00","date_gmt":"2026-02-11T14:01:00","guid":{"rendered":"https:\/\/kasima.lt\/produktas\/manitou-mlt-633-ls-turbo-parduodamas-dalimis\/"},"modified":"2026-02-11T16:07:52","modified_gmt":"2026-02-11T14:07:52","slug":"manitou-mlt-633-ls-turbo-parduodamas-dalimis","status":"publish","type":"product","link":"https:\/\/kasima.lt\/lv\/produktas\/manitou-mlt-633-ls-turbo-parduodamas-dalimis\/","title":{"rendered":"Manitou MLT 633 LS Turbo p\u0101rdo\u0161ana pa da\u013c\u0101m"},"content":{"rendered":"<p>Manitou MLT 633 LS Turbo (2002)<br \/>\nPerkins 1004.40T dzin\u0113js<br \/>\n\u2022 AK81335<br \/>\n\u2022 U237695J<br \/>\nUgunsgr\u0113ka rezult\u0101t\u0101 boj\u0101ta kab\u012bnes iek\u0161puse.<br \/>\nDzin\u0113js, hidraulika un citas deta\u013cas lab\u0101 st\u0101vokl\u012b.<\/p>\n","protected":false},"excerpt":{"rendered":"<p>Cena bez PVN<\/p>\n<p>Ra\u017eot\u0101js: MANITOU<br \/>\nModelis: Manitou MLT 633 LS Turbo<br \/>\nT\u0101lrunis: <a href=\"tel:+37060842988\">+37060842988<\/a><br \/>\nE-pasts: <a href=\"mailto:usedparts@kasima.lt\">usedparts@kasima.lt<\/a><\/p>\n","protected":false},"featured_media":93201,"template":"","meta":{"_et_pb_use_builder":"","_et_pb_old_content":"","_et_gb_content_width":"","_monsterinsights_skip_tracking":false,"_monsterinsights_sitenote_active":false,"_monsterinsights_sitenote_note":"","_monsterinsights_sitenote_category":0},"product_brand":[],"product_cat":[947,464,318,452],"product_tag":[],"class_list":{"0":"post-93210","1":"product","2":"type-product","3":"status-publish","4":"has-post-thumbnail","6":"product_cat-mlt-633-tls","7":"product_cat-manitou-dalas","8":"product_cat-lietotas-dalas","9":"product_cat-celtniecibas-tehnikas-dalas","11":"first","12":"instock","13":"shipping-taxable","14":"product-type-simple"},"aioseo_notices":[],"_links":{"self":[{"href":"https:\/\/kasima.lt\/lv\/wp-json\/wp\/v2\/product\/93210","targetHints":{"allow":["GET"]}}],"collection":[{"href":"https:\/\/kasima.lt\/lv\/wp-json\/wp\/v2\/product"}],"about":[{"href":"https:\/\/kasima.lt\/lv\/wp-json\/wp\/v2\/types\/product"}],"wp:featuredmedia":[{"embeddable":true,"href":"https:\/\/kasima.lt\/lv\/wp-json\/wp\/v2\/media\/93201"}],"wp:attachment":[{"href":"https:\/\/kasima.lt\/lv\/wp-json\/wp\/v2\/media?parent=93210"}],"wp:term":[{"taxonomy":"product_brand","embeddable":true,"href":"https:\/\/kasima.lt\/lv\/wp-json\/wp\/v2\/product_brand?post=93210"},{"taxonomy":"product_cat","embeddable":true,"href":"https:\/\/kasima.lt\/lv\/wp-json\/wp\/v2\/product_cat?post=93210"},{"taxonomy":"product_tag","embeddable":true,"href":"https:\/\/kasima.lt\/lv\/wp-json\/wp\/v2\/product_tag?post=93210"}],"curies":[{"name":"wp","href":"https:\/\/api.w.org\/{rel}","templated":true}]}}