{"id":93190,"date":"2026-02-03T11:58:40","date_gmt":"2026-02-03T09:58:40","guid":{"rendered":"https:\/\/kasima.lt\/produktas\/bomag-bw211-d-4-2\/"},"modified":"2026-02-05T13:13:50","modified_gmt":"2026-02-05T11:13:50","slug":"bomag-bw211-d-4-2","status":"publish","type":"product","link":"https:\/\/kasima.lt\/lv\/produktas\/bomag-bw211-d-4-2\/","title":{"rendered":"BOMAG BW211 D-4"},"content":{"rendered":"<p>Augsnes vibroveltnis BOMAG BW 211 D-4 p\u0101rdo\u0161an\u0101 (2007)<\/p>\n<p>Modelis: BW 211 D-4<br \/>\nIzlaiduma gads: 2007<br \/>\nDarba stundas: 9 347 h<br \/>\nDzin\u0113js: Deutz d\u012bze\u013cdzin\u0113js, 99 kW<br \/>\nPa\u0161masa: apm. 11 000 kg<br \/>\nMaksim\u0101l\u0101 masa: 13 790 kg<br \/>\nVeltnes platums: 2,13 m<\/p>\n<p>Gatavs darbam.<br \/>\nIesp\u0113jama apskate un test\u0113\u0161ana UAB KASIMA laukum\u0101.<br \/>\nIesp\u0113jama pieg\u0101de uz klienta nor\u0101d\u012bto adresi.<\/p>\n<p><iframe loading=\"lazy\" title=\"Bomag BW211 D-4 \u2502 UAB KASIMA\" width=\"1080\" height=\"608\" src=\"https:\/\/www.youtube.com\/embed\/SjZcDVXpY14?feature=oembed\"  allow=\"accelerometer; autoplay; clipboard-write; encrypted-media; gyroscope; picture-in-picture; web-share\" referrerpolicy=\"strict-origin-when-cross-origin\" allowfullscreen><\/iframe><\/p>\n","protected":false},"excerpt":{"rendered":"<p>Cena bez PVN<\/p>\n<p>Ra\u017eot\u0101js: BOMAG<br \/>\nModelis: BW211 D-4<br \/>\nZvans: <a href=\"tel:+37067607071\">+37067607071<\/a><br \/>\nE-pasts: <a href=\"mailto:sales@kasima.lt\">sales@kasima.lt<\/a><\/p>\n","protected":false},"featured_media":92995,"template":"","meta":{"_et_pb_use_builder":"","_et_pb_old_content":"","_et_gb_content_width":"","_monsterinsights_skip_tracking":false,"_monsterinsights_sitenote_active":false,"_monsterinsights_sitenote_note":"","_monsterinsights_sitenote_category":0},"product_brand":[],"product_cat":[208,149,150],"product_tag":[],"class_list":{"0":"post-93190","1":"product","2":"type-product","3":"status-publish","4":"has-post-thumbnail","6":"product_cat-celu-buvnieciba","7":"product_cat-buvnieciba","8":"product_cat-cita-tehnika","10":"first","11":"instock","12":"shipping-taxable","13":"purchasable","14":"product-type-simple"},"aioseo_notices":[],"_links":{"self":[{"href":"https:\/\/kasima.lt\/lv\/wp-json\/wp\/v2\/product\/93190","targetHints":{"allow":["GET"]}}],"collection":[{"href":"https:\/\/kasima.lt\/lv\/wp-json\/wp\/v2\/product"}],"about":[{"href":"https:\/\/kasima.lt\/lv\/wp-json\/wp\/v2\/types\/product"}],"wp:featuredmedia":[{"embeddable":true,"href":"https:\/\/kasima.lt\/lv\/wp-json\/wp\/v2\/media\/92995"}],"wp:attachment":[{"href":"https:\/\/kasima.lt\/lv\/wp-json\/wp\/v2\/media?parent=93190"}],"wp:term":[{"taxonomy":"product_brand","embeddable":true,"href":"https:\/\/kasima.lt\/lv\/wp-json\/wp\/v2\/product_brand?post=93190"},{"taxonomy":"product_cat","embeddable":true,"href":"https:\/\/kasima.lt\/lv\/wp-json\/wp\/v2\/product_cat?post=93190"},{"taxonomy":"product_tag","embeddable":true,"href":"https:\/\/kasima.lt\/lv\/wp-json\/wp\/v2\/product_tag?post=93190"}],"curies":[{"name":"wp","href":"https:\/\/api.w.org\/{rel}","templated":true}]}}