{"id":92932,"date":"2026-01-27T13:08:41","date_gmt":"2026-01-27T11:08:41","guid":{"rendered":"https:\/\/kasima.lt\/produktas\/hamm-h-13i-2017\/"},"modified":"2026-01-27T13:21:31","modified_gmt":"2026-01-27T11:21:31","slug":"hamm-h-13i-2017","status":"publish","type":"product","link":"https:\/\/kasima.lt\/lv\/produktas\/hamm-h-13i-2017\/","title":{"rendered":"Hamm H 13i (2017)"},"content":{"rendered":"<p>P\u0101rdod lielisk\u0101 darba st\u0101vokl\u012b eso\u0161u grunts veltni Hamm H13i <\/p>\n<p>Tehniskie dati:<\/p>\n<p>Marka \/ Modelis: Hamm H13i<br \/>\nIzlaiduma gads: 2017. g.<br \/>\nJauda: 115 kW (Deutz dzin\u0113js)<br \/>\nDarba stundas: 5 538 m\/st.<br \/>\nSvars: aptuveni 13 000 kg<br \/>\nMaksim\u0101lais darba svars: 15 870 kg<br \/>\nTips: Vienas bungas grunts veltnis<br \/>\nApr\u012bkojums: Integr\u0113ta HCQ (Hamm Compaction Quality) sist\u0113ma<br \/>\nKomforts: Gaisa kondicionieris<\/p>\n<p>Papildus komplekt\u0101cij\u0101 ietilpst segmentu izci\u013c\u0146u apvalku komplekts. <\/p>\n<p>Piln\u012bb\u0101 sagatavots darbam.<br \/>\nApskate un test\u0113\u0161ana iesp\u0113jama UAB KASIMA laukum\u0101.<br \/>\nIesp\u0113jama pieg\u0101de uz klienta nor\u0101d\u012bto adresi Lietuv\u0101 vai \u0101rzem\u0113s.<\/p>\n<p><iframe loading=\"lazy\" title=\"Hamm H 13i \u2502 UAB KASIMA\" width=\"1080\" height=\"608\" src=\"https:\/\/www.youtube.com\/embed\/ALkwfEdfM-k?feature=oembed\"  allow=\"accelerometer; autoplay; clipboard-write; encrypted-media; gyroscope; picture-in-picture; web-share\" referrerpolicy=\"strict-origin-when-cross-origin\" allowfullscreen><\/iframe><\/p>\n","protected":false},"excerpt":{"rendered":"<p>Cena bez PVN<\/p>\n<p>Ra\u017eot\u0101js: Hamm<br \/>\nModelis: H 13i<br \/>\nZvans: <a href=\"tel:+37067607071\">+37067607071<\/a><br \/>\nE-pasts: <a href=\"mailto:sales@kasima.lt\">sales@kasima.lt<\/a><\/p>\n","protected":false},"featured_media":92783,"template":"","meta":{"_et_pb_use_builder":"","_et_pb_old_content":"","_et_gb_content_width":"","_monsterinsights_skip_tracking":false,"_monsterinsights_sitenote_active":false,"_monsterinsights_sitenote_note":"","_monsterinsights_sitenote_category":0},"product_brand":[],"product_cat":[208,149,150],"product_tag":[],"class_list":{"0":"post-92932","1":"product","2":"type-product","3":"status-publish","4":"has-post-thumbnail","6":"product_cat-celu-buvnieciba","7":"product_cat-buvnieciba","8":"product_cat-cita-tehnika","10":"first","11":"instock","12":"shipping-taxable","13":"purchasable","14":"product-type-simple"},"aioseo_notices":[],"_links":{"self":[{"href":"https:\/\/kasima.lt\/lv\/wp-json\/wp\/v2\/product\/92932","targetHints":{"allow":["GET"]}}],"collection":[{"href":"https:\/\/kasima.lt\/lv\/wp-json\/wp\/v2\/product"}],"about":[{"href":"https:\/\/kasima.lt\/lv\/wp-json\/wp\/v2\/types\/product"}],"wp:featuredmedia":[{"embeddable":true,"href":"https:\/\/kasima.lt\/lv\/wp-json\/wp\/v2\/media\/92783"}],"wp:attachment":[{"href":"https:\/\/kasima.lt\/lv\/wp-json\/wp\/v2\/media?parent=92932"}],"wp:term":[{"taxonomy":"product_brand","embeddable":true,"href":"https:\/\/kasima.lt\/lv\/wp-json\/wp\/v2\/product_brand?post=92932"},{"taxonomy":"product_cat","embeddable":true,"href":"https:\/\/kasima.lt\/lv\/wp-json\/wp\/v2\/product_cat?post=92932"},{"taxonomy":"product_tag","embeddable":true,"href":"https:\/\/kasima.lt\/lv\/wp-json\/wp\/v2\/product_tag?post=92932"}],"curies":[{"name":"wp","href":"https:\/\/api.w.org\/{rel}","templated":true}]}}