{"id":92471,"date":"2026-01-16T07:54:53","date_gmt":"2026-01-16T07:54:53","guid":{"rendered":"https:\/\/kasima.lt\/produktas\/cat-303e-kuro-vandens-separatoriaus-filtras\/"},"modified":"2026-01-16T08:07:46","modified_gmt":"2026-01-16T08:07:46","slug":"cat-303e-kuro-vandens-separatoriaus-filtras","status":"publish","type":"product","link":"https:\/\/kasima.lt\/lv\/produktas\/cat-303e-kuro-vandens-separatoriaus-filtras\/","title":{"rendered":"CAT 303E degvielas\/\u016bdens separatora filtrs"},"content":{"rendered":"<p>Originali naudota detal\u0117, i\u0161imta i\u0161 CAT 303E (2019)<br \/>\nOEM filtras CAT mini ekskavatoriams<br \/>\nVisi\u0161kai patikrintas ir paruo\u0161tas montavimui<br \/>\nPristatymas visame pasaulyje.<br \/>\nSvoris ir matmenys pristatymui:<br \/>\n\u2022 Apie 1 kg<br \/>\n\u2022 100 x 100 x 300 mm<br \/>\nKatalogo numeris:<br \/>\n\u2022 112-9401<br \/>\n\u2022 118-8118<br \/>\n\u2022 149-3516<\/p>\n","protected":false},"excerpt":{"rendered":"<p>Cena bez PVN<\/p>\n<p>Ra\u017eot\u0101js: CAT<br \/>\nModelis: CAT303E074<br \/>\nT\u0101lrunis: <a href=\"tel:+37060842988\">+37060842988<\/a><br \/>\nE-pasts: <a href=\"mailto:usedparts@kasima.lt\">usedparts@kasima.lt<\/a><\/p>\n","protected":false},"featured_media":92447,"template":"","meta":{"_et_pb_use_builder":"","_et_pb_old_content":"","_et_gb_content_width":"","_monsterinsights_skip_tracking":false,"_monsterinsights_sitenote_active":false,"_monsterinsights_sitenote_note":"","_monsterinsights_sitenote_category":0},"product_brand":[],"product_cat":[882,937,518,318,685,452,725],"product_tag":[],"class_list":{"0":"post-92471","1":"product","2":"type-product","3":"status-publish","4":"has-post-thumbnail","6":"product_cat-882","7":"product_cat-filtri","8":"product_cat-cat-dalas","9":"product_cat-lietotas-dalas","10":"product_cat-ekskavatoru-dalas","11":"product_cat-celtniecibas-tehnikas-dalas","12":"product_cat-degvielas-sistemas-dalas","14":"first","15":"instock","16":"shipping-taxable","17":"purchasable","18":"product-type-simple"},"aioseo_notices":[],"_links":{"self":[{"href":"https:\/\/kasima.lt\/lv\/wp-json\/wp\/v2\/product\/92471","targetHints":{"allow":["GET"]}}],"collection":[{"href":"https:\/\/kasima.lt\/lv\/wp-json\/wp\/v2\/product"}],"about":[{"href":"https:\/\/kasima.lt\/lv\/wp-json\/wp\/v2\/types\/product"}],"wp:featuredmedia":[{"embeddable":true,"href":"https:\/\/kasima.lt\/lv\/wp-json\/wp\/v2\/media\/92447"}],"wp:attachment":[{"href":"https:\/\/kasima.lt\/lv\/wp-json\/wp\/v2\/media?parent=92471"}],"wp:term":[{"taxonomy":"product_brand","embeddable":true,"href":"https:\/\/kasima.lt\/lv\/wp-json\/wp\/v2\/product_brand?post=92471"},{"taxonomy":"product_cat","embeddable":true,"href":"https:\/\/kasima.lt\/lv\/wp-json\/wp\/v2\/product_cat?post=92471"},{"taxonomy":"product_tag","embeddable":true,"href":"https:\/\/kasima.lt\/lv\/wp-json\/wp\/v2\/product_tag?post=92471"}],"curies":[{"name":"wp","href":"https:\/\/api.w.org\/{rel}","templated":true}]}}