{"id":92281,"date":"2026-01-14T07:21:44","date_gmt":"2026-01-14T07:21:44","guid":{"rendered":"https:\/\/kasima.lt\/produktas\/betono-trupinimo-ziaunos-ksm-sc2000\/"},"modified":"2026-01-14T07:25:37","modified_gmt":"2026-01-14T07:25:37","slug":"betono-trupinimo-ziaunos-ksm-sc2000","status":"publish","type":"product","link":"https:\/\/kasima.lt\/lv\/produktas\/betono-trupinimo-ziaunos-ksm-sc2000\/","title":{"rendered":"Betona drupin\u0101\u0161anas \u017eaunas KSM SC2000"},"content":{"rendered":"<p>KSM SC2000 ir augstas veiktsp\u0113jas hidrauliskais drupin\u0101t\u0101js ar hidraulisko rotoru, kas paredz\u0113ts ekskavatoriem ar kravnes\u012bbu no 22 l\u012bdz 35 tonn\u0101m. \u0160is modelis ir ide\u0101li piem\u0113rots profesion\u0101lai betona, \u0137ie\u0123e\u013cu un konstrukciju drupin\u0101\u0161anai un armat\u016bras atdal\u012b\u0161anai, nodro\u0161inot augstu produktivit\u0101ti pat visgr\u016bt\u0101kajos nojauk\u0161anas darbos. <\/p>\n<p>Tehniskie dati:<\/p>\n<p>Modelis: KSM SC2000<br \/>\nIeteicam\u0101 ekskavatora masa: 22 &#8211; 35 t<br \/>\nVad\u012bba: papildu l\u012bnija ar hidraulisko v\u0101rstu<br \/>\nRotors: hidrauliskais<br \/>\nSvars (atkar\u012bb\u0101 no apr\u012bkojuma): aptuveni 1900 kg<br \/>\nHidraulikas darba spiediens: l\u012bdz 320 bar<br \/>\nMaks. \u017daunu atv\u0113rums: 975 mm<br \/>\n\u0160\u0137\u0113res augstums: 2250 mm<br \/>\n\u0160\u0137\u0113res platums: 530 mm<br \/>\nSpie\u0161anas jauda: 235 t. <\/p>\n","protected":false},"excerpt":{"rendered":"<p>Cena bez PVN<\/p>\n<p>Ra\u017eot\u0101js: KSM Attachments<br \/>\nModelis: SC2000<br \/>\nZvans: <a href=\"tel:+37067607071\">+37067607071<\/a><br \/>\nE-pasts: <a href=\"mailto:sales@kasima.lt\">sales@kasima.lt<\/a><\/p>\n","protected":false},"featured_media":92187,"template":"","meta":{"_et_pb_use_builder":"","_et_pb_old_content":"","_et_gb_content_width":"","_monsterinsights_skip_tracking":false,"_monsterinsights_sitenote_active":false,"_monsterinsights_sitenote_note":"","_monsterinsights_sitenote_category":0},"product_brand":[],"product_cat":[247,248,155,237,185],"product_tag":[],"class_list":{"0":"post-92281","1":"product","2":"type-product","3":"status-publish","4":"has-post-thumbnail","6":"product_cat-20-25-tonnas","7":"product_cat-25-tonnas-un-vairak","8":"product_cat-jauns","9":"product_cat-citi-piederumi","10":"product_cat-ekskavators","12":"first","13":"instock","14":"shipping-taxable","15":"purchasable","16":"product-type-simple"},"aioseo_notices":[],"_links":{"self":[{"href":"https:\/\/kasima.lt\/lv\/wp-json\/wp\/v2\/product\/92281","targetHints":{"allow":["GET"]}}],"collection":[{"href":"https:\/\/kasima.lt\/lv\/wp-json\/wp\/v2\/product"}],"about":[{"href":"https:\/\/kasima.lt\/lv\/wp-json\/wp\/v2\/types\/product"}],"wp:featuredmedia":[{"embeddable":true,"href":"https:\/\/kasima.lt\/lv\/wp-json\/wp\/v2\/media\/92187"}],"wp:attachment":[{"href":"https:\/\/kasima.lt\/lv\/wp-json\/wp\/v2\/media?parent=92281"}],"wp:term":[{"taxonomy":"product_brand","embeddable":true,"href":"https:\/\/kasima.lt\/lv\/wp-json\/wp\/v2\/product_brand?post=92281"},{"taxonomy":"product_cat","embeddable":true,"href":"https:\/\/kasima.lt\/lv\/wp-json\/wp\/v2\/product_cat?post=92281"},{"taxonomy":"product_tag","embeddable":true,"href":"https:\/\/kasima.lt\/lv\/wp-json\/wp\/v2\/product_tag?post=92281"}],"curies":[{"name":"wp","href":"https:\/\/api.w.org\/{rel}","templated":true}]}}