{"id":92182,"date":"2026-01-14T07:01:16","date_gmt":"2026-01-14T07:01:16","guid":{"rendered":"https:\/\/kasima.lt\/produktas\/hidraulines-zirkles-ksm-ps160\/"},"modified":"2026-01-14T07:05:16","modified_gmt":"2026-01-14T07:05:16","slug":"hidraulines-zirkles-ksm-ps160","status":"publish","type":"product","link":"https:\/\/kasima.lt\/lv\/produktas\/hidraulines-zirkles-ksm-ps160\/","title":{"rendered":"Hidraulisk\u0101s \u0161\u0137\u0113res KSM PS160"},"content":{"rendered":"<p>KSM PS160 ir jaud\u012bgas un uzticamas hidraulisk\u0101s \u0161\u0137\u0113res ar hidraulisko rotoru, kas paredz\u0113tas darbam ar ekskavatoriem ar kravnes\u012bbu no 12 l\u012bdz 18 tonn\u0101m. T\u0101 nodro\u0161ina augstu precizit\u0101ti, lielu grie\u0161anas jaudu un daudzpus\u012bbu, kas piem\u0113rota da\u017e\u0101diem b\u016bvniec\u012bbas, nojauk\u0161anas un p\u0101rstr\u0101des darbiem. <\/p>\n<p>Tehniskie dati:<\/p>\n<p>Modelis: KSM PS160<br \/>\nIeteicamais ekskavatora svars: 12 &#8211; 18 t<br \/>\nVad\u012bba: elektromagn\u0113tisk\u0101<br \/>\nRotors: hidrauliskais<br \/>\nSvars: aptuveni 1 350 kg<br \/>\nHidrauliskais darba spiediens: l\u012bdz 300 bar<br \/>\nMaks. 780 mm<br \/>\n\u0160\u0137\u0113res augstums: 210 cm<br \/>\n\u0160\u0137\u0113res platums: 116 cm<br \/>\nSaspie\u0161anas jauda: 960 kN<br \/>\n\u0160\u0137\u0113res asme\u0146i: 15 cm. <\/p>\n","protected":false},"excerpt":{"rendered":"<p>Cena bez PVN<\/p>\n<p>Ra\u017eot\u0101js: KSM Attachments<br \/>\nModelis: PS160<br \/>\nZvans: <a href=\"tel:+37067607071\">+37067607071<\/a><br \/>\nE-pasts: <a href=\"mailto:sales@kasima.lt\">sales@kasima.lt<\/a><\/p>\n","protected":false},"featured_media":92062,"template":"","meta":{"_et_pb_use_builder":"","_et_pb_old_content":"","_et_gb_content_width":"","_monsterinsights_skip_tracking":false,"_monsterinsights_sitenote_active":false,"_monsterinsights_sitenote_note":"","_monsterinsights_sitenote_category":0},"product_brand":[],"product_cat":[171,174,229,155,237,185],"product_tag":[],"class_list":{"0":"post-92182","1":"product","2":"type-product","3":"status-publish","4":"has-post-thumbnail","6":"product_cat-10-13-tonnas","7":"product_cat-13-16-tonnas","8":"product_cat-16-20-tonnas","9":"product_cat-jauns","10":"product_cat-citi-piederumi","11":"product_cat-ekskavators","13":"first","14":"instock","15":"shipping-taxable","16":"purchasable","17":"product-type-simple"},"aioseo_notices":[],"_links":{"self":[{"href":"https:\/\/kasima.lt\/lv\/wp-json\/wp\/v2\/product\/92182","targetHints":{"allow":["GET"]}}],"collection":[{"href":"https:\/\/kasima.lt\/lv\/wp-json\/wp\/v2\/product"}],"about":[{"href":"https:\/\/kasima.lt\/lv\/wp-json\/wp\/v2\/types\/product"}],"wp:featuredmedia":[{"embeddable":true,"href":"https:\/\/kasima.lt\/lv\/wp-json\/wp\/v2\/media\/92062"}],"wp:attachment":[{"href":"https:\/\/kasima.lt\/lv\/wp-json\/wp\/v2\/media?parent=92182"}],"wp:term":[{"taxonomy":"product_brand","embeddable":true,"href":"https:\/\/kasima.lt\/lv\/wp-json\/wp\/v2\/product_brand?post=92182"},{"taxonomy":"product_cat","embeddable":true,"href":"https:\/\/kasima.lt\/lv\/wp-json\/wp\/v2\/product_cat?post=92182"},{"taxonomy":"product_tag","embeddable":true,"href":"https:\/\/kasima.lt\/lv\/wp-json\/wp\/v2\/product_tag?post=92182"}],"curies":[{"name":"wp","href":"https:\/\/api.w.org\/{rel}","templated":true}]}}