{"id":92056,"date":"2026-01-13T14:13:27","date_gmt":"2026-01-13T14:13:27","guid":{"rendered":"https:\/\/kasima.lt\/produktas\/volvo-d6deje2-variklio-dirzo-skriemulis\/"},"modified":"2026-01-13T14:18:00","modified_gmt":"2026-01-13T14:18:00","slug":"volvo-d6deje2-variklio-dirzo-skriemulis","status":"publish","type":"product","link":"https:\/\/kasima.lt\/lv\/produktas\/volvo-d6deje2-variklio-dirzo-skriemulis\/","title":{"rendered":"Volvo D6DEJE2 dzin\u0113ja siksnas rull\u012btis"},"content":{"rendered":"<p>Ori\u0123in\u0101la lietota deta\u013ca, iz\u0146emta no Volvo EW160B<br \/>\nOEM rull\u012btis Volvo un Deutz dzin\u0113jiem<br \/>\nPiln\u012bb\u0101 p\u0101rbaud\u012bts un gatavs uzst\u0101d\u012b\u0161anai<br \/>\nPieg\u0101de vis\u0101 pasaul\u0113.<br \/>\nSvars un izm\u0113ri pieg\u0101dei:<br \/>\n\u2022 Aptuveni 10 kg<br \/>\n\u2022 200 x 200 x 100 mm<br \/>\nKataloga numurs:<br \/>\n\u2022 VOE20459152<br \/>\n\u2022 04254829<br \/>\n\u2022 04254829KZ<\/p>\n","protected":false},"excerpt":{"rendered":"<p>Cena bez PVN<\/p>\n<p>Ra\u017eot\u0101js: VOLVO<br \/>\nModelis: EW160B0064<br \/>\nT\u0101lrunis:<a href=\"tel:+37060842988\"> +37060842988<\/a><br \/>\nE-pasts: <a href=\"mailto:usedparts@kasima.lt\">usedparts@kasima.lt<\/a><\/p>\n","protected":false},"featured_media":92047,"template":"","meta":{"_et_pb_use_builder":"","_et_pb_old_content":"","_et_gb_content_width":"","_monsterinsights_skip_tracking":false,"_monsterinsights_sitenote_active":false,"_monsterinsights_sitenote_note":"","_monsterinsights_sitenote_category":0},"product_brand":[],"product_cat":[917,398,817,318,685,452,721],"product_tag":[],"class_list":{"0":"post-92056","1":"product","2":"type-product","3":"status-publish","4":"has-post-thumbnail","6":"product_cat-svarsti-un-skriemeli","7":"product_cat-volvo-dalas","8":"product_cat-ew160b","9":"product_cat-lietotas-dalas","10":"product_cat-ekskavatoru-dalas","11":"product_cat-celtniecibas-tehnikas-dalas","12":"product_cat-motora-dalas","14":"first","15":"instock","16":"shipping-taxable","17":"purchasable","18":"product-type-simple"},"aioseo_notices":[],"_links":{"self":[{"href":"https:\/\/kasima.lt\/lv\/wp-json\/wp\/v2\/product\/92056","targetHints":{"allow":["GET"]}}],"collection":[{"href":"https:\/\/kasima.lt\/lv\/wp-json\/wp\/v2\/product"}],"about":[{"href":"https:\/\/kasima.lt\/lv\/wp-json\/wp\/v2\/types\/product"}],"wp:featuredmedia":[{"embeddable":true,"href":"https:\/\/kasima.lt\/lv\/wp-json\/wp\/v2\/media\/92047"}],"wp:attachment":[{"href":"https:\/\/kasima.lt\/lv\/wp-json\/wp\/v2\/media?parent=92056"}],"wp:term":[{"taxonomy":"product_brand","embeddable":true,"href":"https:\/\/kasima.lt\/lv\/wp-json\/wp\/v2\/product_brand?post=92056"},{"taxonomy":"product_cat","embeddable":true,"href":"https:\/\/kasima.lt\/lv\/wp-json\/wp\/v2\/product_cat?post=92056"},{"taxonomy":"product_tag","embeddable":true,"href":"https:\/\/kasima.lt\/lv\/wp-json\/wp\/v2\/product_tag?post=92056"}],"curies":[{"name":"wp","href":"https:\/\/api.w.org\/{rel}","templated":true}]}}