{"id":92031,"date":"2026-01-13T13:37:13","date_gmt":"2026-01-13T13:37:13","guid":{"rendered":"https:\/\/kasima.lt\/produktas\/bridgestone-vjt-ir-yokohama-rt41-padangos-23-5r25\/"},"modified":"2026-01-13T13:41:35","modified_gmt":"2026-01-13T13:41:35","slug":"bridgestone-vjt-ir-yokohama-rt41-padangos-23-5r25","status":"publish","type":"product","link":"https:\/\/kasima.lt\/lv\/produktas\/bridgestone-vjt-ir-yokohama-rt41-padangos-23-5r25\/","title":{"rendered":"Bridgestone VJT un Yokohama RT41 riepas 23.5R25"},"content":{"rendered":"<p>Ori\u0123in\u0101la lietota deta\u013ca, no\u0146emta no pa\u0161izg\u0101z\u0113ja<br \/>\nOEM riepas smagajai tehnikai<br \/>\nPiln\u012bb\u0101 p\u0101rbaud\u012btas un gatavas uzst\u0101d\u012b\u0161anai<br \/>\nPieg\u0101de vis\u0101 pasaul\u0113.<br \/>\nSvars un izm\u0113ri pieg\u0101dei:<br \/>\n\u2022 Aptuveni 300 kg<br \/>\n\u2022 1600 x 1600 x 500 mm<\/p>\n","protected":false},"excerpt":{"rendered":"<p>Cena bez PVN<\/p>\n<p>Ra\u017eot\u0101js: VOLVO<br \/>\nModelis: KND0117<br \/>\nT\u0101lrunis: <a href=\"tel:+37060842988\">+37060842988<\/a><br \/>\nE-pasts: <a href=\"mailto:usedparts@kasima.lt\">usedparts@kasima.lt<\/a><\/p>\n","protected":false},"featured_media":91987,"template":"","meta":{"_et_pb_use_builder":"","_et_pb_old_content":"","_et_gb_content_width":"","_monsterinsights_skip_tracking":false,"_monsterinsights_sitenote_active":false,"_monsterinsights_sitenote_note":"","_monsterinsights_sitenote_category":0},"product_brand":[],"product_cat":[661,452],"product_tag":[],"class_list":{"0":"post-92031","1":"product","2":"type-product","3":"status-publish","4":"has-post-thumbnail","6":"product_cat-riepas","7":"product_cat-celtniecibas-tehnikas-dalas","9":"first","10":"instock","11":"shipping-taxable","12":"purchasable","13":"product-type-simple"},"aioseo_notices":[],"_links":{"self":[{"href":"https:\/\/kasima.lt\/lv\/wp-json\/wp\/v2\/product\/92031","targetHints":{"allow":["GET"]}}],"collection":[{"href":"https:\/\/kasima.lt\/lv\/wp-json\/wp\/v2\/product"}],"about":[{"href":"https:\/\/kasima.lt\/lv\/wp-json\/wp\/v2\/types\/product"}],"wp:featuredmedia":[{"embeddable":true,"href":"https:\/\/kasima.lt\/lv\/wp-json\/wp\/v2\/media\/91987"}],"wp:attachment":[{"href":"https:\/\/kasima.lt\/lv\/wp-json\/wp\/v2\/media?parent=92031"}],"wp:term":[{"taxonomy":"product_brand","embeddable":true,"href":"https:\/\/kasima.lt\/lv\/wp-json\/wp\/v2\/product_brand?post=92031"},{"taxonomy":"product_cat","embeddable":true,"href":"https:\/\/kasima.lt\/lv\/wp-json\/wp\/v2\/product_cat?post=92031"},{"taxonomy":"product_tag","embeddable":true,"href":"https:\/\/kasima.lt\/lv\/wp-json\/wp\/v2\/product_tag?post=92031"}],"curies":[{"name":"wp","href":"https:\/\/api.w.org\/{rel}","templated":true}]}}