{"id":91930,"date":"2026-01-09T09:55:48","date_gmt":"2026-01-09T09:55:48","guid":{"rendered":"https:\/\/kasima.lt\/produktas\/wolverine-tcr-12-48h-trenseris\/"},"modified":"2026-01-09T09:57:59","modified_gmt":"2026-01-09T09:57:59","slug":"wolverine-tcr-12-48h-trenseris","status":"publish","type":"product","link":"https:\/\/kasima.lt\/lv\/produktas\/wolverine-tcr-12-48h-trenseris\/","title":{"rendered":"Wolverine TCR-12-48H trena\u017eieris"},"content":{"rendered":"<p>Specifik\u0101cija:<\/p>\n<p>Kond\u012bcija: jauna<br \/>\nRak\u0161anas platums: 20 cm<br \/>\nRak\u0161anas dzi\u013cums: 1,22 cm<br \/>\nUrbuma diametrs: 40 cm<br \/>\nMaksim\u0101lais darba spiediens: 207 b\u0101ri<br \/>\nDarba hidraulisk\u0101s e\u013c\u013cas pl\u016bsma: 56-76 l\/min.<br \/>\nSvars: 405 kg<\/p>\n","protected":false},"excerpt":{"rendered":"<p>Cena bez PVN<\/p>\n<p>Ra\u017eot\u0101js: Wolverine<br \/>\nModelis: TCR-12-48H<br \/>\nZvans: <a href=\"tel:+37067607071\">+37067607071<\/a><br \/>\nE-pasts: <a href=\"mailto:sales@kasima.lt\">sales@kasima.lt<\/a><\/p>\n","protected":false},"featured_media":91860,"template":"","meta":{"_et_pb_use_builder":"","_et_pb_old_content":"","_et_gb_content_width":"","_monsterinsights_skip_tracking":false,"_monsterinsights_sitenote_active":false,"_monsterinsights_sitenote_note":"","_monsterinsights_sitenote_category":0},"product_brand":[],"product_cat":[153,154,155,237,151],"product_tag":[],"class_list":{"0":"post-91930","1":"product","2":"type-product","3":"status-publish","4":"has-post-thumbnail","6":"product_cat-15-3-tonnas","7":"product_cat-3-5-tonnas","8":"product_cat-jauns","9":"product_cat-citi-piederumi","10":"product_cat-mini-iekraveji","12":"first","13":"instock","14":"shipping-taxable","15":"purchasable","16":"product-type-simple"},"aioseo_notices":[],"_links":{"self":[{"href":"https:\/\/kasima.lt\/lv\/wp-json\/wp\/v2\/product\/91930","targetHints":{"allow":["GET"]}}],"collection":[{"href":"https:\/\/kasima.lt\/lv\/wp-json\/wp\/v2\/product"}],"about":[{"href":"https:\/\/kasima.lt\/lv\/wp-json\/wp\/v2\/types\/product"}],"wp:featuredmedia":[{"embeddable":true,"href":"https:\/\/kasima.lt\/lv\/wp-json\/wp\/v2\/media\/91860"}],"wp:attachment":[{"href":"https:\/\/kasima.lt\/lv\/wp-json\/wp\/v2\/media?parent=91930"}],"wp:term":[{"taxonomy":"product_brand","embeddable":true,"href":"https:\/\/kasima.lt\/lv\/wp-json\/wp\/v2\/product_brand?post=91930"},{"taxonomy":"product_cat","embeddable":true,"href":"https:\/\/kasima.lt\/lv\/wp-json\/wp\/v2\/product_cat?post=91930"},{"taxonomy":"product_tag","embeddable":true,"href":"https:\/\/kasima.lt\/lv\/wp-json\/wp\/v2\/product_tag?post=91930"}],"curies":[{"name":"wp","href":"https:\/\/api.w.org\/{rel}","templated":true}]}}