{"id":91754,"date":"2026-01-08T21:09:52","date_gmt":"2026-01-08T21:09:52","guid":{"rendered":"https:\/\/kasima.lt\/produktas\/hidraulines-zirkles-ksm-ps35-2\/"},"modified":"2026-01-08T21:14:00","modified_gmt":"2026-01-08T21:14:00","slug":"hidraulines-zirkles-ksm-ps35-2","status":"publish","type":"product","link":"https:\/\/kasima.lt\/lv\/produktas\/hidraulines-zirkles-ksm-ps35-2\/","title":{"rendered":"Hidraulisk\u0101s \u0161\u0137\u0113res KSM PS210"},"content":{"rendered":"<p>KSM PS210 ir jaud\u012bgas un uzticamas hidraulisk\u0101s \u0161\u0137\u0113res ar hidraulisko rotoru, kas paredz\u0113tas darbam ar ekskavatoriem ar kravnes\u012bbu no 18 l\u012bdz 26 tonn\u0101m. T\u0101 nodro\u0161ina augstu precizit\u0101ti, sp\u0113c\u012bgu grie\u0161anas jaudu un daudzpus\u012bgu pielietojumu da\u017e\u0101dos b\u016bvniec\u012bbas, nojauk\u0161anas un otrreiz\u0113j\u0101s p\u0101rstr\u0101des darbos. <\/p>\n<p>Tehniskie dati:<\/p>\n<p>Modelis: KSM PS210<br \/>\nIeteicamais ekskavatora svars: 18 &#8211; 26 t<br \/>\nVad\u012bba: elektromagn\u0113tisk\u0101<br \/>\nRotors: hidrauliskais<br \/>\nSvars: aptuveni 2100 kg<br \/>\nHidrauliskais darba spiediens: l\u012bdz 320 bar<br \/>\nMaks. Sp\u0101rnu atv\u0113rums: 980 mm<br \/>\n\u0160\u0137\u0113res augstums: 250 cm<br \/>\n\u0160\u0137\u0113res platums: 146 cm<br \/>\nSpie\u0161anas jauda: 1550 kN<br \/>\n\u0160\u0137\u0113res asme\u0146i: 19 cm. <\/p>\n","protected":false},"excerpt":{"rendered":"<p>Cena bez PVN<\/p>\n<p>Ra\u017eot\u0101js: KSM Attachments<br \/>\nModelis: PS210<br \/>\nZvans: <a href=\"tel:+37067607071\">+37067607071<\/a><br \/>\nE-pasts: <a href=\"mailto:sales@kasima.lt\">sales@kasima.lt<\/a><\/p>\n","protected":false},"featured_media":91579,"template":"","meta":{"_et_pb_use_builder":"","_et_pb_old_content":"","_et_gb_content_width":"","_monsterinsights_skip_tracking":false,"_monsterinsights_sitenote_active":false,"_monsterinsights_sitenote_note":"","_monsterinsights_sitenote_category":0},"product_brand":[],"product_cat":[229,247,248,155,237,185],"product_tag":[],"class_list":{"0":"post-91754","1":"product","2":"type-product","3":"status-publish","4":"has-post-thumbnail","6":"product_cat-16-20-tonnas","7":"product_cat-20-25-tonnas","8":"product_cat-25-tonnas-un-vairak","9":"product_cat-jauns","10":"product_cat-citi-piederumi","11":"product_cat-ekskavators","13":"first","14":"instock","15":"shipping-taxable","16":"purchasable","17":"product-type-simple"},"aioseo_notices":[],"_links":{"self":[{"href":"https:\/\/kasima.lt\/lv\/wp-json\/wp\/v2\/product\/91754","targetHints":{"allow":["GET"]}}],"collection":[{"href":"https:\/\/kasima.lt\/lv\/wp-json\/wp\/v2\/product"}],"about":[{"href":"https:\/\/kasima.lt\/lv\/wp-json\/wp\/v2\/types\/product"}],"wp:featuredmedia":[{"embeddable":true,"href":"https:\/\/kasima.lt\/lv\/wp-json\/wp\/v2\/media\/91579"}],"wp:attachment":[{"href":"https:\/\/kasima.lt\/lv\/wp-json\/wp\/v2\/media?parent=91754"}],"wp:term":[{"taxonomy":"product_brand","embeddable":true,"href":"https:\/\/kasima.lt\/lv\/wp-json\/wp\/v2\/product_brand?post=91754"},{"taxonomy":"product_cat","embeddable":true,"href":"https:\/\/kasima.lt\/lv\/wp-json\/wp\/v2\/product_cat?post=91754"},{"taxonomy":"product_tag","embeddable":true,"href":"https:\/\/kasima.lt\/lv\/wp-json\/wp\/v2\/product_tag?post=91754"}],"curies":[{"name":"wp","href":"https:\/\/api.w.org\/{rel}","templated":true}]}}