{"id":91274,"date":"2026-01-08T11:50:37","date_gmt":"2026-01-08T11:50:37","guid":{"rendered":"https:\/\/kasima.lt\/produktas\/hamm-hd-075v-tandeminis-asfalto-volas\/"},"modified":"2026-01-08T11:53:51","modified_gmt":"2026-01-08T11:53:51","slug":"hamm-hd-075v-tandeminis-asfalto-volas","status":"publish","type":"product","link":"https:\/\/kasima.lt\/lv\/produktas\/hamm-hd-075v-tandeminis-asfalto-volas\/","title":{"rendered":"Hamm HD 075V tand\u0113ma asfalta veltnis"},"content":{"rendered":"<p>Hamm HD 075V tand\u0113ma asfalta veltnis<\/p>\n<p>Gads: 2006<br \/>\nDzin\u0113js Deutz 60 kW<br \/>\nDzin\u0113ji: 8 305<br \/>\nTips: vibr\u0101cijas, divu cilindru<br \/>\nBungas platums: 168 cm<br \/>\nGrants izklied\u0113t\u0101js<br \/>\nAsfalta grie\u0161anas un bliet\u0113\u0161anas agreg\u0101ts<br \/>\nAsfalta temperat\u016bras m\u0113r\u012bt\u0101js<br \/>\nPla\u0161s apr\u012bkojuma komplekts.<\/p>\n<p>St\u0101voklis: Lietots, der\u012bgs brauk\u0161anai<\/p>\n<p>Gatavs lieto\u0161anai.<br \/>\nIesp\u0113jama p\u0101rbaude un test\u0113\u0161ana UAB KASIMA ra\u017eotn\u0113.<br \/>\nIesp\u0113jama pieg\u0101de uz klienta adresi.<\/p>\n<p><iframe loading=\"lazy\" title=\"Hamm HD 075V \u2502 UAB KASIMA\" width=\"1080\" height=\"608\" src=\"https:\/\/www.youtube.com\/embed\/QcJx0IDS4yE?feature=oembed\"  allow=\"accelerometer; autoplay; clipboard-write; encrypted-media; gyroscope; picture-in-picture; web-share\" referrerpolicy=\"strict-origin-when-cross-origin\" allowfullscreen><\/iframe><\/p>\n","protected":false},"excerpt":{"rendered":"<p>Cena bez PVN<\/p>\n<p>Ra\u017eot\u0101js: Hamm<br \/>\nModelis: HD 075V<br \/>\nZvans: <a href=\"tel:+37067607071\">+37067607071<\/a><br \/>\nE-pasts: <a href=\"mailto:sales@kasima.lt\">sales@kasima.lt<\/a><\/p>\n","protected":false},"featured_media":91059,"template":"","meta":{"_et_pb_use_builder":"","_et_pb_old_content":"","_et_gb_content_width":"","_monsterinsights_skip_tracking":false,"_monsterinsights_sitenote_active":false,"_monsterinsights_sitenote_note":"","_monsterinsights_sitenote_category":0},"product_brand":[],"product_cat":[208],"product_tag":[],"class_list":{"0":"post-91274","1":"product","2":"type-product","3":"status-publish","4":"has-post-thumbnail","6":"product_cat-celu-buvnieciba","8":"first","9":"instock","10":"shipping-taxable","11":"purchasable","12":"product-type-simple"},"aioseo_notices":[],"_links":{"self":[{"href":"https:\/\/kasima.lt\/lv\/wp-json\/wp\/v2\/product\/91274","targetHints":{"allow":["GET"]}}],"collection":[{"href":"https:\/\/kasima.lt\/lv\/wp-json\/wp\/v2\/product"}],"about":[{"href":"https:\/\/kasima.lt\/lv\/wp-json\/wp\/v2\/types\/product"}],"wp:featuredmedia":[{"embeddable":true,"href":"https:\/\/kasima.lt\/lv\/wp-json\/wp\/v2\/media\/91059"}],"wp:attachment":[{"href":"https:\/\/kasima.lt\/lv\/wp-json\/wp\/v2\/media?parent=91274"}],"wp:term":[{"taxonomy":"product_brand","embeddable":true,"href":"https:\/\/kasima.lt\/lv\/wp-json\/wp\/v2\/product_brand?post=91274"},{"taxonomy":"product_cat","embeddable":true,"href":"https:\/\/kasima.lt\/lv\/wp-json\/wp\/v2\/product_cat?post=91274"},{"taxonomy":"product_tag","embeddable":true,"href":"https:\/\/kasima.lt\/lv\/wp-json\/wp\/v2\/product_tag?post=91274"}],"curies":[{"name":"wp","href":"https:\/\/api.w.org\/{rel}","templated":true}]}}