{"id":90885,"date":"2026-01-05T00:16:55","date_gmt":"2026-01-04T22:16:55","guid":{"rendered":"https:\/\/kasima.lt\/produktas\/volvo-ec240lc-hidrauline-greitoji-jungtis\/"},"modified":"2026-01-14T09:39:25","modified_gmt":"2026-01-14T09:39:25","slug":"volvo-ec240lc-hidrauline-greitoji-jungtis","status":"publish","type":"product","link":"https:\/\/kasima.lt\/lv\/produktas\/volvo-ec240lc-hidrauline-greitoji-jungtis\/","title":{"rendered":"Volvo EC240LC hidraulisk\u0101 \u0101trgaitas sakabe"},"content":{"rendered":"<p>Volvo EC240LC hidraulisk\u0101 \u0101trgaitas sakabe. \u0100trai un dro\u0161ai piederumu nomai\u0146ai.   <\/p>\n<p>SPECIFIK\u0100CIJA:<br \/>\nBlo\u0137\u0113\u0161anas veids: hidrauliskais<br \/>\nTapas diametrs: 90 mm<br \/>\nSt\u016bres tapas centra att\u0101lums: 510 mm<br \/>\nEkskavatora str\u0113les platums: 385 mm.<\/p>\n","protected":false},"excerpt":{"rendered":"<p>Cena bez PVN<\/p>\n<p>Ra\u017eot\u0101js: Volvo<br \/>\nModelis: EC240LC<br \/>\nZvans: <a href=\"tel:+37067607071\">+37067607071<\/a><br \/>\nE-pasts: <a href=\"mailto:sales@kasima.lt\">sales@kasima.lt<\/a><\/p>\n","protected":false},"featured_media":90765,"template":"","meta":{"_et_pb_use_builder":"","_et_pb_old_content":"","_et_gb_content_width":"","_monsterinsights_skip_tracking":false,"_monsterinsights_sitenote_active":false,"_monsterinsights_sitenote_note":"","_monsterinsights_sitenote_category":0},"product_brand":[],"product_cat":[247,248,219,283,185],"product_tag":[],"class_list":{"0":"post-90885","1":"product","2":"type-product","3":"status-publish","4":"has-post-thumbnail","6":"product_cat-20-25-tonnas","7":"product_cat-25-tonnas-un-vairak","8":"product_cat-lietots","9":"product_cat-ekskavatoru-atrie-savienotaji","10":"product_cat-ekskavators","12":"first","13":"instock","14":"shipping-taxable","15":"purchasable","16":"product-type-simple"},"aioseo_notices":[],"_links":{"self":[{"href":"https:\/\/kasima.lt\/lv\/wp-json\/wp\/v2\/product\/90885","targetHints":{"allow":["GET"]}}],"collection":[{"href":"https:\/\/kasima.lt\/lv\/wp-json\/wp\/v2\/product"}],"about":[{"href":"https:\/\/kasima.lt\/lv\/wp-json\/wp\/v2\/types\/product"}],"wp:featuredmedia":[{"embeddable":true,"href":"https:\/\/kasima.lt\/lv\/wp-json\/wp\/v2\/media\/90765"}],"wp:attachment":[{"href":"https:\/\/kasima.lt\/lv\/wp-json\/wp\/v2\/media?parent=90885"}],"wp:term":[{"taxonomy":"product_brand","embeddable":true,"href":"https:\/\/kasima.lt\/lv\/wp-json\/wp\/v2\/product_brand?post=90885"},{"taxonomy":"product_cat","embeddable":true,"href":"https:\/\/kasima.lt\/lv\/wp-json\/wp\/v2\/product_cat?post=90885"},{"taxonomy":"product_tag","embeddable":true,"href":"https:\/\/kasima.lt\/lv\/wp-json\/wp\/v2\/product_tag?post=90885"}],"curies":[{"name":"wp","href":"https:\/\/api.w.org\/{rel}","templated":true}]}}