{"id":90590,"date":"2026-01-04T23:35:05","date_gmt":"2026-01-04T23:35:05","guid":{"rendered":"https:\/\/kasima.lt\/produktas\/greita-jungtis-30-200-125-mm-mechanine\/"},"modified":"2026-01-14T09:52:37","modified_gmt":"2026-01-14T09:52:37","slug":"greita-jungtis-30-200-125-mm-mechanine","status":"publish","type":"product","link":"https:\/\/kasima.lt\/lv\/produktas\/greita-jungtis-30-200-125-mm-mechanine\/","title":{"rendered":"\u0100tr\u0101 savieno\u0161ana 30-200-125 mm, meh\u0101nisk\u0101"},"content":{"rendered":"<p>SPECIFIK\u0100CIJAS:<br \/>\nTapu diametrs (D1=D2): 30 mm.<br \/>\nAtt\u0101lums starp str\u0113les tapu centriem (A1): 200 mm.<br \/>\nAtt\u0101lums starp kausa tapu centriem (A2): 200 mm.<br \/>\nEkskavatora str\u0113les platums (W): 125 mm.<br \/>\nAtt\u0101lums starp kausa aus\u012bm (W2): 125 mm.<br \/>\nRegul\u0113jama kausa blo\u0137\u0113\u0161anas kust\u012bba (A2).<\/p>\n<p>Ekskavatora meh\u0101nisko \u0101tro sakabi izmanto, lai \u0101tri nomain\u012btu ekskavatora kausu, urbjma\u0161\u012bnas, hidraulisko \u0101muru vai citus stiprin\u0101jumus. Tas ir \u0101trs, efekt\u012bvs un laiku taupo\u0161s veids, k\u0101 aizmirst manu\u0101lo \u0101muru, ko agr\u0101k izmantoj\u0101t, lai izkaltu tapas. Savienot\u0101js ar atsl\u0113gu ne\u013caus savienot\u0101jam pie\u0137erties ekskavatora kausam vai citam stiprin\u0101jumam pat tad, ja stiprin\u0101jums dabiski nolietojas.<br \/>\nPIEG\u0100DE:<br \/>\nMums ir izstr\u0101d\u0101jums uz vietas, t\u0101p\u0113c varat ierasties un apskat\u012bt to person\u012bgi. \u0100tra pieg\u0101de uz j\u016bsu adresi.<\/p>\n","protected":false},"excerpt":{"rendered":"<p>Cena bez PVN<\/p>\n<p>Ra\u017eot\u0101js: ekskavatora \u0101tr\u0101 sakabe<br \/>\nModelis: M 30-200-125<br \/>\nZvans: <a href=\"tel:+37067607071\">+37067607071<\/a><br \/>\nE-pasts: <a href=\"mailto:info@kasima.lt\">sales@kasima.lt<\/a><\/p>\n","protected":false},"featured_media":90540,"template":"","meta":{"_et_pb_use_builder":"","_et_pb_old_content":"","_et_gb_content_width":"","_monsterinsights_skip_tracking":false,"_monsterinsights_sitenote_active":false,"_monsterinsights_sitenote_note":"","_monsterinsights_sitenote_category":0},"product_brand":[],"product_cat":[153,154,155,283,185,339],"product_tag":[],"class_list":{"0":"post-90590","1":"product","2":"type-product","3":"status-publish","4":"has-post-thumbnail","6":"product_cat-15-3-tonnas","7":"product_cat-3-5-tonnas","8":"product_cat-jauns","9":"product_cat-ekskavatoru-atrie-savienotaji","10":"product_cat-ekskavators","11":"product_cat-uncategorized-lv","13":"first","14":"instock","15":"shipping-taxable","16":"purchasable","17":"product-type-simple"},"aioseo_notices":[],"_links":{"self":[{"href":"https:\/\/kasima.lt\/lv\/wp-json\/wp\/v2\/product\/90590","targetHints":{"allow":["GET"]}}],"collection":[{"href":"https:\/\/kasima.lt\/lv\/wp-json\/wp\/v2\/product"}],"about":[{"href":"https:\/\/kasima.lt\/lv\/wp-json\/wp\/v2\/types\/product"}],"wp:featuredmedia":[{"embeddable":true,"href":"https:\/\/kasima.lt\/lv\/wp-json\/wp\/v2\/media\/90540"}],"wp:attachment":[{"href":"https:\/\/kasima.lt\/lv\/wp-json\/wp\/v2\/media?parent=90590"}],"wp:term":[{"taxonomy":"product_brand","embeddable":true,"href":"https:\/\/kasima.lt\/lv\/wp-json\/wp\/v2\/product_brand?post=90590"},{"taxonomy":"product_cat","embeddable":true,"href":"https:\/\/kasima.lt\/lv\/wp-json\/wp\/v2\/product_cat?post=90590"},{"taxonomy":"product_tag","embeddable":true,"href":"https:\/\/kasima.lt\/lv\/wp-json\/wp\/v2\/product_tag?post=90590"}],"curies":[{"name":"wp","href":"https:\/\/api.w.org\/{rel}","templated":true}]}}