{"id":88368,"date":"2025-12-18T13:49:57","date_gmt":"2025-12-18T13:49:57","guid":{"rendered":"https:\/\/kasima.lt\/produktas\/fpt-nef-6-7-variklio-starteris\/"},"modified":"2025-12-18T13:55:00","modified_gmt":"2025-12-18T13:55:00","slug":"fpt-nef-6-7-variklio-starteris","status":"publish","type":"product","link":"https:\/\/kasima.lt\/lv\/produktas\/fpt-nef-6-7-variklio-starteris\/","title":{"rendered":"FPT NEF 6.7 dzin\u0113ja starteris"},"content":{"rendered":"<p>Ori\u0123in\u0101la lietota deta\u013ca, iz\u0146emta no Case Puma CVX 185 (2018)<br \/>\nOEM starteris Case traktoriem<br \/>\nStarteris bijis pak\u013cauts karstumam, bet joproj\u0101m ir darba k\u0101rt\u012bb\u0101.<br \/>\nPieg\u0101de vis\u0101 pasaul\u0113.<br \/>\nSvars un izm\u0113ri pieg\u0101dei:<br \/>\n\u2022 Aptuveni 10 kg<br \/>\n\u2022 300 x 200 x 200 mm<br \/>\nKataloga numurs:<br \/>\n\u2022 15133348<\/p>\n","protected":false},"excerpt":{"rendered":"<p>Cena bez PVN<\/p>\n<p>Ra\u017eot\u0101js: CASE<br \/>\nModelis: CS185PUMA0057<br \/>\nT\u0101lrunis: <a href=\"tel:+37060842988\">+37060842988<\/a><br \/>\nE-pasts: <a href=\"mailto:usedparts@kasima.lt\">usedparts@kasima.lt<\/a><\/p>\n","protected":false},"featured_media":88334,"template":"","meta":{"_et_pb_use_builder":"","_et_pb_old_content":"","_et_gb_content_width":"","_monsterinsights_skip_tracking":false,"_monsterinsights_sitenote_active":false,"_monsterinsights_sitenote_note":"","_monsterinsights_sitenote_category":0},"product_brand":[],"product_cat":[842,318,701,455,721,733],"product_tag":[],"class_list":{"0":"post-88368","1":"product","2":"type-product","3":"status-publish","4":"has-post-thumbnail","6":"product_cat-puma-cvx-185-2018","7":"product_cat-lietotas-dalas","8":"product_cat-traktoru-dalas","9":"product_cat-lauksaimniecibas-tehnikas-dalas","10":"product_cat-motora-dalas","11":"product_cat-starteri-un-generatori","13":"first","14":"instock","15":"shipping-taxable","16":"purchasable","17":"product-type-simple"},"aioseo_notices":[],"_links":{"self":[{"href":"https:\/\/kasima.lt\/lv\/wp-json\/wp\/v2\/product\/88368","targetHints":{"allow":["GET"]}}],"collection":[{"href":"https:\/\/kasima.lt\/lv\/wp-json\/wp\/v2\/product"}],"about":[{"href":"https:\/\/kasima.lt\/lv\/wp-json\/wp\/v2\/types\/product"}],"wp:featuredmedia":[{"embeddable":true,"href":"https:\/\/kasima.lt\/lv\/wp-json\/wp\/v2\/media\/88334"}],"wp:attachment":[{"href":"https:\/\/kasima.lt\/lv\/wp-json\/wp\/v2\/media?parent=88368"}],"wp:term":[{"taxonomy":"product_brand","embeddable":true,"href":"https:\/\/kasima.lt\/lv\/wp-json\/wp\/v2\/product_brand?post=88368"},{"taxonomy":"product_cat","embeddable":true,"href":"https:\/\/kasima.lt\/lv\/wp-json\/wp\/v2\/product_cat?post=88368"},{"taxonomy":"product_tag","embeddable":true,"href":"https:\/\/kasima.lt\/lv\/wp-json\/wp\/v2\/product_tag?post=88368"}],"curies":[{"name":"wp","href":"https:\/\/api.w.org\/{rel}","templated":true}]}}