{"id":88263,"date":"2025-12-18T11:09:27","date_gmt":"2025-12-18T11:09:27","guid":{"rendered":"https:\/\/kasima.lt\/produktas\/hamm-dv-90-vo\/"},"modified":"2025-12-18T11:15:03","modified_gmt":"2025-12-18T11:15:03","slug":"hamm-dv-90-vo","status":"publish","type":"product","link":"https:\/\/kasima.lt\/lv\/produktas\/hamm-dv-90-vo\/","title":{"rendered":"Hamm DV 90 VO"},"content":{"rendered":"<p>Hamm DV 90 VO asfalta vibr\u0101cijas veltnis p\u0101rdo\u0161anai (2008)<\/p>\n<p>Modelis: DV 90 VO,<br \/>\nRa\u017eo\u0161anas gads: 2008<br \/>\nDzin\u0113js: Deutz d\u012bze\u013cdzin\u0113js, 75 kW<br \/>\nBruto svars: aptuveni 9400 kg.<br \/>\nMaksim\u0101lais svars: 12 500 kg.<\/p>\n<p>Gatavs darbam.<br \/>\nP\u0101rbaude un test\u0113\u0161ana iesp\u0113jama KASIMA ra\u017eotn\u0113.<br \/>\nPieg\u0101de iesp\u0113jama uz klienta adresi<\/p>\n<p><iframe loading=\"lazy\" title=\"Hamm DV 90 VO \u2502 UAB KASIMA\" width=\"1080\" height=\"608\" src=\"https:\/\/www.youtube.com\/embed\/ODMCmjELsfc?feature=oembed\"  allow=\"accelerometer; autoplay; clipboard-write; encrypted-media; gyroscope; picture-in-picture; web-share\" referrerpolicy=\"strict-origin-when-cross-origin\" allowfullscreen><\/iframe><\/p>\n","protected":false},"excerpt":{"rendered":"<p>Cena bez PVN<\/p>\n<p>Ra\u017eot\u0101js: HAMM<br \/>\nModelis: DV 90 VO<br \/>\nZvans: <a href=\"tel:+37067607071\">+37067607071<\/a><br \/>\nE-pasts: <a href=\"mailto:sales@kasima.lt\">sales@kasima.lt<\/a><\/p>\n","protected":false},"featured_media":88103,"template":"","meta":{"_et_pb_use_builder":"","_et_pb_old_content":"","_et_gb_content_width":"","_monsterinsights_skip_tracking":false,"_monsterinsights_sitenote_active":false,"_monsterinsights_sitenote_note":"","_monsterinsights_sitenote_category":0},"product_brand":[],"product_cat":[208],"product_tag":[],"class_list":{"0":"post-88263","1":"product","2":"type-product","3":"status-publish","4":"has-post-thumbnail","6":"product_cat-celu-buvnieciba","8":"first","9":"instock","10":"shipping-taxable","11":"purchasable","12":"product-type-simple"},"aioseo_notices":[],"_links":{"self":[{"href":"https:\/\/kasima.lt\/lv\/wp-json\/wp\/v2\/product\/88263","targetHints":{"allow":["GET"]}}],"collection":[{"href":"https:\/\/kasima.lt\/lv\/wp-json\/wp\/v2\/product"}],"about":[{"href":"https:\/\/kasima.lt\/lv\/wp-json\/wp\/v2\/types\/product"}],"wp:featuredmedia":[{"embeddable":true,"href":"https:\/\/kasima.lt\/lv\/wp-json\/wp\/v2\/media\/88103"}],"wp:attachment":[{"href":"https:\/\/kasima.lt\/lv\/wp-json\/wp\/v2\/media?parent=88263"}],"wp:term":[{"taxonomy":"product_brand","embeddable":true,"href":"https:\/\/kasima.lt\/lv\/wp-json\/wp\/v2\/product_brand?post=88263"},{"taxonomy":"product_cat","embeddable":true,"href":"https:\/\/kasima.lt\/lv\/wp-json\/wp\/v2\/product_cat?post=88263"},{"taxonomy":"product_tag","embeddable":true,"href":"https:\/\/kasima.lt\/lv\/wp-json\/wp\/v2\/product_tag?post=88263"}],"curies":[{"name":"wp","href":"https:\/\/api.w.org\/{rel}","templated":true}]}}