{"id":87836,"date":"2025-12-17T07:46:42","date_gmt":"2025-12-17T07:46:42","guid":{"rendered":"https:\/\/kasima.lt\/produktas\/naudota-bunkerine-sluota-su-apipurskimu\/"},"modified":"2025-12-17T07:48:41","modified_gmt":"2025-12-17T07:48:41","slug":"naudota-bunkerine-sluota-su-apipurskimu","status":"publish","type":"product","link":"https:\/\/kasima.lt\/lv\/produktas\/naudota-bunkerine-sluota-su-apipurskimu\/","title":{"rendered":"Lietota tvertnes slota ar smidzin\u0101t\u0101ju"},"content":{"rendered":"<p>Specifik\u0101cija: <\/p>\n<p>Darba platums: ~130 cm<br \/>\nKop\u0113jais platums: ~150 cm<br \/>\nTuk\u0161s svars: ~400 kg<br \/>\nSmidzin\u0101\u0161anas funkcija<br \/>\n100 l \u016bdens tilpums<\/p>\n<p>Piem\u0113rots liel\u0101kajai da\u013cai slie\u017eu st\u016bm\u0113ju veidu.  <\/p>\n","protected":false},"excerpt":{"rendered":"<p>Cena bez PVN<\/p>\n<p>Zvans: <a href=\"tel:+37067607071\">+37067607071<\/a><br \/>\nE-pasts: <a href=\"mailto:sales@kasima.lt\">sales@kasima.lt<\/a><\/p>\n","protected":false},"featured_media":87751,"template":"","meta":{"_et_pb_use_builder":"","_et_pb_old_content":"","_et_gb_content_width":"","_monsterinsights_skip_tracking":false,"_monsterinsights_sitenote_active":false,"_monsterinsights_sitenote_note":"","_monsterinsights_sitenote_category":0},"product_brand":[],"product_cat":[153,154,219,291],"product_tag":[],"class_list":{"0":"post-87836","1":"product","2":"type-product","3":"status-publish","4":"has-post-thumbnail","6":"product_cat-15-3-tonnas","7":"product_cat-3-5-tonnas","8":"product_cat-lietots","9":"product_cat-hidrauliskas-slotas-lv","11":"first","12":"instock","13":"shipping-taxable","14":"purchasable","15":"product-type-simple"},"aioseo_notices":[],"_links":{"self":[{"href":"https:\/\/kasima.lt\/lv\/wp-json\/wp\/v2\/product\/87836","targetHints":{"allow":["GET"]}}],"collection":[{"href":"https:\/\/kasima.lt\/lv\/wp-json\/wp\/v2\/product"}],"about":[{"href":"https:\/\/kasima.lt\/lv\/wp-json\/wp\/v2\/types\/product"}],"wp:featuredmedia":[{"embeddable":true,"href":"https:\/\/kasima.lt\/lv\/wp-json\/wp\/v2\/media\/87751"}],"wp:attachment":[{"href":"https:\/\/kasima.lt\/lv\/wp-json\/wp\/v2\/media?parent=87836"}],"wp:term":[{"taxonomy":"product_brand","embeddable":true,"href":"https:\/\/kasima.lt\/lv\/wp-json\/wp\/v2\/product_brand?post=87836"},{"taxonomy":"product_cat","embeddable":true,"href":"https:\/\/kasima.lt\/lv\/wp-json\/wp\/v2\/product_cat?post=87836"},{"taxonomy":"product_tag","embeddable":true,"href":"https:\/\/kasima.lt\/lv\/wp-json\/wp\/v2\/product_tag?post=87836"}],"curies":[{"name":"wp","href":"https:\/\/api.w.org\/{rel}","templated":true}]}}