{"id":86871,"date":"2025-12-10T14:45:08","date_gmt":"2025-12-10T14:45:08","guid":{"rendered":"https:\/\/kasima.lt\/produktas\/case-ih-pto-jungiklis\/"},"modified":"2025-12-10T14:48:56","modified_gmt":"2025-12-10T14:48:56","slug":"case-ih-pto-jungiklis","status":"publish","type":"product","link":"https:\/\/kasima.lt\/lv\/produktas\/case-ih-pto-jungiklis\/","title":{"rendered":"Case IH PTO sl\u0113dzis"},"content":{"rendered":"<p>Ori\u0123in\u0101la lietota deta\u013ca, iz\u0146emta no Case MXM 155 (2008)<br \/>\nOEM sl\u0113dzis Case un New Holland traktoriem<br \/>\nPiln\u012bb\u0101 p\u0101rbaud\u012bts un gatavs uzst\u0101d\u012b\u0161anai<br \/>\nPieg\u0101de vis\u0101 pasaul\u0113.<br \/>\nSvars un izm\u0113ri pieg\u0101dei:<br \/>\n\u2022 Aptuveni 1 kg<br \/>\n\u2022 100 x 50 x 50 mm<br \/>\nKataloga numurs:<br \/>\n\u2022 87311254<br \/>\n\u2022 82028271<br \/>\n\u2022 82027012<\/p>\n","protected":false},"excerpt":{"rendered":"<p>Cena bez PVN<\/p>\n<p>Ra\u017eot\u0101js: CASE<br \/>\nModelis: CS155MXM079<br \/>\nT\u0101lrunis:<a href=\"tel:+37060842988\"> +37060842988<\/a><br \/>\nE-pasts: <a href=\"mailto:usedparts@kasima.lt\">usedparts@kasima.lt<\/a><\/p>\n","protected":false},"featured_media":86852,"template":"","meta":{"_et_pb_use_builder":"","_et_pb_old_content":"","_et_gb_content_width":"","_monsterinsights_skip_tracking":false,"_monsterinsights_sitenote_active":false,"_monsterinsights_sitenote_note":"","_monsterinsights_sitenote_category":0},"product_brand":[],"product_cat":[922,508,838,490,318,701,455],"product_tag":[],"class_list":{"0":"post-86871","1":"product","2":"type-product","3":"status-publish","4":"has-post-thumbnail","6":"product_cat-citas-elektroniskas-detalas","7":"product_cat-case-dalas","8":"product_cat-mxm-155-2008","9":"product_cat-elektronikas-dalas","10":"product_cat-lietotas-dalas","11":"product_cat-traktoru-dalas","12":"product_cat-lauksaimniecibas-tehnikas-dalas","14":"first","15":"instock","16":"shipping-taxable","17":"purchasable","18":"product-type-simple"},"aioseo_notices":[],"_links":{"self":[{"href":"https:\/\/kasima.lt\/lv\/wp-json\/wp\/v2\/product\/86871","targetHints":{"allow":["GET"]}}],"collection":[{"href":"https:\/\/kasima.lt\/lv\/wp-json\/wp\/v2\/product"}],"about":[{"href":"https:\/\/kasima.lt\/lv\/wp-json\/wp\/v2\/types\/product"}],"wp:featuredmedia":[{"embeddable":true,"href":"https:\/\/kasima.lt\/lv\/wp-json\/wp\/v2\/media\/86852"}],"wp:attachment":[{"href":"https:\/\/kasima.lt\/lv\/wp-json\/wp\/v2\/media?parent=86871"}],"wp:term":[{"taxonomy":"product_brand","embeddable":true,"href":"https:\/\/kasima.lt\/lv\/wp-json\/wp\/v2\/product_brand?post=86871"},{"taxonomy":"product_cat","embeddable":true,"href":"https:\/\/kasima.lt\/lv\/wp-json\/wp\/v2\/product_cat?post=86871"},{"taxonomy":"product_tag","embeddable":true,"href":"https:\/\/kasima.lt\/lv\/wp-json\/wp\/v2\/product_tag?post=86871"}],"curies":[{"name":"wp","href":"https:\/\/api.w.org\/{rel}","templated":true}]}}