{"id":86687,"date":"2025-12-10T12:22:04","date_gmt":"2025-12-10T12:22:04","guid":{"rendered":"https:\/\/kasima.lt\/produktas\/jcb-8024\/"},"modified":"2025-12-17T14:08:56","modified_gmt":"2025-12-17T14:08:56","slug":"jcb-8024","status":"publish","type":"product","link":"https:\/\/kasima.lt\/lv\/produktas\/jcb-8024\/","title":{"rendered":"JCB 8024"},"content":{"rendered":"<p>Mini ekskavators JCB 8024 netiek izmantots Lietuv\u0101<\/p>\n<p>Gads: 1999<br \/>\nJauda: 21,8 kW<br \/>\nP\u013cau\u0161anas stundas: 3631<br \/>\nSvars: 2500 kg<br \/>\nPapildu hidraulisk\u0101 l\u012bnija<br \/>\nKomplekt\u0101 ietilpst 3 kausi.<\/p>\n<p>P\u0113c izv\u0113les pieejams ar kausu, zemes urbjma\u0161\u012bnu, hidraulisko \u0101muru vai citu piekabi.<\/p>\n<p>T\u012brs, lieto\u0161anai gatavs ekskavators.<\/p>\n<p>Iesp\u0113jama p\u0101rbaude un test\u0113\u0161ana KASIMA noliktav\u0101<br \/>\nIesp\u0113jama pieg\u0101de uz J\u016bsu adresi.<\/p>\n<p><iframe loading=\"lazy\" title=\"JCB 8024\u2502 UAB KASIMA\" width=\"1080\" height=\"608\" src=\"https:\/\/www.youtube.com\/embed\/Sg_0a8fDx1U?feature=oembed\"  allow=\"accelerometer; autoplay; clipboard-write; encrypted-media; gyroscope; picture-in-picture; web-share\" referrerpolicy=\"strict-origin-when-cross-origin\" allowfullscreen><\/iframe><\/p>\n","protected":false},"excerpt":{"rendered":"<p>Cena bez PVN<\/p>\n<p>Ra\u017eot\u0101js: JCB<br \/>\nModelis: 8024<br \/>\nZvans: <a href=\"tel:+37067607071\">+37067607071<\/a><br \/>\nE-pasts: <a href=\"mailto:sales@kasima.lt\">sales@kasima.lt<\/a><\/p>\n","protected":false},"featured_media":86553,"template":"","meta":{"_et_pb_use_builder":"","_et_pb_old_content":"","_et_gb_content_width":"","_monsterinsights_skip_tracking":false,"_monsterinsights_sitenote_active":false,"_monsterinsights_sitenote_note":"","_monsterinsights_sitenote_category":0},"product_brand":[],"product_cat":[149],"product_tag":[],"class_list":{"0":"post-86687","1":"product","2":"type-product","3":"status-publish","4":"has-post-thumbnail","6":"product_cat-buvnieciba","8":"first","9":"outofstock","10":"shipping-taxable","11":"product-type-simple"},"aioseo_notices":[],"_links":{"self":[{"href":"https:\/\/kasima.lt\/lv\/wp-json\/wp\/v2\/product\/86687","targetHints":{"allow":["GET"]}}],"collection":[{"href":"https:\/\/kasima.lt\/lv\/wp-json\/wp\/v2\/product"}],"about":[{"href":"https:\/\/kasima.lt\/lv\/wp-json\/wp\/v2\/types\/product"}],"wp:featuredmedia":[{"embeddable":true,"href":"https:\/\/kasima.lt\/lv\/wp-json\/wp\/v2\/media\/86553"}],"wp:attachment":[{"href":"https:\/\/kasima.lt\/lv\/wp-json\/wp\/v2\/media?parent=86687"}],"wp:term":[{"taxonomy":"product_brand","embeddable":true,"href":"https:\/\/kasima.lt\/lv\/wp-json\/wp\/v2\/product_brand?post=86687"},{"taxonomy":"product_cat","embeddable":true,"href":"https:\/\/kasima.lt\/lv\/wp-json\/wp\/v2\/product_cat?post=86687"},{"taxonomy":"product_tag","embeddable":true,"href":"https:\/\/kasima.lt\/lv\/wp-json\/wp\/v2\/product_tag?post=86687"}],"curies":[{"name":"wp","href":"https:\/\/api.w.org\/{rel}","templated":true}]}}