{"id":86525,"date":"2025-12-10T11:55:12","date_gmt":"2025-12-10T11:55:12","guid":{"rendered":"https:\/\/kasima.lt\/produktas\/volvo-ew230c-filtras\/"},"modified":"2025-12-10T11:59:37","modified_gmt":"2025-12-10T11:59:37","slug":"volvo-ew230c-filtras","status":"publish","type":"product","link":"https:\/\/kasima.lt\/lv\/produktas\/volvo-ew230c-filtras\/","title":{"rendered":"Volvo EW230C filtrs"},"content":{"rendered":"<p>Ori\u0123in\u0101la lietota deta\u013ca, iz\u0146emta no Volvo EW230C (2014)<br \/>\nOEM t\u012br\u012bt\u0101ji Volvo ekskavatoriem<br \/>\nPiln\u012bb\u0101 p\u0101rbaud\u012bti un gatavi uzst\u0101d\u012b\u0161anai<br \/>\nPieg\u0101de vis\u0101 pasaul\u0113.<br \/>\nSvars un izm\u0113ri pieg\u0101dei:<br \/>\n\u2022 Aptuveni 2 kg<br \/>\n\u2022 300 x 100 x 100 mm<br \/>\nKataloga numurs:<br \/>\n\u2022 VOE14571485<br \/>\n\u2022 VOE15095057<\/p>\n","protected":false},"excerpt":{"rendered":"<p>Cena bez PVN<\/p>\n<p>Ra\u017eot\u0101js: VOLVO<br \/>\nModelis: EW230C094<br \/>\nT\u0101lrunis: <a href=\"tel:+37060842988\">+37060842988<\/a><br \/>\nE-pasts: <a href=\"mailto:usedparts@kasima.lt\">usedparts@kasima.lt<\/a><\/p>\n","protected":false},"featured_media":86506,"template":"","meta":{"_et_pb_use_builder":"","_et_pb_old_content":"","_et_gb_content_width":"","_monsterinsights_skip_tracking":false,"_monsterinsights_sitenote_active":false,"_monsterinsights_sitenote_note":"","_monsterinsights_sitenote_category":0},"product_brand":[],"product_cat":[937,398,847,318,685,452,721],"product_tag":[],"class_list":{"0":"post-86525","1":"product","2":"type-product","3":"status-publish","4":"has-post-thumbnail","6":"product_cat-filtri","7":"product_cat-volvo-dalas","8":"product_cat-ew230c","9":"product_cat-lietotas-dalas","10":"product_cat-ekskavatoru-dalas","11":"product_cat-celtniecibas-tehnikas-dalas","12":"product_cat-motora-dalas","14":"first","15":"instock","16":"shipping-taxable","17":"purchasable","18":"product-type-simple"},"aioseo_notices":[],"_links":{"self":[{"href":"https:\/\/kasima.lt\/lv\/wp-json\/wp\/v2\/product\/86525","targetHints":{"allow":["GET"]}}],"collection":[{"href":"https:\/\/kasima.lt\/lv\/wp-json\/wp\/v2\/product"}],"about":[{"href":"https:\/\/kasima.lt\/lv\/wp-json\/wp\/v2\/types\/product"}],"wp:featuredmedia":[{"embeddable":true,"href":"https:\/\/kasima.lt\/lv\/wp-json\/wp\/v2\/media\/86506"}],"wp:attachment":[{"href":"https:\/\/kasima.lt\/lv\/wp-json\/wp\/v2\/media?parent=86525"}],"wp:term":[{"taxonomy":"product_brand","embeddable":true,"href":"https:\/\/kasima.lt\/lv\/wp-json\/wp\/v2\/product_brand?post=86525"},{"taxonomy":"product_cat","embeddable":true,"href":"https:\/\/kasima.lt\/lv\/wp-json\/wp\/v2\/product_cat?post=86525"},{"taxonomy":"product_tag","embeddable":true,"href":"https:\/\/kasima.lt\/lv\/wp-json\/wp\/v2\/product_tag?post=86525"}],"curies":[{"name":"wp","href":"https:\/\/api.w.org\/{rel}","templated":true}]}}