{"id":86448,"date":"2025-12-10T09:55:58","date_gmt":"2025-12-10T09:55:58","guid":{"rendered":"https:\/\/kasima.lt\/produktas\/volvo-ew230c-vandens-rezervuaras\/"},"modified":"2025-12-10T10:01:28","modified_gmt":"2025-12-10T10:01:28","slug":"volvo-ew230c-vandens-rezervuaras","status":"publish","type":"product","link":"https:\/\/kasima.lt\/lv\/produktas\/volvo-ew230c-vandens-rezervuaras\/","title":{"rendered":"Volvo EW230C \u016bdens rezervu\u0101rs"},"content":{"rendered":"<p>Ori\u0123in\u0101la lietota deta\u013ca, iz\u0146emta no Volvo EW230C (2014)<br \/>\nOEM \u016bdens rezervu\u0101rs Volvo ekskavatoriem<br \/>\nPiln\u012bb\u0101 p\u0101rbaud\u012bts un gatavs uzst\u0101d\u012b\u0161anai<br \/>\nPieg\u0101de vis\u0101 pasaul\u0113.<br \/>\nSvars un izm\u0113ri pieg\u0101dei:<br \/>\n\u2022 Aptuveni 1 kg<br \/>\n\u2022 200 x 200 x 200 mm<br \/>\nKataloga numurs:<br \/>\n\u2022 VOE14571629<\/p>\n","protected":false},"excerpt":{"rendered":"<p>Cena bez PVN<\/p>\n<p>Ra\u017eot\u0101js: VOLVO<br \/>\nModelis: EW230C091<br \/>\nT\u0101lrunis: <a href=\"tel:+37060842988\">+37060842988<\/a><br \/>\nE-pasts: <a href=\"mailto:usedparts@kasima.lt\">usedparts@kasima.lt<\/a><\/p>\n","protected":false},"featured_media":86434,"template":"","meta":{"_et_pb_use_builder":"","_et_pb_old_content":"","_et_gb_content_width":"","_monsterinsights_skip_tracking":false,"_monsterinsights_sitenote_active":false,"_monsterinsights_sitenote_note":"","_monsterinsights_sitenote_category":0},"product_brand":[],"product_cat":[398,847,490,649,318,685,452],"product_tag":[],"class_list":{"0":"post-86448","1":"product","2":"type-product","3":"status-publish","4":"has-post-thumbnail","6":"product_cat-volvo-dalas","7":"product_cat-ew230c","8":"product_cat-elektronikas-dalas","9":"product_cat-degvielas-un-skidrumu-tvertnes","10":"product_cat-lietotas-dalas","11":"product_cat-ekskavatoru-dalas","12":"product_cat-celtniecibas-tehnikas-dalas","14":"first","15":"instock","16":"shipping-taxable","17":"purchasable","18":"product-type-simple"},"aioseo_notices":[],"_links":{"self":[{"href":"https:\/\/kasima.lt\/lv\/wp-json\/wp\/v2\/product\/86448","targetHints":{"allow":["GET"]}}],"collection":[{"href":"https:\/\/kasima.lt\/lv\/wp-json\/wp\/v2\/product"}],"about":[{"href":"https:\/\/kasima.lt\/lv\/wp-json\/wp\/v2\/types\/product"}],"wp:featuredmedia":[{"embeddable":true,"href":"https:\/\/kasima.lt\/lv\/wp-json\/wp\/v2\/media\/86434"}],"wp:attachment":[{"href":"https:\/\/kasima.lt\/lv\/wp-json\/wp\/v2\/media?parent=86448"}],"wp:term":[{"taxonomy":"product_brand","embeddable":true,"href":"https:\/\/kasima.lt\/lv\/wp-json\/wp\/v2\/product_brand?post=86448"},{"taxonomy":"product_cat","embeddable":true,"href":"https:\/\/kasima.lt\/lv\/wp-json\/wp\/v2\/product_cat?post=86448"},{"taxonomy":"product_tag","embeddable":true,"href":"https:\/\/kasima.lt\/lv\/wp-json\/wp\/v2\/product_tag?post=86448"}],"curies":[{"name":"wp","href":"https:\/\/api.w.org\/{rel}","templated":true}]}}