{"id":85594,"date":"2025-12-08T13:28:37","date_gmt":"2025-12-08T13:28:37","guid":{"rendered":"https:\/\/kasima.lt\/?post_type=product&#038;p=85594"},"modified":"2025-12-08T14:04:00","modified_gmt":"2025-12-08T14:04:00","slug":"wolverine-tiller-72-mini-iekraveja-zemes-freze-kopija","status":"publish","type":"product","link":"https:\/\/kasima.lt\/lv\/produktas\/wolverine-tiller-72-mini-iekraveja-zemes-freze-kopija\/","title":{"rendered":"Wolverine Tiller 72"},"content":{"rendered":"<p>SPECIFIK\u0100CIJAS:<br \/>\nKop\u0113jais platums: 218 cm.<br \/>\nFr\u0113z\u0113\u0161anas platums: 183 cm.<br \/>\nSvars: 260 kg.<br \/>\nFr\u0113z\u0113\u0161anas dzi\u013cums l\u012bdz 15 cm.<br \/>\nStandarta pl\u016bsma l\u012bdz 76 l\/min (High Flow nav nepiecie\u0161ama).<\/p>\n<p>PIEG\u0100DE:<br \/>\nMums ir produkts uz vietas, lai j\u016bs var\u0113tu ierasties un apskat\u012bt to kl\u0101tien\u0113.<br \/>\n\u0100tra pieg\u0101de uz j\u016bsu adresi.<br \/>\n&#8212;&#8212;&#8212;&#8212;&#8212;&#8212;&#8212;&#8212;&#8212;&#8212;&#8212;&#8212;&#8212;&#8212;&#8212;&#8212;&#8212;&#8212;&#8212;-<br \/>\nZemes fr\u0113z\u0113\u0161anas iek\u0101rta ir piem\u0113rota \u0161\u0101du z\u012bmolu iekr\u0101v\u0113ji: Bobcat, CAT, Gehl, Takeuchi, Manitou, Kamatsu, Wacker Nousen, Terex, New Holland, JCB, Mustang, CASE, EUROCOMACH, Doosan, Caterpillar un citi.<\/p>\n","protected":false},"excerpt":{"rendered":"<p>Cena bez PVN<\/p>\n<p>Ra\u017eot\u0101js: Wolverine<br \/>\nModelis: Tiller 72<br \/>\nZvans: <a href=\"tel:+37067607071\">+37067607071<\/a><br \/>\nE-pasts: <a href=\"mailto:sales@kasima.lt\">sales@kasima.lt<\/a><\/p>\n","protected":false},"featured_media":82459,"template":"","meta":{"_et_pb_use_builder":"","_et_pb_old_content":"","_et_gb_content_width":"","_monsterinsights_skip_tracking":false,"_monsterinsights_sitenote_active":false,"_monsterinsights_sitenote_note":"","_monsterinsights_sitenote_category":0},"product_brand":[],"product_cat":[153,154,155,151,179],"product_tag":[],"class_list":{"0":"post-85594","1":"product","2":"type-product","3":"status-publish","4":"has-post-thumbnail","6":"product_cat-15-3-tonnas","7":"product_cat-3-5-tonnas","8":"product_cat-jauns","9":"product_cat-mini-iekraveji","10":"product_cat-zemes-griezeji","12":"first","13":"instock","14":"shipping-taxable","15":"purchasable","16":"product-type-simple"},"aioseo_notices":[],"_links":{"self":[{"href":"https:\/\/kasima.lt\/lv\/wp-json\/wp\/v2\/product\/85594","targetHints":{"allow":["GET"]}}],"collection":[{"href":"https:\/\/kasima.lt\/lv\/wp-json\/wp\/v2\/product"}],"about":[{"href":"https:\/\/kasima.lt\/lv\/wp-json\/wp\/v2\/types\/product"}],"wp:featuredmedia":[{"embeddable":true,"href":"https:\/\/kasima.lt\/lv\/wp-json\/wp\/v2\/media\/82459"}],"wp:attachment":[{"href":"https:\/\/kasima.lt\/lv\/wp-json\/wp\/v2\/media?parent=85594"}],"wp:term":[{"taxonomy":"product_brand","embeddable":true,"href":"https:\/\/kasima.lt\/lv\/wp-json\/wp\/v2\/product_brand?post=85594"},{"taxonomy":"product_cat","embeddable":true,"href":"https:\/\/kasima.lt\/lv\/wp-json\/wp\/v2\/product_cat?post=85594"},{"taxonomy":"product_tag","embeddable":true,"href":"https:\/\/kasima.lt\/lv\/wp-json\/wp\/v2\/product_tag?post=85594"}],"curies":[{"name":"wp","href":"https:\/\/api.w.org\/{rel}","templated":true}]}}