{"id":85173,"date":"2025-12-08T07:14:12","date_gmt":"2025-12-08T07:14:12","guid":{"rendered":"https:\/\/kasima.lt\/produktas\/volvo-solenoidinis-voztuvas-19l14\/"},"modified":"2025-12-08T07:22:25","modified_gmt":"2025-12-08T07:22:25","slug":"volvo-solenoidinis-voztuvas-19l14","status":"publish","type":"product","link":"https:\/\/kasima.lt\/lv\/produktas\/volvo-solenoidinis-voztuvas-19l14\/","title":{"rendered":"Volvo elektromagn\u0113tiskais v\u0101rsts 19L14"},"content":{"rendered":"<p>Ori\u0123in\u0101la lietota deta\u013ca, iz\u0146emta no Volvo EW230C (2014)<br \/>\nOEM elektromagn\u0113tiskais v\u0101rsts Volvo ekskavatoriem<br \/>\nPiln\u012bb\u0101 p\u0101rbaud\u012bts un gatavs uzst\u0101d\u012b\u0161anai.<br \/>\nPieg\u0101de vis\u0101 pasaul\u0113.<br \/>\nSvars un izm\u0113ri pieg\u0101dei:<br \/>\n\u2022 aptuveni 1 kg<br \/>\n\u2022 200 x 200 x 100 mm<br \/>\nKataloga numurs:<br \/>\n\u2022 VOE14373391<\/p>\n","protected":false},"excerpt":{"rendered":"<p>Cena bez PVN<\/p>\n<p>Ra\u017eot\u0101js: VOLVO<br \/>\nModelis: EW230C045<br \/>\nT\u0101lrunis: <a href=\"tel:+37060842988\">+37060842988<\/a><br \/>\nE-pasts: <a href=\"mailto:usedparts@kasima.lt\">usedparts@kasima.lt<\/a><\/p>\n","protected":false},"featured_media":85169,"template":"","meta":{"_et_pb_use_builder":"","_et_pb_old_content":"","_et_gb_content_width":"","_monsterinsights_skip_tracking":false,"_monsterinsights_sitenote_active":false,"_monsterinsights_sitenote_note":"","_monsterinsights_sitenote_category":0},"product_brand":[],"product_cat":[398,847,490,633,318,685,452],"product_tag":[],"class_list":{"0":"post-85173","1":"product","2":"type-product","3":"status-publish","4":"has-post-thumbnail","6":"product_cat-volvo-dalas","7":"product_cat-ew230c","8":"product_cat-elektronikas-dalas","9":"product_cat-hidrauliskie-varsti","10":"product_cat-lietotas-dalas","11":"product_cat-ekskavatoru-dalas","12":"product_cat-celtniecibas-tehnikas-dalas","14":"first","15":"instock","16":"shipping-taxable","17":"purchasable","18":"product-type-simple"},"aioseo_notices":[],"_links":{"self":[{"href":"https:\/\/kasima.lt\/lv\/wp-json\/wp\/v2\/product\/85173","targetHints":{"allow":["GET"]}}],"collection":[{"href":"https:\/\/kasima.lt\/lv\/wp-json\/wp\/v2\/product"}],"about":[{"href":"https:\/\/kasima.lt\/lv\/wp-json\/wp\/v2\/types\/product"}],"wp:featuredmedia":[{"embeddable":true,"href":"https:\/\/kasima.lt\/lv\/wp-json\/wp\/v2\/media\/85169"}],"wp:attachment":[{"href":"https:\/\/kasima.lt\/lv\/wp-json\/wp\/v2\/media?parent=85173"}],"wp:term":[{"taxonomy":"product_brand","embeddable":true,"href":"https:\/\/kasima.lt\/lv\/wp-json\/wp\/v2\/product_brand?post=85173"},{"taxonomy":"product_cat","embeddable":true,"href":"https:\/\/kasima.lt\/lv\/wp-json\/wp\/v2\/product_cat?post=85173"},{"taxonomy":"product_tag","embeddable":true,"href":"https:\/\/kasima.lt\/lv\/wp-json\/wp\/v2\/product_tag?post=85173"}],"curies":[{"name":"wp","href":"https:\/\/api.w.org\/{rel}","templated":true}]}}