{"id":83820,"date":"2025-12-04T07:42:54","date_gmt":"2025-12-04T07:42:54","guid":{"rendered":"https:\/\/kasima.lt\/produktas\/volvo-d6e-ehe3-variklis\/"},"modified":"2025-12-04T07:48:32","modified_gmt":"2025-12-04T07:48:32","slug":"volvo-d6e-ehe3-variklis","status":"publish","type":"product","link":"https:\/\/kasima.lt\/lv\/produktas\/volvo-d6e-ehe3-variklis\/","title":{"rendered":"Volvo D6E EHE3 dzin\u0113js"},"content":{"rendered":"<p>Ori\u0123in\u0101ls lietots dzin\u0113js, iz\u0146emts no Volvo EW230C<br \/>\nOEM dzin\u0113js Volvo ekskavatoriem<br \/>\nPiln\u012bb\u0101 p\u0101rbaud\u012bts un gatavs uzst\u0101d\u012b\u0161anai.<br \/>\nPieg\u0101de vis\u0101 pasaul\u0113.<br \/>\nSvars un izm\u0113ri transport\u0113\u0161anai:<br \/>\n\u2022 aptuveni 500 kg<br \/>\n\u2022 1200 x 800 x 1000 mm<br \/>\nKataloga numurs:<br \/>\n\u2022 VOE14387500<br \/>\n\u2022 C3GI129<br \/>\n\u2022 11611406<br \/>\n\u2022 17216527<br \/>\n\u2022 129,5\/174 kW\/HP<br \/>\n\u2022 2000 apgr.\/min<\/p>\n","protected":false},"excerpt":{"rendered":"<p>Cena bez PVN<\/p>\n<p>Ra\u017eot\u0101js: VOLVO<br \/>\nModelis: EW230C001<br \/>\nT\u0101lrunis: <a href=\"tel:+37060842988\">+37060842988<\/a><br \/>\nE-pasts: <a href=\"mailto:usedparts@kasima.lt\">usedparts@kasima.lt<\/a><\/p>\n","protected":false},"featured_media":83691,"template":"","meta":{"_et_pb_use_builder":"","_et_pb_old_content":"","_et_gb_content_width":"","_monsterinsights_skip_tracking":false,"_monsterinsights_sitenote_active":false,"_monsterinsights_sitenote_note":"","_monsterinsights_sitenote_category":0},"product_brand":[],"product_cat":[398,847,318,685,452,721,729],"product_tag":[],"class_list":{"0":"post-83820","1":"product","2":"type-product","3":"status-publish","4":"has-post-thumbnail","6":"product_cat-volvo-dalas","7":"product_cat-ew230c","8":"product_cat-lietotas-dalas","9":"product_cat-ekskavatoru-dalas","10":"product_cat-celtniecibas-tehnikas-dalas","11":"product_cat-motora-dalas","12":"product_cat-motori-un-to-detalas","14":"first","15":"instock","16":"shipping-taxable","17":"purchasable","18":"product-type-simple"},"aioseo_notices":[],"_links":{"self":[{"href":"https:\/\/kasima.lt\/lv\/wp-json\/wp\/v2\/product\/83820","targetHints":{"allow":["GET"]}}],"collection":[{"href":"https:\/\/kasima.lt\/lv\/wp-json\/wp\/v2\/product"}],"about":[{"href":"https:\/\/kasima.lt\/lv\/wp-json\/wp\/v2\/types\/product"}],"wp:featuredmedia":[{"embeddable":true,"href":"https:\/\/kasima.lt\/lv\/wp-json\/wp\/v2\/media\/83691"}],"wp:attachment":[{"href":"https:\/\/kasima.lt\/lv\/wp-json\/wp\/v2\/media?parent=83820"}],"wp:term":[{"taxonomy":"product_brand","embeddable":true,"href":"https:\/\/kasima.lt\/lv\/wp-json\/wp\/v2\/product_brand?post=83820"},{"taxonomy":"product_cat","embeddable":true,"href":"https:\/\/kasima.lt\/lv\/wp-json\/wp\/v2\/product_cat?post=83820"},{"taxonomy":"product_tag","embeddable":true,"href":"https:\/\/kasima.lt\/lv\/wp-json\/wp\/v2\/product_tag?post=83820"}],"curies":[{"name":"wp","href":"https:\/\/api.w.org\/{rel}","templated":true}]}}